{"id":2138,"date":"2025-06-30T08:40:04","date_gmt":"2025-06-30T08:40:04","guid":{"rendered":"https:\/\/pojemnik.net.pl\/pl\/?post_type=product&#038;p=2138"},"modified":"2025-07-02T10:30:48","modified_gmt":"2025-07-02T10:30:48","slug":"pojemnik-pelny-metalowy-o-wym-1200x800x800-mm","status":"publish","type":"product","link":"https:\/\/pojemnik.net.pl\/pl\/produkt\/pojemnik-pelny-metalowy-o-wym-1200x800x800-mm\/","title":{"rendered":"Pojemnik pe\u0142ny metalowy o wym. 1200x800x800 mm"},"content":{"rendered":"<p>Pojemnik wykonany z blachy o grubo\u015bci 3 mm , spawany na szczelno\u015b\u0107. Klapa na zawiasach \u2013 blacha # 1,5 mm\u00a0 wraz z uszczelk\u0105 . Wewn\u0105trz pojemnika jest wk\u0142ad z blachy nierdzewnej o grubo\u015bci 1,5 mm. Pojemnik posiada kana\u0142y do transportu w\u00f3zkiem wid\u0142owym. Orientacyjna waga oko\u0142o 200 kg. S\u0142u\u017cy do transportu substancji niebezpiecznych.<\/p>\n","protected":false},"excerpt":{"rendered":"<p><strong>Wymiary: 1200x800x800 mm.<\/strong><br \/>\n<strong>Waga ok. 200kg,<\/strong><\/p>\n<p><strong>* Podana cena jest cen\u0105 orientacyjn\u0105. Dok\u0142adna cena jest ustalana z klientem i jest uzale\u017cniona od takich czynnik\u00f3w jak: no\u015bno\u015b\u0107, u\u017cyte materia\u0142y, wyko\u0144czenie (np. malowanie natryskowe\/ elektrostatyczne\/ cynkowanie\/)\u2026<\/strong><\/p>\n","protected":false},"featured_media":2142,"template":"","meta":{"_uag_custom_page_level_css":"","site-sidebar-layout":"default","site-content-layout":"","ast-site-content-layout":"default","site-content-style":"default","site-sidebar-style":"default","ast-global-header-display":"","ast-banner-title-visibility":"","ast-main-header-display":"","ast-hfb-above-header-display":"","ast-hfb-below-header-display":"","ast-hfb-mobile-header-display":"","site-post-title":"","ast-breadcrumbs-content":"","ast-featured-img":"","footer-sml-layout":"","theme-transparent-header-meta":"default","adv-header-id-meta":"","stick-header-meta":"","header-above-stick-meta":"","header-main-stick-meta":"","header-below-stick-meta":"","astra-migrate-meta-layouts":"set","ast-page-background-enabled":"default","ast-page-background-meta":{"desktop":{"background-color":"var(--ast-global-color-4)","background-image":"","background-repeat":"repeat","background-position":"center center","background-size":"auto","background-attachment":"scroll","background-type":"","background-media":"","overlay-type":"","overlay-color":"","overlay-gradient":""},"tablet":{"background-color":"","background-image":"","background-repeat":"repeat","background-position":"center center","background-size":"auto","background-attachment":"scroll","background-type":"","background-media":"","overlay-type":"","overlay-color":"","overlay-gradient":""},"mobile":{"background-color":"","background-image":"","background-repeat":"repeat","background-position":"center center","background-size":"auto","background-attachment":"scroll","background-type":"","background-media":"","overlay-type":"","overlay-color":"","overlay-gradient":""}},"ast-content-background-meta":{"desktop":{"background-color":"var(--ast-global-color-5)","background-image":"","background-repeat":"repeat","background-position":"center center","background-size":"auto","background-attachment":"scroll","background-type":"","background-media":"","overlay-type":"","overlay-color":"","overlay-gradient":""},"tablet":{"background-color":"var(--ast-global-color-5)","background-image":"","background-repeat":"repeat","background-position":"center center","background-size":"auto","background-attachment":"scroll","background-type":"","background-media":"","overlay-type":"","overlay-color":"","overlay-gradient":""},"mobile":{"background-color":"var(--ast-global-color-5)","background-image":"","background-repeat":"repeat","background-position":"center center","background-size":"auto","background-attachment":"scroll","background-type":"","background-media":"","overlay-type":"","overlay-color":"","overlay-gradient":""}}},"product_cat":[22,40],"product_tag":[],"uagb_featured_image_src":{"full":["https:\/\/pojemnik.net.pl\/pl\/wp-content\/uploads\/2025\/06\/Bat-2.webp",1920,1440,false],"thumbnail":["https:\/\/pojemnik.net.pl\/pl\/wp-content\/uploads\/2025\/06\/Bat-2-150x150.webp",150,150,true],"medium":["https:\/\/pojemnik.net.pl\/pl\/wp-content\/uploads\/2025\/06\/Bat-2-300x225.webp",300,225,true],"medium_large":["https:\/\/pojemnik.net.pl\/pl\/wp-content\/uploads\/2025\/06\/Bat-2-768x576.webp",768,576,true],"large":["https:\/\/pojemnik.net.pl\/pl\/wp-content\/uploads\/2025\/06\/Bat-2-1024x768.webp",1024,768,true],"1536x1536":["https:\/\/pojemnik.net.pl\/pl\/wp-content\/uploads\/2025\/06\/Bat-2-1536x1152.webp",1536,1152,true],"2048x2048":["https:\/\/pojemnik.net.pl\/pl\/wp-content\/uploads\/2025\/06\/Bat-2.webp",1920,1440,false],"woocommerce_thumbnail":["https:\/\/pojemnik.net.pl\/pl\/wp-content\/uploads\/2025\/06\/Bat-2-300x300.webp",300,300,true],"woocommerce_single":["https:\/\/pojemnik.net.pl\/pl\/wp-content\/uploads\/2025\/06\/Bat-2-600x450.webp",600,450,true],"woocommerce_gallery_thumbnail":["https:\/\/pojemnik.net.pl\/pl\/wp-content\/uploads\/2025\/06\/Bat-2-100x100.webp",100,100,true]},"uagb_author_info":{"display_name":"wenet","author_link":"https:\/\/pojemnik.net.pl\/pl\/author\/"},"uagb_comment_info":0,"uagb_excerpt":"Wymiary: 1200x800x800 mm. Waga ok. 200kg, * Podana cena jest cen\u0105 orientacyjn\u0105. Dok\u0142adna cena jest ustalana z klientem i jest uzale\u017cniona od takich czynnik\u00f3w jak: no\u015bno\u015b\u0107, u\u017cyte materia\u0142y, wyko\u0144czenie (np. malowanie natryskowe\/ elektrostatyczne\/ cynkowanie\/)\u2026","_links":{"self":[{"href":"https:\/\/pojemnik.net.pl\/pl\/wp-json\/wp\/v2\/product\/2138"}],"collection":[{"href":"https:\/\/pojemnik.net.pl\/pl\/wp-json\/wp\/v2\/product"}],"about":[{"href":"https:\/\/pojemnik.net.pl\/pl\/wp-json\/wp\/v2\/types\/product"}],"wp:featuredmedia":[{"embeddable":true,"href":"https:\/\/pojemnik.net.pl\/pl\/wp-json\/wp\/v2\/media\/2142"}],"wp:attachment":[{"href":"https:\/\/pojemnik.net.pl\/pl\/wp-json\/wp\/v2\/media?parent=2138"}],"wp:term":[{"taxonomy":"product_cat","embeddable":true,"href":"https:\/\/pojemnik.net.pl\/pl\/wp-json\/wp\/v2\/product_cat?post=2138"},{"taxonomy":"product_tag","embeddable":true,"href":"https:\/\/pojemnik.net.pl\/pl\/wp-json\/wp\/v2\/product_tag?post=2138"}],"curies":[{"name":"wp","href":"https:\/\/api.w.org\/{rel}","templated":true}]}}