{"id":1553,"date":"2024-05-10T12:59:34","date_gmt":"2024-05-10T12:59:34","guid":{"rendered":"https:\/\/pojemnik.net.pl\/pl\/?post_type=product&#038;p=1553"},"modified":"2024-07-11T07:21:33","modified_gmt":"2024-07-11T07:21:33","slug":"wozek-na-kolach-1200x800x1000-mm","status":"publish","type":"product","link":"https:\/\/pojemnik.net.pl\/pl\/produkt\/wozek-na-kolach-1200x800x1000-mm\/","title":{"rendered":"W\u00f3zek na ko\u0142ach 1200x800x1000 mm"},"content":{"rendered":"<p><strong>W\u00f3zek na ko\u0142ach<\/strong> o wymiarach 1200x800x1000 mm to wszechstronne narz\u0119dzie dotransportu materia\u0142\u00f3w w r\u00f3\u017cnych \u015brodowiskach przemys\u0142owych. Dzi\u0119ki solidnej konstrukcji i praktycznemu designowi, w\u00f3zek ten doskonale sprawdza si\u0119 w magazynach, halach produkcyjnych i innych miejscach pracy. <\/p>\n<p>Charakteryzuje si\u0119 wag\u0105 50 kg oraz imponuj\u0105c\u0105 no\u015bno\u015bci\u0105 do 1000 kg, co czyni go idealnym rozwi\u0105zaniem do przenoszenia ci\u0119\u017ckich \u0142adunk\u00f3w. W\u00f3zek zosta\u0142 wyposa\u017cony w przedni\u0105 burt\u0119 uchyln\u0105, co u\u0142atwia za\u0142adunek i roz\u0142adunek materia\u0142\u00f3w oraz zapewnia \u0142atwy dost\u0119p do przechowywanych przedmiot\u00f3w.<\/p>\n<p>Dzi\u0119ki swoim solidnym ko\u0142om i wytrzyma\u0142ej konstrukcji, <strong>w\u00f3zek na ko\u0142ach<\/strong> 1200x800x1000 mm jest niezast\u0105pionym narz\u0119dziem w codziennej pracy przemys\u0142owej, zapewniaj\u0105c wygodny i bezpieczny transport r\u00f3\u017cnorodnych materia\u0142\u00f3w.<\/p>\n<p><strong><em>Kontener mo\u017ce mie\u0107 zamontowane ko\u0142a o r\u00f3\u017cnych \u015brednicach np.; fi 100mm, fi 125<\/em><\/strong><br \/>\n<strong><em>mm, fi 160mm,fi 200 mm. Ko\u0142a mog\u0105 posiada\u0107 r\u00f3\u017cn\u0105 bie\u017cni\u0119 np.; czarna guma ,<\/em><\/strong><br \/>\n<strong><em>poliuretan, poliamid . Ko\u0142a z hamulcem , obrotowe lub sta\u0142e. Wyb\u00f3r nale\u017cy do klienta.<\/em><\/strong><\/p>\n","protected":false},"excerpt":{"rendered":"<p><strong> Wymiary: 1200x800x1000 mm.<\/strong><br \/>\n<strong>Waga 50kg,<\/strong><br \/>\n<strong>No\u015bno\u015b\u0107 1000 kg<\/strong><br \/>\n<strong>Przednia burta uchylna<\/strong><\/p>\n<p><strong>* Podana cena jest cen\u0105 orientacyjn\u0105. Dok\u0142adna cena jest ustalana z klientem i jest uzale\u017cniona od takich czynnik\u00f3w jak: no\u015bno\u015b\u0107, u\u017cyte materia\u0142y, wyko\u0144czenie (np. malowanie natryskowe\/ elektrostatyczne\/ cynkowanie\/)&#8230;<\/strong><\/p>\n","protected":false},"featured_media":1554,"template":"","meta":{"_uag_custom_page_level_css":"","site-sidebar-layout":"default","site-content-layout":"","ast-site-content-layout":"default","site-content-style":"default","site-sidebar-style":"default","ast-global-header-display":"","ast-banner-title-visibility":"","ast-main-header-display":"","ast-hfb-above-header-display":"","ast-hfb-below-header-display":"","ast-hfb-mobile-header-display":"","site-post-title":"","ast-breadcrumbs-content":"","ast-featured-img":"","footer-sml-layout":"","theme-transparent-header-meta":"default","adv-header-id-meta":"","stick-header-meta":"","header-above-stick-meta":"","header-main-stick-meta":"","header-below-stick-meta":"","astra-migrate-meta-layouts":"set","ast-page-background-enabled":"default","ast-page-background-meta":{"desktop":{"background-color":"var(--ast-global-color-4)","background-image":"","background-repeat":"repeat","background-position":"center center","background-size":"auto","background-attachment":"scroll","background-type":"","background-media":"","overlay-type":"","overlay-color":"","overlay-gradient":""},"tablet":{"background-color":"","background-image":"","background-repeat":"repeat","background-position":"center center","background-size":"auto","background-attachment":"scroll","background-type":"","background-media":"","overlay-type":"","overlay-color":"","overlay-gradient":""},"mobile":{"background-color":"","background-image":"","background-repeat":"repeat","background-position":"center center","background-size":"auto","background-attachment":"scroll","background-type":"","background-media":"","overlay-type":"","overlay-color":"","overlay-gradient":""}},"ast-content-background-meta":{"desktop":{"background-color":"var(--ast-global-color-5)","background-image":"","background-repeat":"repeat","background-position":"center center","background-size":"auto","background-attachment":"scroll","background-type":"","background-media":"","overlay-type":"","overlay-color":"","overlay-gradient":""},"tablet":{"background-color":"var(--ast-global-color-5)","background-image":"","background-repeat":"repeat","background-position":"center center","background-size":"auto","background-attachment":"scroll","background-type":"","background-media":"","overlay-type":"","overlay-color":"","overlay-gradient":""},"mobile":{"background-color":"var(--ast-global-color-5)","background-image":"","background-repeat":"repeat","background-position":"center center","background-size":"auto","background-attachment":"scroll","background-type":"","background-media":"","overlay-type":"","overlay-color":"","overlay-gradient":""}}},"product_cat":[23],"product_tag":[32,36],"uagb_featured_image_src":{"full":["https:\/\/pojemnik.net.pl\/pl\/wp-content\/uploads\/2024\/05\/85.jpg",600,600,false],"thumbnail":["https:\/\/pojemnik.net.pl\/pl\/wp-content\/uploads\/2024\/05\/85-150x150.jpg",150,150,true],"medium":["https:\/\/pojemnik.net.pl\/pl\/wp-content\/uploads\/2024\/05\/85-300x300.jpg",300,300,true],"medium_large":["https:\/\/pojemnik.net.pl\/pl\/wp-content\/uploads\/2024\/05\/85.jpg",600,600,false],"large":["https:\/\/pojemnik.net.pl\/pl\/wp-content\/uploads\/2024\/05\/85.jpg",600,600,false],"1536x1536":["https:\/\/pojemnik.net.pl\/pl\/wp-content\/uploads\/2024\/05\/85.jpg",600,600,false],"2048x2048":["https:\/\/pojemnik.net.pl\/pl\/wp-content\/uploads\/2024\/05\/85.jpg",600,600,false],"woocommerce_thumbnail":["https:\/\/pojemnik.net.pl\/pl\/wp-content\/uploads\/2024\/05\/85-300x300.jpg",300,300,true],"woocommerce_single":["https:\/\/pojemnik.net.pl\/pl\/wp-content\/uploads\/2024\/05\/85.jpg",600,600,false],"woocommerce_gallery_thumbnail":["https:\/\/pojemnik.net.pl\/pl\/wp-content\/uploads\/2024\/05\/85-100x100.jpg",100,100,true]},"uagb_author_info":{"display_name":"admin","author_link":"https:\/\/pojemnik.net.pl\/pl\/author\/"},"uagb_comment_info":0,"uagb_excerpt":"Wymiary: 1200x800x1000 mm. Waga 50kg, No\u015bno\u015b\u0107 1000 kg Przednia burta uchylna * Podana cena jest cen\u0105 orientacyjn\u0105. Dok\u0142adna cena jest ustalana z klientem i jest uzale\u017cniona od takich czynnik\u00f3w jak: no\u015bno\u015b\u0107, u\u017cyte materia\u0142y, wyko\u0144czenie (np. malowanie natryskowe\/ elektrostatyczne\/ cynkowanie\/)...","_links":{"self":[{"href":"https:\/\/pojemnik.net.pl\/pl\/wp-json\/wp\/v2\/product\/1553"}],"collection":[{"href":"https:\/\/pojemnik.net.pl\/pl\/wp-json\/wp\/v2\/product"}],"about":[{"href":"https:\/\/pojemnik.net.pl\/pl\/wp-json\/wp\/v2\/types\/product"}],"wp:featuredmedia":[{"embeddable":true,"href":"https:\/\/pojemnik.net.pl\/pl\/wp-json\/wp\/v2\/media\/1554"}],"wp:attachment":[{"href":"https:\/\/pojemnik.net.pl\/pl\/wp-json\/wp\/v2\/media?parent=1553"}],"wp:term":[{"taxonomy":"product_cat","embeddable":true,"href":"https:\/\/pojemnik.net.pl\/pl\/wp-json\/wp\/v2\/product_cat?post=1553"},{"taxonomy":"product_tag","embeddable":true,"href":"https:\/\/pojemnik.net.pl\/pl\/wp-json\/wp\/v2\/product_tag?post=1553"}],"curies":[{"name":"wp","href":"https:\/\/api.w.org\/{rel}","templated":true}]}}