{"id":1538,"date":"2024-05-10T12:48:04","date_gmt":"2024-05-10T12:48:04","guid":{"rendered":"https:\/\/pojemnik.net.pl\/pl\/?post_type=product&#038;p=1538"},"modified":"2024-07-11T07:18:32","modified_gmt":"2024-07-11T07:18:32","slug":"pojemnik-siatkowy-1230x810x950-mm","status":"publish","type":"product","link":"https:\/\/pojemnik.net.pl\/pl\/produkt\/pojemnik-siatkowy-1230x810x950-mm\/","title":{"rendered":"Pojemnik siatkowy 1230x810x950 mm"},"content":{"rendered":"<p><strong>Pojemnik siatkowy<\/strong> o wymiarach 1230x810x950 mm to solidne i praktyczne rozwi\u0105zanie do przechowywania i transportu r\u00f3\u017cnorodnych materia\u0142\u00f3w w przemy\u015ble. Dzi\u0119ki swojej solidnej konstrukcji i funkcjonalnemu designowi, pojemnik ten doskonale sprawdza si\u0119 w r\u00f3\u017cnych zastosowaniach.<\/p>\n<p>Charakteryzuje si\u0119 wag\u0105 65 kg oraz imponuj\u0105c\u0105 no\u015bno\u015bci\u0105 do 1000 kg, co czyni go idealnym narz\u0119dziem do przechowywania i transportu materia\u0142\u00f3w o r\u00f3\u017cnej wadze.<\/p>\n<p>Pojemnik zosta\u0142 wyposa\u017cony w przedni\u0105 burt\u0119 w po\u0142owie uchyln\u0105, co u\u0142atwia dost\u0119p do przechowywanych materia\u0142\u00f3w oraz manipulacj\u0119 nimi. Dodatkowo, pod\u0142oga pojemnika mo\u017ce by\u0107 wykonana z desek lub metalowa, co zapewnia odpowiedni\u0105 trwa\u0142o\u015b\u0107 i stabilno\u015b\u0107 podczas przechowywania i transportu.<\/p>\n<p>Dzi\u0119ki swojej solidnej konstrukcji i praktycznym rozwi\u0105zaniom, <strong>pojemnik siatkowy<\/strong> 1230x810x950 mm doskonale sprawdzi si\u0119 w magazynach, halach produkcyjnych oraz wsz\u0119dzie tam, gdzie potrzebne jest skuteczne i bezpieczne przechowywanie oraz transport materia\u0142\u00f3w.<\/p>\n","protected":false},"excerpt":{"rendered":"<p><strong>Wymiary: 1230x810x950 mm.<\/strong><br \/>\n<strong>Waga 65kg,<\/strong><br \/>\n<strong>No\u015bno\u015b\u0107 1000 kg<\/strong><br \/>\n<strong>Pojemnik posiada przedni\u0105 burt\u0119 w po\u0142owie uchyln\u0105, pod\u0142oga z desek lub metalowa<\/strong><\/p>\n<p><strong>* Podana cena jest cen\u0105 orientacyjn\u0105. Dok\u0142adna cena jest ustalana z klientem i jest uzale\u017cniona od takich czynnik\u00f3w jak: no\u015bno\u015b\u0107, u\u017cyte materia\u0142y, wyko\u0144czenie (np. malowanie natryskowe\/ elektrostatyczne\/ cynkowanie\/)&#8230;<\/strong><\/p>\n","protected":false},"featured_media":1539,"template":"","meta":{"_uag_custom_page_level_css":"","site-sidebar-layout":"default","site-content-layout":"","ast-site-content-layout":"default","site-content-style":"default","site-sidebar-style":"default","ast-global-header-display":"","ast-banner-title-visibility":"","ast-main-header-display":"","ast-hfb-above-header-display":"","ast-hfb-below-header-display":"","ast-hfb-mobile-header-display":"","site-post-title":"","ast-breadcrumbs-content":"","ast-featured-img":"","footer-sml-layout":"","theme-transparent-header-meta":"default","adv-header-id-meta":"","stick-header-meta":"","header-above-stick-meta":"","header-main-stick-meta":"","header-below-stick-meta":"","astra-migrate-meta-layouts":"set","ast-page-background-enabled":"default","ast-page-background-meta":{"desktop":{"background-color":"var(--ast-global-color-4)","background-image":"","background-repeat":"repeat","background-position":"center center","background-size":"auto","background-attachment":"scroll","background-type":"","background-media":"","overlay-type":"","overlay-color":"","overlay-gradient":""},"tablet":{"background-color":"","background-image":"","background-repeat":"repeat","background-position":"center center","background-size":"auto","background-attachment":"scroll","background-type":"","background-media":"","overlay-type":"","overlay-color":"","overlay-gradient":""},"mobile":{"background-color":"","background-image":"","background-repeat":"repeat","background-position":"center center","background-size":"auto","background-attachment":"scroll","background-type":"","background-media":"","overlay-type":"","overlay-color":"","overlay-gradient":""}},"ast-content-background-meta":{"desktop":{"background-color":"var(--ast-global-color-5)","background-image":"","background-repeat":"repeat","background-position":"center center","background-size":"auto","background-attachment":"scroll","background-type":"","background-media":"","overlay-type":"","overlay-color":"","overlay-gradient":""},"tablet":{"background-color":"var(--ast-global-color-5)","background-image":"","background-repeat":"repeat","background-position":"center center","background-size":"auto","background-attachment":"scroll","background-type":"","background-media":"","overlay-type":"","overlay-color":"","overlay-gradient":""},"mobile":{"background-color":"var(--ast-global-color-5)","background-image":"","background-repeat":"repeat","background-position":"center center","background-size":"auto","background-attachment":"scroll","background-type":"","background-media":"","overlay-type":"","overlay-color":"","overlay-gradient":""}}},"product_cat":[23],"product_tag":[32],"uagb_featured_image_src":{"full":["https:\/\/pojemnik.net.pl\/pl\/wp-content\/uploads\/2024\/05\/77.jpg",600,600,false],"thumbnail":["https:\/\/pojemnik.net.pl\/pl\/wp-content\/uploads\/2024\/05\/77-150x150.jpg",150,150,true],"medium":["https:\/\/pojemnik.net.pl\/pl\/wp-content\/uploads\/2024\/05\/77-300x300.jpg",300,300,true],"medium_large":["https:\/\/pojemnik.net.pl\/pl\/wp-content\/uploads\/2024\/05\/77.jpg",600,600,false],"large":["https:\/\/pojemnik.net.pl\/pl\/wp-content\/uploads\/2024\/05\/77.jpg",600,600,false],"1536x1536":["https:\/\/pojemnik.net.pl\/pl\/wp-content\/uploads\/2024\/05\/77.jpg",600,600,false],"2048x2048":["https:\/\/pojemnik.net.pl\/pl\/wp-content\/uploads\/2024\/05\/77.jpg",600,600,false],"woocommerce_thumbnail":["https:\/\/pojemnik.net.pl\/pl\/wp-content\/uploads\/2024\/05\/77-300x300.jpg",300,300,true],"woocommerce_single":["https:\/\/pojemnik.net.pl\/pl\/wp-content\/uploads\/2024\/05\/77.jpg",600,600,false],"woocommerce_gallery_thumbnail":["https:\/\/pojemnik.net.pl\/pl\/wp-content\/uploads\/2024\/05\/77-100x100.jpg",100,100,true]},"uagb_author_info":{"display_name":"admin","author_link":"https:\/\/pojemnik.net.pl\/pl\/author\/"},"uagb_comment_info":0,"uagb_excerpt":"Wymiary: 1230x810x950 mm. Waga 65kg, No\u015bno\u015b\u0107 1000 kg Pojemnik posiada przedni\u0105 burt\u0119 w po\u0142owie uchyln\u0105, pod\u0142oga z desek lub metalowa * Podana cena jest cen\u0105 orientacyjn\u0105. Dok\u0142adna cena jest ustalana z klientem i jest uzale\u017cniona od takich czynnik\u00f3w jak: no\u015bno\u015b\u0107, u\u017cyte materia\u0142y, wyko\u0144czenie (np. malowanie natryskowe\/ elektrostatyczne\/ cynkowanie\/)...","_links":{"self":[{"href":"https:\/\/pojemnik.net.pl\/pl\/wp-json\/wp\/v2\/product\/1538"}],"collection":[{"href":"https:\/\/pojemnik.net.pl\/pl\/wp-json\/wp\/v2\/product"}],"about":[{"href":"https:\/\/pojemnik.net.pl\/pl\/wp-json\/wp\/v2\/types\/product"}],"wp:featuredmedia":[{"embeddable":true,"href":"https:\/\/pojemnik.net.pl\/pl\/wp-json\/wp\/v2\/media\/1539"}],"wp:attachment":[{"href":"https:\/\/pojemnik.net.pl\/pl\/wp-json\/wp\/v2\/media?parent=1538"}],"wp:term":[{"taxonomy":"product_cat","embeddable":true,"href":"https:\/\/pojemnik.net.pl\/pl\/wp-json\/wp\/v2\/product_cat?post=1538"},{"taxonomy":"product_tag","embeddable":true,"href":"https:\/\/pojemnik.net.pl\/pl\/wp-json\/wp\/v2\/product_tag?post=1538"}],"curies":[{"name":"wp","href":"https:\/\/api.w.org\/{rel}","templated":true}]}}