{"id":1534,"date":"2024-05-10T12:44:13","date_gmt":"2024-05-10T12:44:13","guid":{"rendered":"https:\/\/pojemnik.net.pl\/pl\/?post_type=product&#038;p=1534"},"modified":"2024-07-11T07:15:51","modified_gmt":"2024-07-11T07:15:51","slug":"pojemnik-siatkowy-1200x800x1800-mm","status":"publish","type":"product","link":"https:\/\/pojemnik.net.pl\/pl\/produkt\/pojemnik-siatkowy-1200x800x1800-mm\/","title":{"rendered":"Pojemnik siatkowy 1200x800x1800 mm"},"content":{"rendered":"<p><strong>Pojemnik siatkowy<\/strong> o wymiarach 1200x800x1800 mm to praktyczne i wytrzyma\u0142e rozwi\u0105zanie do przechowywania i transportu r\u00f3\u017cnorodnych materia\u0142\u00f3w w przemy\u015ble. Dzi\u0119ki swojej solidnej konstrukcji i funkcjonalnemu designowi, pojemnik ten doskonale sprawdza si\u0119 w r\u00f3\u017cnych zastosowaniach.<\/p>\n<p>Charakteryzuje si\u0119 wag\u0105 75 kg oraz no\u015bno\u015bci\u0105 do 500 kg, co czyni go odpowiednim do przechowywania i transportu materia\u0142\u00f3w o r\u00f3\u017cnej wadze.<\/p>\n<p>Pojemnik zosta\u0142 wyposa\u017cony w ko\u0142a o \u015brednicy 100 mm, co u\u0142atwia jego przemieszczanie na terenie zak\u0142adu czy magazynu. Dodatkowo, jest cynkowany, co<br \/>\nzapewnia trwa\u0142\u0105 ochron\u0119 przed korozj\u0105 i zwi\u0119ksza jego trwa\u0142o\u015b\u0107 w r\u00f3\u017cnych warunkach \u015brodowiskowych.<\/p>\n<p>\u015aciana przednia pojemnika zosta\u0142a podzielona na po\u0142ow\u0119 i jest ca\u0142kowicie demontowalna, co u\u0142atwia dost\u0119p do przechowywanych materia\u0142\u00f3w oraz manipulacj\u0119 nimi.<\/p>\n<p>Dzi\u0119ki swojej solidnej konstrukcji i praktycznym rozwi\u0105zaniom, <strong>pojemnik siatkowy<\/strong> 1200x800x1800 mm doskonale sprawdzi si\u0119 w magazynach, halach produkcyjnych oraz wsz\u0119dzie tam, gdzie potrzebne jest skuteczne i bezpieczne przechowywanie oraz transport materia\u0142\u00f3w.<\/p>\n<p><strong><em>Kontener mo\u017ce mie\u0107 zamontowane ko\u0142a o r\u00f3\u017cnych \u015brednicach np.; fi 100mm, fi 125<\/em><\/strong><br \/>\n<strong><em>mm, fi 160mm,fi 200 mm. Ko\u0142a mog\u0105 posiada\u0107 r\u00f3\u017cn\u0105 bie\u017cni\u0119 np.; czarna guma ,<\/em><\/strong><br \/>\n<strong><em>poliuretan, poliamid . Ko\u0142a z hamulcem , obrotowe lub sta\u0142e. Wyb\u00f3r nale\u017cy do klienta.<\/em><\/strong><\/p>\n","protected":false},"excerpt":{"rendered":"<p><strong>Wymiary: 1200x800x1800 mm.<\/strong><br \/>\n<strong>Waga 75kg,<\/strong><br \/>\n<strong>No\u015bno\u015b\u0107 500 kg<\/strong><br \/>\n<strong>Pojemnik na ko\u0142ach O100, cynkowany, \u015bciana przednia dzielona na po\u0142ow\u0119, ca\u0142kowicie<\/strong><br \/>\n<strong>demontowalna<\/strong><\/p>\n<p><strong>* Podana cena jest cen\u0105 orientacyjn\u0105. Dok\u0142adna cena jest ustalana z klientem i jest uzale\u017cniona od takich czynnik\u00f3w jak: no\u015bno\u015b\u0107, u\u017cyte materia\u0142y, wyko\u0144czenie (np. malowanie natryskowe\/ elektrostatyczne\/ cynkowanie\/)&#8230;<\/strong><\/p>\n","protected":false},"featured_media":1535,"template":"","meta":{"_uag_custom_page_level_css":"","site-sidebar-layout":"default","site-content-layout":"","ast-site-content-layout":"default","site-content-style":"default","site-sidebar-style":"default","ast-global-header-display":"","ast-banner-title-visibility":"","ast-main-header-display":"","ast-hfb-above-header-display":"","ast-hfb-below-header-display":"","ast-hfb-mobile-header-display":"","site-post-title":"","ast-breadcrumbs-content":"","ast-featured-img":"","footer-sml-layout":"","theme-transparent-header-meta":"default","adv-header-id-meta":"","stick-header-meta":"","header-above-stick-meta":"","header-main-stick-meta":"","header-below-stick-meta":"","astra-migrate-meta-layouts":"set","ast-page-background-enabled":"default","ast-page-background-meta":{"desktop":{"background-color":"var(--ast-global-color-4)","background-image":"","background-repeat":"repeat","background-position":"center center","background-size":"auto","background-attachment":"scroll","background-type":"","background-media":"","overlay-type":"","overlay-color":"","overlay-gradient":""},"tablet":{"background-color":"","background-image":"","background-repeat":"repeat","background-position":"center center","background-size":"auto","background-attachment":"scroll","background-type":"","background-media":"","overlay-type":"","overlay-color":"","overlay-gradient":""},"mobile":{"background-color":"","background-image":"","background-repeat":"repeat","background-position":"center center","background-size":"auto","background-attachment":"scroll","background-type":"","background-media":"","overlay-type":"","overlay-color":"","overlay-gradient":""}},"ast-content-background-meta":{"desktop":{"background-color":"var(--ast-global-color-5)","background-image":"","background-repeat":"repeat","background-position":"center center","background-size":"auto","background-attachment":"scroll","background-type":"","background-media":"","overlay-type":"","overlay-color":"","overlay-gradient":""},"tablet":{"background-color":"var(--ast-global-color-5)","background-image":"","background-repeat":"repeat","background-position":"center center","background-size":"auto","background-attachment":"scroll","background-type":"","background-media":"","overlay-type":"","overlay-color":"","overlay-gradient":""},"mobile":{"background-color":"var(--ast-global-color-5)","background-image":"","background-repeat":"repeat","background-position":"center center","background-size":"auto","background-attachment":"scroll","background-type":"","background-media":"","overlay-type":"","overlay-color":"","overlay-gradient":""}}},"product_cat":[23],"product_tag":[32],"uagb_featured_image_src":{"full":["https:\/\/pojemnik.net.pl\/pl\/wp-content\/uploads\/2024\/05\/74.jpg",600,600,false],"thumbnail":["https:\/\/pojemnik.net.pl\/pl\/wp-content\/uploads\/2024\/05\/74-150x150.jpg",150,150,true],"medium":["https:\/\/pojemnik.net.pl\/pl\/wp-content\/uploads\/2024\/05\/74-300x300.jpg",300,300,true],"medium_large":["https:\/\/pojemnik.net.pl\/pl\/wp-content\/uploads\/2024\/05\/74.jpg",600,600,false],"large":["https:\/\/pojemnik.net.pl\/pl\/wp-content\/uploads\/2024\/05\/74.jpg",600,600,false],"1536x1536":["https:\/\/pojemnik.net.pl\/pl\/wp-content\/uploads\/2024\/05\/74.jpg",600,600,false],"2048x2048":["https:\/\/pojemnik.net.pl\/pl\/wp-content\/uploads\/2024\/05\/74.jpg",600,600,false],"woocommerce_thumbnail":["https:\/\/pojemnik.net.pl\/pl\/wp-content\/uploads\/2024\/05\/74-300x300.jpg",300,300,true],"woocommerce_single":["https:\/\/pojemnik.net.pl\/pl\/wp-content\/uploads\/2024\/05\/74.jpg",600,600,false],"woocommerce_gallery_thumbnail":["https:\/\/pojemnik.net.pl\/pl\/wp-content\/uploads\/2024\/05\/74-100x100.jpg",100,100,true]},"uagb_author_info":{"display_name":"admin","author_link":"https:\/\/pojemnik.net.pl\/pl\/author\/"},"uagb_comment_info":0,"uagb_excerpt":"Wymiary: 1200x800x1800 mm. Waga 75kg, No\u015bno\u015b\u0107 500 kg Pojemnik na ko\u0142ach O100, cynkowany, \u015bciana przednia dzielona na po\u0142ow\u0119, ca\u0142kowicie demontowalna * Podana cena jest cen\u0105 orientacyjn\u0105. Dok\u0142adna cena jest ustalana z klientem i jest uzale\u017cniona od takich czynnik\u00f3w jak: no\u015bno\u015b\u0107, u\u017cyte materia\u0142y, wyko\u0144czenie (np. malowanie natryskowe\/ elektrostatyczne\/ cynkowanie\/)...","_links":{"self":[{"href":"https:\/\/pojemnik.net.pl\/pl\/wp-json\/wp\/v2\/product\/1534"}],"collection":[{"href":"https:\/\/pojemnik.net.pl\/pl\/wp-json\/wp\/v2\/product"}],"about":[{"href":"https:\/\/pojemnik.net.pl\/pl\/wp-json\/wp\/v2\/types\/product"}],"wp:featuredmedia":[{"embeddable":true,"href":"https:\/\/pojemnik.net.pl\/pl\/wp-json\/wp\/v2\/media\/1535"}],"wp:attachment":[{"href":"https:\/\/pojemnik.net.pl\/pl\/wp-json\/wp\/v2\/media?parent=1534"}],"wp:term":[{"taxonomy":"product_cat","embeddable":true,"href":"https:\/\/pojemnik.net.pl\/pl\/wp-json\/wp\/v2\/product_cat?post=1534"},{"taxonomy":"product_tag","embeddable":true,"href":"https:\/\/pojemnik.net.pl\/pl\/wp-json\/wp\/v2\/product_tag?post=1534"}],"curies":[{"name":"wp","href":"https:\/\/api.w.org\/{rel}","templated":true}]}}