{"id":1517,"date":"2024-05-10T12:22:41","date_gmt":"2024-05-10T12:22:41","guid":{"rendered":"https:\/\/pojemnik.net.pl\/pl\/?post_type=product&#038;p=1517"},"modified":"2024-07-11T07:14:43","modified_gmt":"2024-07-11T07:14:43","slug":"pojemnik-siatkowy-1000x1250x1750-mm","status":"publish","type":"product","link":"https:\/\/pojemnik.net.pl\/pl\/produkt\/pojemnik-siatkowy-1000x1250x1750-mm\/","title":{"rendered":"Pojemnik siatkowy 1000x1250x1750 mm"},"content":{"rendered":"<p><strong>Pojemnik siatkowy<\/strong> o wymiarach 1000x1250x1750 mm to solidne i praktyczne rozwi\u0105zanie do sk\u0142adowania i transportu r\u00f3\u017cnorodnych materia\u0142\u00f3w w przemy\u015ble. Jego kompaktowe wymiary oraz solidna konstrukcja sprawiaj\u0105, \u017ce doskonale sprawdza si\u0119 w r\u00f3\u017cnych zastosowaniach, w tym jako pojemnik na makulatur\u0119.<\/p>\n<p>Pojemnik charakteryzuje si\u0119 wag\u0105 oko\u0142o 75 kg oraz no\u015bno\u015bci\u0105 od 500 do 1000 kg, co czyni go odpowiednim do przechowywania i transportu r\u00f3\u017cnych materia\u0142\u00f3w, w tym makulatury, w spos\u00f3b efektywny i bezpieczny.<\/p>\n<p>Przednia klapa uchylna (na d\u0142ugim boku) u\u0142atwia dost\u0119p do wn\u0119trza pojemnika oraz manipulacj\u0119 przechowywanymi materia\u0142ami. Dodatkowo, pojemnik wyposa\u017cony jest w ko\u0142a o \u015brednicy od 100 do 200 mm, co u\u0142atwia jego przemieszczanie na terenie zak\u0142adu czy magazynu.<\/p>\n<p>Dzi\u0119ki swojej solidnej konstrukcji oraz funkcjonalnym rozwi\u0105zaniom, pojemnik siatkowy 1000x1250x1750 mm doskonale sprawdzi si\u0119 w magazynach, halach produkcyjnych oraz wsz\u0119dzie tam, gdzie potrzebne jest skuteczne i bezpieczne przechowywanie oraz transport r\u00f3\u017cnych materia\u0142\u00f3w, w tym makulatury.<\/p>\n<p><strong><em>Kontener mo\u017ce mie\u0107 zamontowane ko\u0142a o r\u00f3\u017cnych \u015brednicach np.; fi 100mm, fi 125<\/em><\/strong><br \/>\n<strong><em>mm, fi 160mm,fi 200 mm. Ko\u0142a mog\u0105 posiada\u0107 r\u00f3\u017cn\u0105 bie\u017cni\u0119 np.; czarna guma ,<\/em><\/strong><br \/>\n<strong><em>poliuretan, poliamid . Ko\u0142a z hamulcem , obrotowe lub sta\u0142e. Wyb\u00f3r nale\u017cy do klienta.<\/em><\/strong><\/p>\n","protected":false},"excerpt":{"rendered":"<p><strong>Wymiary: 1000x1250x1750 mm.<\/strong><br \/>\n<strong>Waga ok. 75kg,<\/strong><br \/>\n<strong>No\u015bno\u015b\u0107 500\u2013 1000 kg (w zale\u017cno\u015bci od potrzeb klient\u00f3w)<\/strong><br \/>\n<strong>Przednia klapa uchylna (na d\u0142ugim boku), ko\u0142a od O 100 do O 200<\/strong><\/p>\n<p><strong>* Podana cena jest cen\u0105 orientacyjn\u0105. Dok\u0142adna cena jest ustalana z klientem i jest uzale\u017cniona od takich czynnik\u00f3w jak: no\u015bno\u015b\u0107, u\u017cyte materia\u0142y, wyko\u0144czenie (np. malowanie natryskowe\/ elektrostatyczne\/ cynkowanie\/)&#8230;<\/strong><\/p>\n","protected":false},"featured_media":1518,"template":"","meta":{"_uag_custom_page_level_css":"","site-sidebar-layout":"default","site-content-layout":"","ast-site-content-layout":"default","site-content-style":"default","site-sidebar-style":"default","ast-global-header-display":"","ast-banner-title-visibility":"","ast-main-header-display":"","ast-hfb-above-header-display":"","ast-hfb-below-header-display":"","ast-hfb-mobile-header-display":"","site-post-title":"","ast-breadcrumbs-content":"","ast-featured-img":"","footer-sml-layout":"","theme-transparent-header-meta":"default","adv-header-id-meta":"","stick-header-meta":"","header-above-stick-meta":"","header-main-stick-meta":"","header-below-stick-meta":"","astra-migrate-meta-layouts":"set","ast-page-background-enabled":"default","ast-page-background-meta":{"desktop":{"background-color":"var(--ast-global-color-4)","background-image":"","background-repeat":"repeat","background-position":"center center","background-size":"auto","background-attachment":"scroll","background-type":"","background-media":"","overlay-type":"","overlay-color":"","overlay-gradient":""},"tablet":{"background-color":"","background-image":"","background-repeat":"repeat","background-position":"center center","background-size":"auto","background-attachment":"scroll","background-type":"","background-media":"","overlay-type":"","overlay-color":"","overlay-gradient":""},"mobile":{"background-color":"","background-image":"","background-repeat":"repeat","background-position":"center center","background-size":"auto","background-attachment":"scroll","background-type":"","background-media":"","overlay-type":"","overlay-color":"","overlay-gradient":""}},"ast-content-background-meta":{"desktop":{"background-color":"var(--ast-global-color-5)","background-image":"","background-repeat":"repeat","background-position":"center center","background-size":"auto","background-attachment":"scroll","background-type":"","background-media":"","overlay-type":"","overlay-color":"","overlay-gradient":""},"tablet":{"background-color":"var(--ast-global-color-5)","background-image":"","background-repeat":"repeat","background-position":"center center","background-size":"auto","background-attachment":"scroll","background-type":"","background-media":"","overlay-type":"","overlay-color":"","overlay-gradient":""},"mobile":{"background-color":"var(--ast-global-color-5)","background-image":"","background-repeat":"repeat","background-position":"center center","background-size":"auto","background-attachment":"scroll","background-type":"","background-media":"","overlay-type":"","overlay-color":"","overlay-gradient":""}}},"product_cat":[23],"product_tag":[32],"uagb_featured_image_src":{"full":["https:\/\/pojemnik.net.pl\/pl\/wp-content\/uploads\/2024\/05\/61.jpg",600,600,false],"thumbnail":["https:\/\/pojemnik.net.pl\/pl\/wp-content\/uploads\/2024\/05\/61-150x150.jpg",150,150,true],"medium":["https:\/\/pojemnik.net.pl\/pl\/wp-content\/uploads\/2024\/05\/61-300x300.jpg",300,300,true],"medium_large":["https:\/\/pojemnik.net.pl\/pl\/wp-content\/uploads\/2024\/05\/61.jpg",600,600,false],"large":["https:\/\/pojemnik.net.pl\/pl\/wp-content\/uploads\/2024\/05\/61.jpg",600,600,false],"1536x1536":["https:\/\/pojemnik.net.pl\/pl\/wp-content\/uploads\/2024\/05\/61.jpg",600,600,false],"2048x2048":["https:\/\/pojemnik.net.pl\/pl\/wp-content\/uploads\/2024\/05\/61.jpg",600,600,false],"woocommerce_thumbnail":["https:\/\/pojemnik.net.pl\/pl\/wp-content\/uploads\/2024\/05\/61-300x300.jpg",300,300,true],"woocommerce_single":["https:\/\/pojemnik.net.pl\/pl\/wp-content\/uploads\/2024\/05\/61.jpg",600,600,false],"woocommerce_gallery_thumbnail":["https:\/\/pojemnik.net.pl\/pl\/wp-content\/uploads\/2024\/05\/61-100x100.jpg",100,100,true]},"uagb_author_info":{"display_name":"admin","author_link":"https:\/\/pojemnik.net.pl\/pl\/author\/"},"uagb_comment_info":0,"uagb_excerpt":"Wymiary: 1000x1250x1750 mm. Waga ok. 75kg, No\u015bno\u015b\u0107 500\u2013 1000 kg (w zale\u017cno\u015bci od potrzeb klient\u00f3w) Przednia klapa uchylna (na d\u0142ugim boku), ko\u0142a od O 100 do O 200 * Podana cena jest cen\u0105 orientacyjn\u0105. Dok\u0142adna cena jest ustalana z klientem i jest uzale\u017cniona od takich czynnik\u00f3w jak: no\u015bno\u015b\u0107, u\u017cyte materia\u0142y, wyko\u0144czenie (np. malowanie natryskowe\/ elektrostatyczne\/&hellip;","_links":{"self":[{"href":"https:\/\/pojemnik.net.pl\/pl\/wp-json\/wp\/v2\/product\/1517"}],"collection":[{"href":"https:\/\/pojemnik.net.pl\/pl\/wp-json\/wp\/v2\/product"}],"about":[{"href":"https:\/\/pojemnik.net.pl\/pl\/wp-json\/wp\/v2\/types\/product"}],"wp:featuredmedia":[{"embeddable":true,"href":"https:\/\/pojemnik.net.pl\/pl\/wp-json\/wp\/v2\/media\/1518"}],"wp:attachment":[{"href":"https:\/\/pojemnik.net.pl\/pl\/wp-json\/wp\/v2\/media?parent=1517"}],"wp:term":[{"taxonomy":"product_cat","embeddable":true,"href":"https:\/\/pojemnik.net.pl\/pl\/wp-json\/wp\/v2\/product_cat?post=1517"},{"taxonomy":"product_tag","embeddable":true,"href":"https:\/\/pojemnik.net.pl\/pl\/wp-json\/wp\/v2\/product_tag?post=1517"}],"curies":[{"name":"wp","href":"https:\/\/api.w.org\/{rel}","templated":true}]}}