{"id":1509,"date":"2024-05-10T12:17:27","date_gmt":"2024-05-10T12:17:27","guid":{"rendered":"https:\/\/pojemnik.net.pl\/pl\/?post_type=product&#038;p=1509"},"modified":"2024-07-11T07:19:05","modified_gmt":"2024-07-11T07:19:05","slug":"pojemnik-siatkowy-skladany-1150x850x980-mm","status":"publish","type":"product","link":"https:\/\/pojemnik.net.pl\/pl\/produkt\/pojemnik-siatkowy-skladany-1150x850x980-mm\/","title":{"rendered":"Pojemnik siatkowy sk\u0142adany 1150x850x980 mm"},"content":{"rendered":"<p><strong>Pojemnik siatkowy sk\u0142adany<\/strong> o wymiarach 1150x850x980 mm to praktyczne i wszechstronne rozwi\u0105zanie do przechowywania i transportu r\u00f3\u017cnorodnych materia\u0142\u00f3w w przemy\u015ble. Jego solidna konstrukcja oraz funkcjonalne wyposa\u017cenie sprawiaj\u0105, \u017ce doskonale sprawdza si\u0119 w r\u00f3\u017cnych zastosowaniach.<\/p>\n<p>Pojemnik charakteryzuje si\u0119 wag\u0105 45 kg i no\u015bno\u015bci\u0105 do 1000 kg, co czyni go idealnym narz\u0119dziem do przechowywania oraz transportu r\u00f3\u017cnych materia\u0142\u00f3w w zak\u0142adzie produkcyjnym czy magazynie.<\/p>\n<p>Po z\u0142o\u017ceniu, pojemnik ma wysoko\u015b\u0107 780 mm, co umo\u017cliwia oszcz\u0119dne wykorzystanie przestrzeni podczas przechowywania lub transportu. Dodatkowo, pojemnik zosta\u0142 ocynkowany, co zapewnia trwa\u0142\u0105 ochron\u0119 przed korozj\u0105 oraz zwi\u0119ksza jego trwa\u0142o\u015b\u0107 w r\u00f3\u017cnych warunkach \u015brodowiskowych.<\/p>\n<p>Dzi\u0119ki swojej solidnej konstrukcji i praktycznym rozwi\u0105zaniom, pojemnik siatkowy sk\u0142adany doskonale sprawdza si\u0119 w magazynach, halach produkcyjnych oraz wsz\u0119dzie tam, gdzie potrzebne jest skuteczne i bezpieczne przechowywanie oraz transport materia\u0142\u00f3w.<\/p>\n","protected":false},"excerpt":{"rendered":"<p><strong> Wymiary: 1150x850x980 mm.<\/strong><br \/>\n<strong>Waga 45kg,<\/strong><br \/>\n<strong>No\u015bno\u015b\u0107 1000 kg<\/strong><br \/>\n<strong>Pojemnik ocynkowany<\/strong><br \/>\n<strong>Wysoko\u015b\u0107 po z\u0142o\u017ceniu 780 mm<\/strong><\/p>\n<p><strong>* Podana cena jest cen\u0105 orientacyjn\u0105. Dok\u0142adna cena jest ustalana z klientem i jest uzale\u017cniona od takich czynnik\u00f3w jak: no\u015bno\u015b\u0107, u\u017cyte materia\u0142y, wyko\u0144czenie (np. malowanie natryskowe\/ elektrostatyczne\/ cynkowanie\/)&#8230;<\/strong><\/p>\n","protected":false},"featured_media":1510,"template":"","meta":{"_uag_custom_page_level_css":"","site-sidebar-layout":"default","site-content-layout":"","ast-site-content-layout":"default","site-content-style":"default","site-sidebar-style":"default","ast-global-header-display":"","ast-banner-title-visibility":"","ast-main-header-display":"","ast-hfb-above-header-display":"","ast-hfb-below-header-display":"","ast-hfb-mobile-header-display":"","site-post-title":"","ast-breadcrumbs-content":"","ast-featured-img":"","footer-sml-layout":"","theme-transparent-header-meta":"default","adv-header-id-meta":"","stick-header-meta":"","header-above-stick-meta":"","header-main-stick-meta":"","header-below-stick-meta":"","astra-migrate-meta-layouts":"set","ast-page-background-enabled":"default","ast-page-background-meta":{"desktop":{"background-color":"var(--ast-global-color-4)","background-image":"","background-repeat":"repeat","background-position":"center center","background-size":"auto","background-attachment":"scroll","background-type":"","background-media":"","overlay-type":"","overlay-color":"","overlay-gradient":""},"tablet":{"background-color":"","background-image":"","background-repeat":"repeat","background-position":"center center","background-size":"auto","background-attachment":"scroll","background-type":"","background-media":"","overlay-type":"","overlay-color":"","overlay-gradient":""},"mobile":{"background-color":"","background-image":"","background-repeat":"repeat","background-position":"center center","background-size":"auto","background-attachment":"scroll","background-type":"","background-media":"","overlay-type":"","overlay-color":"","overlay-gradient":""}},"ast-content-background-meta":{"desktop":{"background-color":"var(--ast-global-color-5)","background-image":"","background-repeat":"repeat","background-position":"center center","background-size":"auto","background-attachment":"scroll","background-type":"","background-media":"","overlay-type":"","overlay-color":"","overlay-gradient":""},"tablet":{"background-color":"var(--ast-global-color-5)","background-image":"","background-repeat":"repeat","background-position":"center center","background-size":"auto","background-attachment":"scroll","background-type":"","background-media":"","overlay-type":"","overlay-color":"","overlay-gradient":""},"mobile":{"background-color":"var(--ast-global-color-5)","background-image":"","background-repeat":"repeat","background-position":"center center","background-size":"auto","background-attachment":"scroll","background-type":"","background-media":"","overlay-type":"","overlay-color":"","overlay-gradient":""}}},"product_cat":[23,39,38],"product_tag":[32],"uagb_featured_image_src":{"full":["https:\/\/pojemnik.net.pl\/pl\/wp-content\/uploads\/2024\/05\/54.jpg",600,600,false],"thumbnail":["https:\/\/pojemnik.net.pl\/pl\/wp-content\/uploads\/2024\/05\/54-150x150.jpg",150,150,true],"medium":["https:\/\/pojemnik.net.pl\/pl\/wp-content\/uploads\/2024\/05\/54-300x300.jpg",300,300,true],"medium_large":["https:\/\/pojemnik.net.pl\/pl\/wp-content\/uploads\/2024\/05\/54.jpg",600,600,false],"large":["https:\/\/pojemnik.net.pl\/pl\/wp-content\/uploads\/2024\/05\/54.jpg",600,600,false],"1536x1536":["https:\/\/pojemnik.net.pl\/pl\/wp-content\/uploads\/2024\/05\/54.jpg",600,600,false],"2048x2048":["https:\/\/pojemnik.net.pl\/pl\/wp-content\/uploads\/2024\/05\/54.jpg",600,600,false],"woocommerce_thumbnail":["https:\/\/pojemnik.net.pl\/pl\/wp-content\/uploads\/2024\/05\/54-300x300.jpg",300,300,true],"woocommerce_single":["https:\/\/pojemnik.net.pl\/pl\/wp-content\/uploads\/2024\/05\/54.jpg",600,600,false],"woocommerce_gallery_thumbnail":["https:\/\/pojemnik.net.pl\/pl\/wp-content\/uploads\/2024\/05\/54-100x100.jpg",100,100,true]},"uagb_author_info":{"display_name":"admin","author_link":"https:\/\/pojemnik.net.pl\/pl\/author\/"},"uagb_comment_info":0,"uagb_excerpt":"Wymiary: 1150x850x980 mm. Waga 45kg, No\u015bno\u015b\u0107 1000 kg Pojemnik ocynkowany Wysoko\u015b\u0107 po z\u0142o\u017ceniu 780 mm * Podana cena jest cen\u0105 orientacyjn\u0105. Dok\u0142adna cena jest ustalana z klientem i jest uzale\u017cniona od takich czynnik\u00f3w jak: no\u015bno\u015b\u0107, u\u017cyte materia\u0142y, wyko\u0144czenie (np. malowanie natryskowe\/ elektrostatyczne\/ cynkowanie\/)...","_links":{"self":[{"href":"https:\/\/pojemnik.net.pl\/pl\/wp-json\/wp\/v2\/product\/1509"}],"collection":[{"href":"https:\/\/pojemnik.net.pl\/pl\/wp-json\/wp\/v2\/product"}],"about":[{"href":"https:\/\/pojemnik.net.pl\/pl\/wp-json\/wp\/v2\/types\/product"}],"wp:featuredmedia":[{"embeddable":true,"href":"https:\/\/pojemnik.net.pl\/pl\/wp-json\/wp\/v2\/media\/1510"}],"wp:attachment":[{"href":"https:\/\/pojemnik.net.pl\/pl\/wp-json\/wp\/v2\/media?parent=1509"}],"wp:term":[{"taxonomy":"product_cat","embeddable":true,"href":"https:\/\/pojemnik.net.pl\/pl\/wp-json\/wp\/v2\/product_cat?post=1509"},{"taxonomy":"product_tag","embeddable":true,"href":"https:\/\/pojemnik.net.pl\/pl\/wp-json\/wp\/v2\/product_tag?post=1509"}],"curies":[{"name":"wp","href":"https:\/\/api.w.org\/{rel}","templated":true}]}}