{"id":1505,"date":"2024-05-10T12:04:56","date_gmt":"2024-05-10T12:04:56","guid":{"rendered":"https:\/\/pojemnik.net.pl\/pl\/?post_type=product&#038;p=1505"},"modified":"2024-07-11T07:15:16","modified_gmt":"2024-07-11T07:15:16","slug":"pojemnik-siatkowy-1200x800x1250-mm","status":"publish","type":"product","link":"https:\/\/pojemnik.net.pl\/pl\/produkt\/pojemnik-siatkowy-1200x800x1250-mm\/","title":{"rendered":"Pojemnik siatkowy 1200x800x1250 mm"},"content":{"rendered":"<p><strong>Pojemnik siatkowy<\/strong> o wymiarach 1200x800x1250 mm to praktyczne i wszechstronne rozwi\u0105zanie do przechowywania i transportu r\u00f3\u017cnorodnych materia\u0142\u00f3w w przemy\u015ble. Jego solidna konstrukcja oraz funkcjonalne wyposa\u017cenie sprawiaj\u0105, \u017ce doskonale sprawdza si\u0119 w r\u00f3\u017cnych zastosowaniach.<\/p>\n<p>Ca\u0142kowita wysoko\u015b\u0107 pojemnika z ko\u0142ami wynosi 1250 mm, co u\u0142atwia manipulacj\u0119 oraz transport materia\u0142\u00f3w na terenie zak\u0142adu czy magazynu. Ko\u0142a o \u015brednicy fi 125 mm s\u0105 obrotowe i nie brudz\u0105ce pod\u0142o\u017ca, co zapewnia p\u0142ynne poruszanie si\u0119 po r\u00f3\u017cnorodnych powierzchniach.<\/p>\n<p>Siatka wykonana z drutu o \u015brednicy fi 4 mm oraz oczkach o wymiarach 40&#215;40 mm gwarantuje odpowiedni\u0105 wytrzyma\u0142o\u015b\u0107 oraz zapewnia wentylacj\u0119 przechowywanych materia\u0142\u00f3w. Pojemnik zosta\u0142 cynkowany galwanicznie oraz malowany elektrostatycznie w  kolorze RAL 7001, co zapewnia trwa\u0142\u0105 ochron\u0119 przed korozj\u0105 oraz estetyczny wygl\u0105d.<\/p>\n<p>Dzi\u0119ki swojej solidnej konstrukcji i praktycznym rozwi\u0105zaniom, pojemnik siatkowy 1200x800x1250 mm doskonale sprawdza si\u0119 w magazynach, halach produkcyjnych oraz wsz\u0119dzie tam, gdzie potrzebne jest skuteczne i bezpieczne przechowywanie oraz transport materia\u0142\u00f3w.<\/p>\n<p><strong><em>Kontener mo\u017ce mie\u0107 zamontowane ko\u0142a o r\u00f3\u017cnych \u015brednicach np.; fi 100mm, fi 125<\/em><\/strong><br \/>\n<strong><em>mm, fi 160mm,fi 200 mm. Ko\u0142a mog\u0105 posiada\u0107 r\u00f3\u017cn\u0105 bie\u017cni\u0119 np.; czarna guma ,<\/em><\/strong><br \/>\n<strong><em>poliuretan, poliamid . Ko\u0142a z hamulcem , obrotowe lub sta\u0142e. Wyb\u00f3r nale\u017cy do klienta.<\/em><\/strong><\/p>\n","protected":false},"excerpt":{"rendered":"<p><strong>Wymiary: 1200x800x1250 mm \/ ca\u0142kowita wysoko\u015b\u0107 z ko\u0142ami<\/strong><br \/>\n<strong>Ko\u0142a fi 125 mm, obrotowe nie brudz\u0105ce pod\u0142o\u017ca<\/strong><br \/>\n<strong>Siatka z drutu fi 4 mm, oczka 40\u00d740 mm<\/strong><br \/>\n<strong>Wersja na zdj\u0119ciu cynkowana galwanicznie i malowana elektrostatycznie w kolorze<\/strong><br \/>\n<strong>RAL 7001<\/strong><\/p>\n<p><strong>* Podana cena jest cen\u0105 orientacyjn\u0105. Dok\u0142adna cena jest ustalana z klientem i jest uzale\u017cniona od takich czynnik\u00f3w jak: no\u015bno\u015b\u0107, u\u017cyte materia\u0142y, wyko\u0144czenie (np. malowanie natryskowe\/ elektrostatyczne\/ cynkowanie\/)&#8230;<\/strong><\/p>\n","protected":false},"featured_media":1506,"template":"","meta":{"_uag_custom_page_level_css":"","site-sidebar-layout":"default","site-content-layout":"","ast-site-content-layout":"default","site-content-style":"default","site-sidebar-style":"default","ast-global-header-display":"","ast-banner-title-visibility":"","ast-main-header-display":"","ast-hfb-above-header-display":"","ast-hfb-below-header-display":"","ast-hfb-mobile-header-display":"","site-post-title":"","ast-breadcrumbs-content":"","ast-featured-img":"","footer-sml-layout":"","theme-transparent-header-meta":"default","adv-header-id-meta":"","stick-header-meta":"","header-above-stick-meta":"","header-main-stick-meta":"","header-below-stick-meta":"","astra-migrate-meta-layouts":"set","ast-page-background-enabled":"default","ast-page-background-meta":{"desktop":{"background-color":"var(--ast-global-color-4)","background-image":"","background-repeat":"repeat","background-position":"center center","background-size":"auto","background-attachment":"scroll","background-type":"","background-media":"","overlay-type":"","overlay-color":"","overlay-gradient":""},"tablet":{"background-color":"","background-image":"","background-repeat":"repeat","background-position":"center center","background-size":"auto","background-attachment":"scroll","background-type":"","background-media":"","overlay-type":"","overlay-color":"","overlay-gradient":""},"mobile":{"background-color":"","background-image":"","background-repeat":"repeat","background-position":"center center","background-size":"auto","background-attachment":"scroll","background-type":"","background-media":"","overlay-type":"","overlay-color":"","overlay-gradient":""}},"ast-content-background-meta":{"desktop":{"background-color":"var(--ast-global-color-5)","background-image":"","background-repeat":"repeat","background-position":"center center","background-size":"auto","background-attachment":"scroll","background-type":"","background-media":"","overlay-type":"","overlay-color":"","overlay-gradient":""},"tablet":{"background-color":"var(--ast-global-color-5)","background-image":"","background-repeat":"repeat","background-position":"center center","background-size":"auto","background-attachment":"scroll","background-type":"","background-media":"","overlay-type":"","overlay-color":"","overlay-gradient":""},"mobile":{"background-color":"var(--ast-global-color-5)","background-image":"","background-repeat":"repeat","background-position":"center center","background-size":"auto","background-attachment":"scroll","background-type":"","background-media":"","overlay-type":"","overlay-color":"","overlay-gradient":""}}},"product_cat":[23],"product_tag":[32],"uagb_featured_image_src":{"full":["https:\/\/pojemnik.net.pl\/pl\/wp-content\/uploads\/2024\/05\/52.jpg",1200,1200,false],"thumbnail":["https:\/\/pojemnik.net.pl\/pl\/wp-content\/uploads\/2024\/05\/52-150x150.jpg",150,150,true],"medium":["https:\/\/pojemnik.net.pl\/pl\/wp-content\/uploads\/2024\/05\/52-300x300.jpg",300,300,true],"medium_large":["https:\/\/pojemnik.net.pl\/pl\/wp-content\/uploads\/2024\/05\/52-768x768.jpg",768,768,true],"large":["https:\/\/pojemnik.net.pl\/pl\/wp-content\/uploads\/2024\/05\/52-1024x1024.jpg",1024,1024,true],"1536x1536":["https:\/\/pojemnik.net.pl\/pl\/wp-content\/uploads\/2024\/05\/52.jpg",1200,1200,false],"2048x2048":["https:\/\/pojemnik.net.pl\/pl\/wp-content\/uploads\/2024\/05\/52.jpg",1200,1200,false],"woocommerce_thumbnail":["https:\/\/pojemnik.net.pl\/pl\/wp-content\/uploads\/2024\/05\/52-300x300.jpg",300,300,true],"woocommerce_single":["https:\/\/pojemnik.net.pl\/pl\/wp-content\/uploads\/2024\/05\/52-600x600.jpg",600,600,true],"woocommerce_gallery_thumbnail":["https:\/\/pojemnik.net.pl\/pl\/wp-content\/uploads\/2024\/05\/52-100x100.jpg",100,100,true]},"uagb_author_info":{"display_name":"admin","author_link":"https:\/\/pojemnik.net.pl\/pl\/author\/"},"uagb_comment_info":0,"uagb_excerpt":"Wymiary: 1200x800x1250 mm \/ ca\u0142kowita wysoko\u015b\u0107 z ko\u0142ami Ko\u0142a fi 125 mm, obrotowe nie brudz\u0105ce pod\u0142o\u017ca Siatka z drutu fi 4 mm, oczka 40\u00d740 mm Wersja na zdj\u0119ciu cynkowana galwanicznie i malowana elektrostatycznie w kolorze RAL 7001 * Podana cena jest cen\u0105 orientacyjn\u0105. Dok\u0142adna cena jest ustalana z klientem i jest uzale\u017cniona od takich czynnik\u00f3w&hellip;","_links":{"self":[{"href":"https:\/\/pojemnik.net.pl\/pl\/wp-json\/wp\/v2\/product\/1505"}],"collection":[{"href":"https:\/\/pojemnik.net.pl\/pl\/wp-json\/wp\/v2\/product"}],"about":[{"href":"https:\/\/pojemnik.net.pl\/pl\/wp-json\/wp\/v2\/types\/product"}],"wp:featuredmedia":[{"embeddable":true,"href":"https:\/\/pojemnik.net.pl\/pl\/wp-json\/wp\/v2\/media\/1506"}],"wp:attachment":[{"href":"https:\/\/pojemnik.net.pl\/pl\/wp-json\/wp\/v2\/media?parent=1505"}],"wp:term":[{"taxonomy":"product_cat","embeddable":true,"href":"https:\/\/pojemnik.net.pl\/pl\/wp-json\/wp\/v2\/product_cat?post=1505"},{"taxonomy":"product_tag","embeddable":true,"href":"https:\/\/pojemnik.net.pl\/pl\/wp-json\/wp\/v2\/product_tag?post=1505"}],"curies":[{"name":"wp","href":"https:\/\/api.w.org\/{rel}","templated":true}]}}