{"id":1499,"date":"2024-05-10T11:59:53","date_gmt":"2024-05-10T11:59:53","guid":{"rendered":"https:\/\/pojemnik.net.pl\/pl\/?post_type=product&#038;p=1499"},"modified":"2024-07-11T07:20:48","modified_gmt":"2024-07-11T07:20:48","slug":"pojemnik-siatkowy-skladany","status":"publish","type":"product","link":"https:\/\/pojemnik.net.pl\/pl\/produkt\/pojemnik-siatkowy-skladany\/","title":{"rendered":"Pojemnik siatkowy sk\u0142adany 2400x1200x1100mm"},"content":{"rendered":"<p><strong>Pojemnik siatkowy sk\u0142adany<\/strong> o wymiarach 2400x1200x1100 mm to praktyczne i wszechstronne rozwi\u0105zanie do przechowywania i transportu r\u00f3\u017cnorodnych materia\u0142\u00f3w. Jego du\u017ca pojemno\u015b\u0107 oraz mo\u017cliwo\u015b\u0107 sk\u0142adania pozwala efektywnie wykorzysta\u0107 przestrze\u0144 w magazynach oraz transportowa\u0107 go w spos\u00f3b oszcz\u0119dny.<\/p>\n<p>Pojemnik cechuje si\u0119 solidn\u0105 konstrukcj\u0105 z siatki z drutu o \u015brednicy fi 4 mm oraz oczkach o wymiarach 50&#215;50 mm, co zapewnia nie tylko wytrzyma\u0142o\u015b\u0107, ale tak\u017ce odpowiedni\u0105 wentylacj\u0119 przechowywanych materia\u0142\u00f3w. Wysoko\u015b\u0107 pojemnika po z\u0142o\u017ceniu wynosi oko\u0142o 300 mm, co pozwala na znaczne zmniejszenie obj\u0119to\u015bci pojemnika podczas przechowywania lub transportu, co jest niezwykle praktyczne.<\/p>\n<p>Pojemnik mo\u017ce by\u0107 malowany lub cynkowany, co zwi\u0119ksza jego trwa\u0142o\u015b\u0107 oraz odporno\u015b\u0107 na warunki \u015brodowiskowe. Istnieje r\u00f3wnie\u017c mo\u017cliwo\u015b\u0107 wykonania <a href=\"https:\/\/pojemnik.net.pl\/pl\/kategoria-produktu\/pojemniki-siatkowe\/\">pojemnik\u00f3w w innych wymiarach<\/a>, co pozwala na dopasowanie do indywidualnych potrzeb klienta.<\/p>\n<p>Dzi\u0119ki swojej funkcjonalno\u015bci i solidnej konstrukcji, pojemnik siatkowy sk\u0142adany doskonale sprawdzi si\u0119 w r\u00f3\u017cnych bran\u017cach przemys\u0142owych, zapewniaj\u0105c skuteczne i bezpieczne przechowywanie oraz transport materia\u0142\u00f3w.<\/p>\n<p>Zapraszamy do kontaktu z <a href=\"https:\/\/maps.app.goo.gl\/Y1wX3u8wrErPp4fA9\" target=\"_blank\" rel=\"noopener\">nasz\u0105 firm\u0105<\/a> i zapoznania si\u0119 z aktualna spersonalizowan\u0105 ofert\u0105 2024<\/p>\n","protected":false},"excerpt":{"rendered":"<p><strong>Wym.2400x1200x1100 mm.<\/strong><br \/>\n<strong>Wysoko\u015b\u0107 pojemnika po z\u0142o\u017ceniu oko\u0142o 300 mm.<\/strong><br \/>\n<strong>Siatka z drutu fi 4mm , oczka 50\u00d750.<\/strong><br \/>\n<strong>Pojemniki malowane lub cynkowane .<\/strong><br \/>\n<strong>Mo\u017cliwo\u015b\u0107 wykonania innych wymiar\u00f3w.<\/strong><\/p>\n<p><strong>* Podana cena jest cen\u0105 orientacyjn\u0105. Dok\u0142adna cena jest ustalana z klientem i jest uzale\u017cniona od takich czynnik\u00f3w jak: no\u015bno\u015b\u0107, u\u017cyte materia\u0142y, wyko\u0144czenie (np. malowanie natryskowe\/ elektrostatyczne\/ cynkowanie\/)&#8230;<\/strong><\/p>\n","protected":false},"featured_media":1500,"template":"","meta":{"_uag_custom_page_level_css":"","site-sidebar-layout":"default","site-content-layout":"","ast-site-content-layout":"default","site-content-style":"default","site-sidebar-style":"default","ast-global-header-display":"","ast-banner-title-visibility":"","ast-main-header-display":"","ast-hfb-above-header-display":"","ast-hfb-below-header-display":"","ast-hfb-mobile-header-display":"","site-post-title":"","ast-breadcrumbs-content":"","ast-featured-img":"","footer-sml-layout":"","theme-transparent-header-meta":"default","adv-header-id-meta":"","stick-header-meta":"","header-above-stick-meta":"","header-main-stick-meta":"","header-below-stick-meta":"","astra-migrate-meta-layouts":"set","ast-page-background-enabled":"default","ast-page-background-meta":{"desktop":{"background-color":"var(--ast-global-color-4)","background-image":"","background-repeat":"repeat","background-position":"center center","background-size":"auto","background-attachment":"scroll","background-type":"","background-media":"","overlay-type":"","overlay-color":"","overlay-gradient":""},"tablet":{"background-color":"","background-image":"","background-repeat":"repeat","background-position":"center center","background-size":"auto","background-attachment":"scroll","background-type":"","background-media":"","overlay-type":"","overlay-color":"","overlay-gradient":""},"mobile":{"background-color":"","background-image":"","background-repeat":"repeat","background-position":"center center","background-size":"auto","background-attachment":"scroll","background-type":"","background-media":"","overlay-type":"","overlay-color":"","overlay-gradient":""}},"ast-content-background-meta":{"desktop":{"background-color":"var(--ast-global-color-5)","background-image":"","background-repeat":"repeat","background-position":"center center","background-size":"auto","background-attachment":"scroll","background-type":"","background-media":"","overlay-type":"","overlay-color":"","overlay-gradient":""},"tablet":{"background-color":"var(--ast-global-color-5)","background-image":"","background-repeat":"repeat","background-position":"center center","background-size":"auto","background-attachment":"scroll","background-type":"","background-media":"","overlay-type":"","overlay-color":"","overlay-gradient":""},"mobile":{"background-color":"var(--ast-global-color-5)","background-image":"","background-repeat":"repeat","background-position":"center center","background-size":"auto","background-attachment":"scroll","background-type":"","background-media":"","overlay-type":"","overlay-color":"","overlay-gradient":""}}},"product_cat":[23,39,38],"product_tag":[32,34],"uagb_featured_image_src":{"full":["https:\/\/pojemnik.net.pl\/pl\/wp-content\/uploads\/2024\/05\/47.jpg",1600,1200,false],"thumbnail":["https:\/\/pojemnik.net.pl\/pl\/wp-content\/uploads\/2024\/05\/47-150x150.jpg",150,150,true],"medium":["https:\/\/pojemnik.net.pl\/pl\/wp-content\/uploads\/2024\/05\/47-300x225.jpg",300,225,true],"medium_large":["https:\/\/pojemnik.net.pl\/pl\/wp-content\/uploads\/2024\/05\/47-768x576.jpg",768,576,true],"large":["https:\/\/pojemnik.net.pl\/pl\/wp-content\/uploads\/2024\/05\/47-1024x768.jpg",1024,768,true],"1536x1536":["https:\/\/pojemnik.net.pl\/pl\/wp-content\/uploads\/2024\/05\/47-1536x1152.jpg",1536,1152,true],"2048x2048":["https:\/\/pojemnik.net.pl\/pl\/wp-content\/uploads\/2024\/05\/47.jpg",1600,1200,false],"woocommerce_thumbnail":["https:\/\/pojemnik.net.pl\/pl\/wp-content\/uploads\/2024\/05\/47-300x300.jpg",300,300,true],"woocommerce_single":["https:\/\/pojemnik.net.pl\/pl\/wp-content\/uploads\/2024\/05\/47-600x450.jpg",600,450,true],"woocommerce_gallery_thumbnail":["https:\/\/pojemnik.net.pl\/pl\/wp-content\/uploads\/2024\/05\/47-100x100.jpg",100,100,true]},"uagb_author_info":{"display_name":"admin","author_link":"https:\/\/pojemnik.net.pl\/pl\/author\/"},"uagb_comment_info":0,"uagb_excerpt":"Wym.2400x1200x1100 mm. Wysoko\u015b\u0107 pojemnika po z\u0142o\u017ceniu oko\u0142o 300 mm. Siatka z drutu fi 4mm , oczka 50\u00d750. Pojemniki malowane lub cynkowane . Mo\u017cliwo\u015b\u0107 wykonania innych wymiar\u00f3w. * Podana cena jest cen\u0105 orientacyjn\u0105. Dok\u0142adna cena jest ustalana z klientem i jest uzale\u017cniona od takich czynnik\u00f3w jak: no\u015bno\u015b\u0107, u\u017cyte materia\u0142y, wyko\u0144czenie (np. malowanie natryskowe\/ elektrostatyczne\/ cynkowanie\/)...","_links":{"self":[{"href":"https:\/\/pojemnik.net.pl\/pl\/wp-json\/wp\/v2\/product\/1499"}],"collection":[{"href":"https:\/\/pojemnik.net.pl\/pl\/wp-json\/wp\/v2\/product"}],"about":[{"href":"https:\/\/pojemnik.net.pl\/pl\/wp-json\/wp\/v2\/types\/product"}],"wp:featuredmedia":[{"embeddable":true,"href":"https:\/\/pojemnik.net.pl\/pl\/wp-json\/wp\/v2\/media\/1500"}],"wp:attachment":[{"href":"https:\/\/pojemnik.net.pl\/pl\/wp-json\/wp\/v2\/media?parent=1499"}],"wp:term":[{"taxonomy":"product_cat","embeddable":true,"href":"https:\/\/pojemnik.net.pl\/pl\/wp-json\/wp\/v2\/product_cat?post=1499"},{"taxonomy":"product_tag","embeddable":true,"href":"https:\/\/pojemnik.net.pl\/pl\/wp-json\/wp\/v2\/product_tag?post=1499"}],"curies":[{"name":"wp","href":"https:\/\/api.w.org\/{rel}","templated":true}]}}