{"id":1489,"date":"2024-05-10T11:53:48","date_gmt":"2024-05-10T11:53:48","guid":{"rendered":"https:\/\/pojemnik.net.pl\/pl\/?post_type=product&#038;p=1489"},"modified":"2024-07-11T07:11:31","modified_gmt":"2024-07-11T07:11:31","slug":"kontener-siatkowy-np-na-makulature","status":"publish","type":"product","link":"https:\/\/pojemnik.net.pl\/pl\/produkt\/kontener-siatkowy-np-na-makulature\/","title":{"rendered":"Kontener siatkowy (np. na makulatur\u0119)"},"content":{"rendered":"<p><strong>Kontener siatkowy<\/strong>, idealny na przechowywanie makulatury lub innych materia\u0142\u00f3w, charakteryzuje si\u0119 solidn\u0105 konstrukcj\u0105 oraz funkcjonalnym designem. Jego wymiary 4000x2000x2000 mm zapewniaj\u0105 du\u017c\u0105 pojemno\u015b\u0107, umo\u017cliwiaj\u0105c wygodne sk\u0142adowanie materia\u0142\u00f3w.<\/p>\n<p>Kontener jest przystosowany do ci\u0105gni\u0119cia i przewo\u017cenia przez w\u00f3zek wid\u0142owy, co u\u0142atwia manipulacj\u0119 oraz transport na terenie zak\u0142adu czy magazynu. Wyposa\u017cony w ko\u0142a fi 200 mm o du\u017cej wytrzyma\u0142o\u015bci, gwarantuje p\u0142ynne poruszanie si\u0119 po r\u00f3\u017cnorodnych nawierzchniach. <\/p>\n<p>Siatka z drutu o \u015brednicy fi 3 mm oraz oczkach 20&#215;20 mm zapewnia odpowiedni\u0105 wytrzyma\u0142o\u015b\u0107 i zabezpieczenie przechowywanych materia\u0142\u00f3w. Pod\u0142oga oraz boki kontenera s\u0105 dodatkowo wy\u0142o\u017cone blach\u0105, co zwi\u0119ksza trwa\u0142o\u015b\u0107 i ochron\u0119 przed uszkodzeniami.<\/p>\n<p>Otwierane dwuskrzyd\u0142owe drzwi u\u0142atwiaj\u0105 dost\u0119p do wn\u0119trza kontenera oraz manipulacj\u0119 przechowywanymi materia\u0142ami. Ca\u0142o\u015b\u0107 kontenera zosta\u0142a malowana<br \/>\nnatryskowo, co zapewnia trwa\u0142e zabezpieczenie przed korozj\u0105 oraz estetyczny wygl\u0105d.<\/p>\n<p>Dzi\u0119ki swojej solidnej konstrukcji i funkcjonalnym rozwi\u0105zaniom, <strong>kontener siatkowy<\/strong> jest niezb\u0119dnym narz\u0119dziem w magazynach, halach produkcyjnych oraz wsz\u0119dzie tam, gdzie potrzebne jest skuteczne i bezpieczne przechowywanie r\u00f3\u017cnorodnych materia\u0142\u00f3w.<\/p>\n<p><strong><em>Kontener mo\u017ce mie\u0107 zamontowane ko\u0142a o r\u00f3\u017cnych \u015brednicach np.; fi 100mm, fi 125<\/em><\/strong><br \/>\n<strong><em>mm, fi 160mm,fi 200 mm. Ko\u0142a mog\u0105 posiada\u0107 r\u00f3\u017cn\u0105 bie\u017cni\u0119 np.; czarna guma ,<\/em><\/strong><br \/>\n<strong><em>poliuretan, poliamid . Ko\u0142a z hamulcem , obrotowe lub sta\u0142e. Wyb\u00f3r nale\u017cy do klienta<\/em>.<\/strong><\/p>\n","protected":false},"excerpt":{"rendered":"<p><strong>Wymiary 4000x2000x2000 mm. kontener przystosowany do ci\u0105gni\u0119cia oraz<\/strong><br \/>\n<strong>przewo\u017cenia przez w\u00f3zek wid\u0142owy.<\/strong><br \/>\n<strong>Zastosowano ko\u0142a fi 200 mm o du\u017cej wytrzyma\u0142o\u015bci. Siatka z drutu fi 3 mm, oczka<\/strong><br \/>\n<strong>20\u00d720 mm. pod\u0142oga oraz boki wy\u0142o\u017cone blach\u0105.<\/strong><br \/>\n<strong>Otwierane drzwi 2\u2013 skrzyd\u0142owe. Ca\u0142o\u015b\u0107 malowana natryskowo.<\/strong><\/p>\n<p><strong>* Podana cena jest cen\u0105 orientacyjn\u0105. Dok\u0142adna cena jest ustalana z klientem i jest uzale\u017cniona od takich czynnik\u00f3w jak: no\u015bno\u015b\u0107, u\u017cyte materia\u0142y, wyko\u0144czenie (np. malowanie natryskowe\/ elektrostatyczne\/ cynkowanie\/)&#8230;<\/strong><\/p>\n","protected":false},"featured_media":1490,"template":"","meta":{"_uag_custom_page_level_css":"","site-sidebar-layout":"default","site-content-layout":"","ast-site-content-layout":"default","site-content-style":"default","site-sidebar-style":"default","ast-global-header-display":"","ast-banner-title-visibility":"","ast-main-header-display":"","ast-hfb-above-header-display":"","ast-hfb-below-header-display":"","ast-hfb-mobile-header-display":"","site-post-title":"","ast-breadcrumbs-content":"","ast-featured-img":"","footer-sml-layout":"","theme-transparent-header-meta":"default","adv-header-id-meta":"","stick-header-meta":"","header-above-stick-meta":"","header-main-stick-meta":"","header-below-stick-meta":"","astra-migrate-meta-layouts":"set","ast-page-background-enabled":"default","ast-page-background-meta":{"desktop":{"background-color":"var(--ast-global-color-4)","background-image":"","background-repeat":"repeat","background-position":"center center","background-size":"auto","background-attachment":"scroll","background-type":"","background-media":"","overlay-type":"","overlay-color":"","overlay-gradient":""},"tablet":{"background-color":"","background-image":"","background-repeat":"repeat","background-position":"center center","background-size":"auto","background-attachment":"scroll","background-type":"","background-media":"","overlay-type":"","overlay-color":"","overlay-gradient":""},"mobile":{"background-color":"","background-image":"","background-repeat":"repeat","background-position":"center center","background-size":"auto","background-attachment":"scroll","background-type":"","background-media":"","overlay-type":"","overlay-color":"","overlay-gradient":""}},"ast-content-background-meta":{"desktop":{"background-color":"var(--ast-global-color-5)","background-image":"","background-repeat":"repeat","background-position":"center center","background-size":"auto","background-attachment":"scroll","background-type":"","background-media":"","overlay-type":"","overlay-color":"","overlay-gradient":""},"tablet":{"background-color":"var(--ast-global-color-5)","background-image":"","background-repeat":"repeat","background-position":"center center","background-size":"auto","background-attachment":"scroll","background-type":"","background-media":"","overlay-type":"","overlay-color":"","overlay-gradient":""},"mobile":{"background-color":"var(--ast-global-color-5)","background-image":"","background-repeat":"repeat","background-position":"center center","background-size":"auto","background-attachment":"scroll","background-type":"","background-media":"","overlay-type":"","overlay-color":"","overlay-gradient":""}}},"product_cat":[23],"product_tag":[33,32],"uagb_featured_image_src":{"full":["https:\/\/pojemnik.net.pl\/pl\/wp-content\/uploads\/2024\/05\/39.jpg",1600,1200,false],"thumbnail":["https:\/\/pojemnik.net.pl\/pl\/wp-content\/uploads\/2024\/05\/39-150x150.jpg",150,150,true],"medium":["https:\/\/pojemnik.net.pl\/pl\/wp-content\/uploads\/2024\/05\/39-300x225.jpg",300,225,true],"medium_large":["https:\/\/pojemnik.net.pl\/pl\/wp-content\/uploads\/2024\/05\/39-768x576.jpg",768,576,true],"large":["https:\/\/pojemnik.net.pl\/pl\/wp-content\/uploads\/2024\/05\/39-1024x768.jpg",1024,768,true],"1536x1536":["https:\/\/pojemnik.net.pl\/pl\/wp-content\/uploads\/2024\/05\/39-1536x1152.jpg",1536,1152,true],"2048x2048":["https:\/\/pojemnik.net.pl\/pl\/wp-content\/uploads\/2024\/05\/39.jpg",1600,1200,false],"woocommerce_thumbnail":["https:\/\/pojemnik.net.pl\/pl\/wp-content\/uploads\/2024\/05\/39-300x300.jpg",300,300,true],"woocommerce_single":["https:\/\/pojemnik.net.pl\/pl\/wp-content\/uploads\/2024\/05\/39-600x450.jpg",600,450,true],"woocommerce_gallery_thumbnail":["https:\/\/pojemnik.net.pl\/pl\/wp-content\/uploads\/2024\/05\/39-100x100.jpg",100,100,true]},"uagb_author_info":{"display_name":"admin","author_link":"https:\/\/pojemnik.net.pl\/pl\/author\/"},"uagb_comment_info":0,"uagb_excerpt":"Wymiary 4000x2000x2000 mm. kontener przystosowany do ci\u0105gni\u0119cia oraz przewo\u017cenia przez w\u00f3zek wid\u0142owy. Zastosowano ko\u0142a fi 200 mm o du\u017cej wytrzyma\u0142o\u015bci. Siatka z drutu fi 3 mm, oczka 20\u00d720 mm. pod\u0142oga oraz boki wy\u0142o\u017cone blach\u0105. Otwierane drzwi 2\u2013 skrzyd\u0142owe. Ca\u0142o\u015b\u0107 malowana natryskowo. * Podana cena jest cen\u0105 orientacyjn\u0105. Dok\u0142adna cena jest ustalana z klientem i jest&hellip;","_links":{"self":[{"href":"https:\/\/pojemnik.net.pl\/pl\/wp-json\/wp\/v2\/product\/1489"}],"collection":[{"href":"https:\/\/pojemnik.net.pl\/pl\/wp-json\/wp\/v2\/product"}],"about":[{"href":"https:\/\/pojemnik.net.pl\/pl\/wp-json\/wp\/v2\/types\/product"}],"wp:featuredmedia":[{"embeddable":true,"href":"https:\/\/pojemnik.net.pl\/pl\/wp-json\/wp\/v2\/media\/1490"}],"wp:attachment":[{"href":"https:\/\/pojemnik.net.pl\/pl\/wp-json\/wp\/v2\/media?parent=1489"}],"wp:term":[{"taxonomy":"product_cat","embeddable":true,"href":"https:\/\/pojemnik.net.pl\/pl\/wp-json\/wp\/v2\/product_cat?post=1489"},{"taxonomy":"product_tag","embeddable":true,"href":"https:\/\/pojemnik.net.pl\/pl\/wp-json\/wp\/v2\/product_tag?post=1489"}],"curies":[{"name":"wp","href":"https:\/\/api.w.org\/{rel}","templated":true}]}}