{"id":1486,"date":"2024-05-10T11:43:48","date_gmt":"2024-05-10T11:43:48","guid":{"rendered":"https:\/\/pojemnik.net.pl\/pl\/?post_type=product&#038;p=1486"},"modified":"2024-07-11T07:09:33","modified_gmt":"2024-07-11T07:09:33","slug":"wozek-skretny-1340x1030x360-mm","status":"publish","type":"product","link":"https:\/\/pojemnik.net.pl\/pl\/produkt\/wozek-skretny-1340x1030x360-mm\/","title":{"rendered":"W\u00f3zek skr\u0119tny 1340x1030x360 mm"},"content":{"rendered":"<p><strong>W\u00f3zek skr\u0119tny<\/strong> o wymiarach 1340x1030x360 mm to wytrzyma\u0142e i wszechstronne rozwi\u0105zanie do transportu r\u00f3\u017cnorodnych materia\u0142\u00f3w w zak\u0142adach produkcyjnych i magazynach. Dzi\u0119ki swoim kompaktowym wymiarom i solidnej konstrukcji doskonale nadaje si\u0119 do wykorzystania jako &#8220;wagonik&#8221; na hali produkcyjnej, umo\u017cliwiaj\u0105c szybki i efektywny transport materia\u0142\u00f3w.<\/p>\n<p>Wyposa\u017cony w dwie skr\u0119tne osie, w\u00f3zek zapewnia du\u017c\u0105 zwrotno\u015b\u0107, co u\u0142atwia manewrowanie nawet w ciasnych przestrzeniach. No\u015bno\u015b\u0107 w\u00f3zka wynosi 800 kg, co czyni go niezast\u0105pionym narz\u0119dziem do przemieszczania wi\u0119kszych \u0142adunk\u00f3w w zak\u0142adzie produkcyjnym.<\/p>\n<p>Solidna konstrukcja oraz praktyczne rozwi\u0105zania sprawiaj\u0105, \u017ce w\u00f3zek skr\u0119tny doskonale sprawdza si\u0119 w r\u00f3\u017cnych bran\u017cach przemys\u0142owych, zapewniaj\u0105c nie tylko efektywny, ale tak\u017ce bezpieczny transport materia\u0142\u00f3w. Jego kompaktowe wymiary pozwalaj\u0105 na \u0142atwe manewrowanie nawet w w\u0105skich korytarzach, co przek\u0142ada si\u0119 na  zwi\u0119kszenie efektywno\u015bci pracy na hali produkcyjnej.<\/p>\n","protected":false},"excerpt":{"rendered":"<p><strong> Wymiary: 1340x1030x360 mm,<\/strong><br \/>\n<strong>No\u015bno\u015b\u0107: 800 kg<\/strong><br \/>\n<strong>Przystosowany do ci\u0105gni\u0119cia jako \u201ewagonik\u201d na hali produkcyjnej<\/strong><br \/>\n<strong>W\u00f3zek posiada dwie skr\u0119tne osie.<\/strong><\/p>\n<p><strong>* Podana cena jest cen\u0105 orientacyjn\u0105. Dok\u0142adna cena jest ustalana z klientem i jest uzale\u017cniona od takich czynnik\u00f3w jak: no\u015bno\u015b\u0107, u\u017cyte materia\u0142y, wyko\u0144czenie (np. malowanie natryskowe\/ elektrostatyczne\/ cynkowanie\/)&#8230;<\/strong><\/p>\n","protected":false},"featured_media":1487,"template":"","meta":{"_uag_custom_page_level_css":"","site-sidebar-layout":"default","site-content-layout":"","ast-site-content-layout":"default","site-content-style":"default","site-sidebar-style":"default","ast-global-header-display":"","ast-banner-title-visibility":"","ast-main-header-display":"","ast-hfb-above-header-display":"","ast-hfb-below-header-display":"","ast-hfb-mobile-header-display":"","site-post-title":"","ast-breadcrumbs-content":"","ast-featured-img":"","footer-sml-layout":"","theme-transparent-header-meta":"default","adv-header-id-meta":"","stick-header-meta":"","header-above-stick-meta":"","header-main-stick-meta":"","header-below-stick-meta":"","astra-migrate-meta-layouts":"set","ast-page-background-enabled":"default","ast-page-background-meta":{"desktop":{"background-color":"var(--ast-global-color-4)","background-image":"","background-repeat":"repeat","background-position":"center center","background-size":"auto","background-attachment":"scroll","background-type":"","background-media":"","overlay-type":"","overlay-color":"","overlay-gradient":""},"tablet":{"background-color":"","background-image":"","background-repeat":"repeat","background-position":"center center","background-size":"auto","background-attachment":"scroll","background-type":"","background-media":"","overlay-type":"","overlay-color":"","overlay-gradient":""},"mobile":{"background-color":"","background-image":"","background-repeat":"repeat","background-position":"center center","background-size":"auto","background-attachment":"scroll","background-type":"","background-media":"","overlay-type":"","overlay-color":"","overlay-gradient":""}},"ast-content-background-meta":{"desktop":{"background-color":"var(--ast-global-color-5)","background-image":"","background-repeat":"repeat","background-position":"center center","background-size":"auto","background-attachment":"scroll","background-type":"","background-media":"","overlay-type":"","overlay-color":"","overlay-gradient":""},"tablet":{"background-color":"var(--ast-global-color-5)","background-image":"","background-repeat":"repeat","background-position":"center center","background-size":"auto","background-attachment":"scroll","background-type":"","background-media":"","overlay-type":"","overlay-color":"","overlay-gradient":""},"mobile":{"background-color":"var(--ast-global-color-5)","background-image":"","background-repeat":"repeat","background-position":"center center","background-size":"auto","background-attachment":"scroll","background-type":"","background-media":"","overlay-type":"","overlay-color":"","overlay-gradient":""}}},"product_cat":[22],"product_tag":[25,31],"uagb_featured_image_src":{"full":["https:\/\/pojemnik.net.pl\/pl\/wp-content\/uploads\/2024\/05\/37.jpg",600,600,false],"thumbnail":["https:\/\/pojemnik.net.pl\/pl\/wp-content\/uploads\/2024\/05\/37-150x150.jpg",150,150,true],"medium":["https:\/\/pojemnik.net.pl\/pl\/wp-content\/uploads\/2024\/05\/37-300x300.jpg",300,300,true],"medium_large":["https:\/\/pojemnik.net.pl\/pl\/wp-content\/uploads\/2024\/05\/37.jpg",600,600,false],"large":["https:\/\/pojemnik.net.pl\/pl\/wp-content\/uploads\/2024\/05\/37.jpg",600,600,false],"1536x1536":["https:\/\/pojemnik.net.pl\/pl\/wp-content\/uploads\/2024\/05\/37.jpg",600,600,false],"2048x2048":["https:\/\/pojemnik.net.pl\/pl\/wp-content\/uploads\/2024\/05\/37.jpg",600,600,false],"woocommerce_thumbnail":["https:\/\/pojemnik.net.pl\/pl\/wp-content\/uploads\/2024\/05\/37-300x300.jpg",300,300,true],"woocommerce_single":["https:\/\/pojemnik.net.pl\/pl\/wp-content\/uploads\/2024\/05\/37.jpg",600,600,false],"woocommerce_gallery_thumbnail":["https:\/\/pojemnik.net.pl\/pl\/wp-content\/uploads\/2024\/05\/37-100x100.jpg",100,100,true]},"uagb_author_info":{"display_name":"admin","author_link":"https:\/\/pojemnik.net.pl\/pl\/author\/"},"uagb_comment_info":0,"uagb_excerpt":"Wymiary: 1340x1030x360 mm, No\u015bno\u015b\u0107: 800 kg Przystosowany do ci\u0105gni\u0119cia jako \u201ewagonik\u201d na hali produkcyjnej W\u00f3zek posiada dwie skr\u0119tne osie. * Podana cena jest cen\u0105 orientacyjn\u0105. Dok\u0142adna cena jest ustalana z klientem i jest uzale\u017cniona od takich czynnik\u00f3w jak: no\u015bno\u015b\u0107, u\u017cyte materia\u0142y, wyko\u0144czenie (np. malowanie natryskowe\/ elektrostatyczne\/ cynkowanie\/)...","_links":{"self":[{"href":"https:\/\/pojemnik.net.pl\/pl\/wp-json\/wp\/v2\/product\/1486"}],"collection":[{"href":"https:\/\/pojemnik.net.pl\/pl\/wp-json\/wp\/v2\/product"}],"about":[{"href":"https:\/\/pojemnik.net.pl\/pl\/wp-json\/wp\/v2\/types\/product"}],"wp:featuredmedia":[{"embeddable":true,"href":"https:\/\/pojemnik.net.pl\/pl\/wp-json\/wp\/v2\/media\/1487"}],"wp:attachment":[{"href":"https:\/\/pojemnik.net.pl\/pl\/wp-json\/wp\/v2\/media?parent=1486"}],"wp:term":[{"taxonomy":"product_cat","embeddable":true,"href":"https:\/\/pojemnik.net.pl\/pl\/wp-json\/wp\/v2\/product_cat?post=1486"},{"taxonomy":"product_tag","embeddable":true,"href":"https:\/\/pojemnik.net.pl\/pl\/wp-json\/wp\/v2\/product_tag?post=1486"}],"curies":[{"name":"wp","href":"https:\/\/api.w.org\/{rel}","templated":true}]}}