{"id":1483,"date":"2024-05-10T11:37:59","date_gmt":"2024-05-10T11:37:59","guid":{"rendered":"https:\/\/pojemnik.net.pl\/pl\/?post_type=product&#038;p=1483"},"modified":"2024-07-11T06:54:11","modified_gmt":"2024-07-11T06:54:11","slug":"koleba-na-wiory-1200x800x800-mm","status":"publish","type":"product","link":"https:\/\/pojemnik.net.pl\/pl\/produkt\/koleba-na-wiory-1200x800x800-mm\/","title":{"rendered":"Koleba na wi\u00f3ry 1200x800x800 mm"},"content":{"rendered":"<p><strong>Koleba na wi\u00f3ry<\/strong> o wymiarach 1200x800x800 mm to solidne i praktyczne rozwi\u0105zanie do sk\u0142adowania i transportu wi\u00f3r\u00f3w oraz innych materia\u0142\u00f3w w przemy\u015ble drzewnym i pokrewnych bran\u017cach. Dzi\u0119ki swojej szczelnej konstrukcji, doskonale nadaje si\u0119 do przechowywania materia\u0142\u00f3w, kt\u00f3re wymagaj\u0105 ochrony przed wilgoci\u0105 oraz zanieczyszczeniami.<\/p>\n<p>Wykonana z wysokiej jako\u015bci materia\u0142\u00f3w, koleba zapewnia niezawodno\u015b\u0107 i trwa\u0142o\u015b\u0107w r\u00f3\u017cnych warunkach pracy. Jej kompaktowe wymiary oraz no\u015bno\u015b\u0107 do 2000 kg czyni\u0105 j\u0105 idealnym narz\u0119dziem do przechowywania wi\u0119kszych ilo\u015bci materia\u0142\u00f3w przy minimalnym zajmowanym miejscu.<\/p>\n<p>Koleba jest wyposa\u017cona w ko\u0142a, kt\u00f3re umo\u017cliwiaj\u0105 \u0142atwe przemieszczanie jej w zak\u0142adzie, a specjalne przystosowanie do ci\u0105gni\u0119cia za w\u00f3zkiem wid\u0142owym pozwala na szybki i efektywny transport materia\u0142\u00f3w w obr\u0119bie zak\u0142adu.<\/p>\n<p>Dzi\u0119ki swojej solidnej konstrukcji oraz praktycznym rozwi\u0105zaniom, koleba na wi\u00f3ry 1200x800x800 mm doskonale sprawdzi si\u0119 w przemy\u015ble drzewnym oraz wsz\u0119dzie tam, gdzie konieczne jest skuteczne sk\u0142adowanie i transport materia\u0142\u00f3w w postaci wi\u00f3r\u00f3w.<\/p>\n","protected":false},"excerpt":{"rendered":"<p><strong>Wymiary: 1200x800x800 mm,<\/strong><br \/>\n<strong>szczelna,<\/strong><br \/>\n<strong>na ko\u0142ach przystosowana do ci\u0105gni\u0119cia za w\u00f3zkiem wid\u0142owym.<\/strong><br \/>\n<strong>No\u015bno\u015b\u0107 2000kg<\/strong><\/p>\n<p><strong>* Podana cena jest cen\u0105 orientacyjn\u0105. Dok\u0142adna cena jest ustalana z klientem i jest uzale\u017cniona od takich czynnik\u00f3w jak: no\u015bno\u015b\u0107, u\u017cyte materia\u0142y, wyko\u0144czenie (np. malowanie natryskowe\/ elektrostatyczne\/ cynkowanie\/)&#8230;<\/strong><\/p>\n","protected":false},"featured_media":1484,"template":"","meta":{"_uag_custom_page_level_css":"","site-sidebar-layout":"default","site-content-layout":"","ast-site-content-layout":"default","site-content-style":"default","site-sidebar-style":"default","ast-global-header-display":"","ast-banner-title-visibility":"","ast-main-header-display":"","ast-hfb-above-header-display":"","ast-hfb-below-header-display":"","ast-hfb-mobile-header-display":"","site-post-title":"","ast-breadcrumbs-content":"","ast-featured-img":"","footer-sml-layout":"","theme-transparent-header-meta":"default","adv-header-id-meta":"","stick-header-meta":"","header-above-stick-meta":"","header-main-stick-meta":"","header-below-stick-meta":"","astra-migrate-meta-layouts":"set","ast-page-background-enabled":"default","ast-page-background-meta":{"desktop":{"background-color":"var(--ast-global-color-4)","background-image":"","background-repeat":"repeat","background-position":"center center","background-size":"auto","background-attachment":"scroll","background-type":"","background-media":"","overlay-type":"","overlay-color":"","overlay-gradient":""},"tablet":{"background-color":"","background-image":"","background-repeat":"repeat","background-position":"center center","background-size":"auto","background-attachment":"scroll","background-type":"","background-media":"","overlay-type":"","overlay-color":"","overlay-gradient":""},"mobile":{"background-color":"","background-image":"","background-repeat":"repeat","background-position":"center center","background-size":"auto","background-attachment":"scroll","background-type":"","background-media":"","overlay-type":"","overlay-color":"","overlay-gradient":""}},"ast-content-background-meta":{"desktop":{"background-color":"var(--ast-global-color-5)","background-image":"","background-repeat":"repeat","background-position":"center center","background-size":"auto","background-attachment":"scroll","background-type":"","background-media":"","overlay-type":"","overlay-color":"","overlay-gradient":""},"tablet":{"background-color":"var(--ast-global-color-5)","background-image":"","background-repeat":"repeat","background-position":"center center","background-size":"auto","background-attachment":"scroll","background-type":"","background-media":"","overlay-type":"","overlay-color":"","overlay-gradient":""},"mobile":{"background-color":"var(--ast-global-color-5)","background-image":"","background-repeat":"repeat","background-position":"center center","background-size":"auto","background-attachment":"scroll","background-type":"","background-media":"","overlay-type":"","overlay-color":"","overlay-gradient":""}}},"product_cat":[22],"product_tag":[30,25],"uagb_featured_image_src":{"full":["https:\/\/pojemnik.net.pl\/pl\/wp-content\/uploads\/2024\/05\/34.jpg",600,600,false],"thumbnail":["https:\/\/pojemnik.net.pl\/pl\/wp-content\/uploads\/2024\/05\/34-150x150.jpg",150,150,true],"medium":["https:\/\/pojemnik.net.pl\/pl\/wp-content\/uploads\/2024\/05\/34-300x300.jpg",300,300,true],"medium_large":["https:\/\/pojemnik.net.pl\/pl\/wp-content\/uploads\/2024\/05\/34.jpg",600,600,false],"large":["https:\/\/pojemnik.net.pl\/pl\/wp-content\/uploads\/2024\/05\/34.jpg",600,600,false],"1536x1536":["https:\/\/pojemnik.net.pl\/pl\/wp-content\/uploads\/2024\/05\/34.jpg",600,600,false],"2048x2048":["https:\/\/pojemnik.net.pl\/pl\/wp-content\/uploads\/2024\/05\/34.jpg",600,600,false],"woocommerce_thumbnail":["https:\/\/pojemnik.net.pl\/pl\/wp-content\/uploads\/2024\/05\/34-300x300.jpg",300,300,true],"woocommerce_single":["https:\/\/pojemnik.net.pl\/pl\/wp-content\/uploads\/2024\/05\/34.jpg",600,600,false],"woocommerce_gallery_thumbnail":["https:\/\/pojemnik.net.pl\/pl\/wp-content\/uploads\/2024\/05\/34-100x100.jpg",100,100,true]},"uagb_author_info":{"display_name":"admin","author_link":"https:\/\/pojemnik.net.pl\/pl\/author\/"},"uagb_comment_info":0,"uagb_excerpt":"Wymiary: 1200x800x800 mm, szczelna, na ko\u0142ach przystosowana do ci\u0105gni\u0119cia za w\u00f3zkiem wid\u0142owym. No\u015bno\u015b\u0107 2000kg * Podana cena jest cen\u0105 orientacyjn\u0105. Dok\u0142adna cena jest ustalana z klientem i jest uzale\u017cniona od takich czynnik\u00f3w jak: no\u015bno\u015b\u0107, u\u017cyte materia\u0142y, wyko\u0144czenie (np. malowanie natryskowe\/ elektrostatyczne\/ cynkowanie\/)...","_links":{"self":[{"href":"https:\/\/pojemnik.net.pl\/pl\/wp-json\/wp\/v2\/product\/1483"}],"collection":[{"href":"https:\/\/pojemnik.net.pl\/pl\/wp-json\/wp\/v2\/product"}],"about":[{"href":"https:\/\/pojemnik.net.pl\/pl\/wp-json\/wp\/v2\/types\/product"}],"wp:featuredmedia":[{"embeddable":true,"href":"https:\/\/pojemnik.net.pl\/pl\/wp-json\/wp\/v2\/media\/1484"}],"wp:attachment":[{"href":"https:\/\/pojemnik.net.pl\/pl\/wp-json\/wp\/v2\/media?parent=1483"}],"wp:term":[{"taxonomy":"product_cat","embeddable":true,"href":"https:\/\/pojemnik.net.pl\/pl\/wp-json\/wp\/v2\/product_cat?post=1483"},{"taxonomy":"product_tag","embeddable":true,"href":"https:\/\/pojemnik.net.pl\/pl\/wp-json\/wp\/v2\/product_tag?post=1483"}],"curies":[{"name":"wp","href":"https:\/\/api.w.org\/{rel}","templated":true}]}}