{"id":1476,"date":"2024-05-10T11:26:55","date_gmt":"2024-05-10T11:26:55","guid":{"rendered":"https:\/\/pojemnik.net.pl\/pl\/?post_type=product&#038;p=1476"},"modified":"2024-07-11T07:03:06","modified_gmt":"2024-07-11T07:03:06","slug":"pojemnik-pelny-800x1000x700-mm","status":"publish","type":"product","link":"https:\/\/pojemnik.net.pl\/pl\/produkt\/pojemnik-pelny-800x1000x700-mm\/","title":{"rendered":"Pojemnik pe\u0142ny 800x1000x700 mm"},"content":{"rendered":"<p><strong>Pojemnik pe\u0142ny metalowy<\/strong> o wymiarach 800x1000x700 mm to solidne i praktyczne rozwi\u0105zanie do przechowywania i transportu r\u00f3\u017cnorodnych materia\u0142\u00f3w w przemy\u015ble. Jego kompaktowe wymiary sprawiaj\u0105, \u017ce doskonale nadaje si\u0119 do przechowywania mniejszych przedmiot\u00f3w lub \u015bredniej wielko\u015bci towar\u00f3w.<\/p>\n<p>Wykonany z wysokiej jako\u015bci materia\u0142\u00f3w, zapewnia niezawodno\u015b\u0107 i trwa\u0142o\u015b\u0107 w r\u00f3\u017cnych warunkach \u015brodowiskowych. Charakteryzuje si\u0119 on wag\u0105 70 kg, co \u015bwiadczy o jego solidnej konstrukcji, przy jednoczesnym zachowaniu stosunkowo niskiej wagi, co u\u0142atwia manipulacj\u0119.<\/p>\n<p>Pojemnik ten posiada imponuj\u0105c\u0105 no\u015bno\u015b\u0107 do 1000 kg, co czyni go niezast\u0105pionym narz\u0119dziem w codziennej pracy przemys\u0142owej, gdzie potrzebne jest skuteczne przechowywanie i transport ci\u0119\u017ckich materia\u0142\u00f3w.<\/p>\n<p>Dodatkow\u0105 funkcjonalno\u015bci\u0105 tego pojemnika jest ruchoma \u015bciana przednia, kt\u00f3r\u0105 mo\u017cna podnosi\u0107 za pomoc\u0105 d\u017awigni. Dzi\u0119ki temu u\u0142atwia on za\u0142adunek i roz\u0142adunek materia\u0142\u00f3w oraz zapewnia \u0142atwiejszy dost\u0119p do ich wn\u0119trza.<\/p>\n<p>Solidna konstrukcja i praktyczne rozwi\u0105zania sprawiaj\u0105, \u017ce <strong>pojemnik pe\u0142ny metalowy<\/strong> z ruchom\u0105 \u015bcian\u0105 przedni\u0105 doskonale sprawdza si\u0119 w wielu bran\u017cach przemys\u0142owych.<\/p>\n","protected":false},"excerpt":{"rendered":"<p><strong> Wymiary: 800x1000x700 mm.<\/strong><br \/>\n<strong>Waga 70kg,<\/strong><br \/>\n<strong>No\u015bno\u015b\u0107 1000 kg<\/strong><br \/>\n<strong>Ruchoma \u015bciana przednia podnoszona za pomoc\u0105 d\u017awigni<\/strong><\/p>\n<p><strong>* Podana cena jest cen\u0105 orientacyjn\u0105. Dok\u0142adna cena jest ustalana z klientem i jest uzale\u017cniona od takich czynnik\u00f3w jak: no\u015bno\u015b\u0107, u\u017cyte materia\u0142y, wyko\u0144czenie (np. malowanie natryskowe\/ elektrostatyczne\/ cynkowanie\/)&#8230;<\/strong><\/p>\n","protected":false},"featured_media":1477,"template":"","meta":{"_uag_custom_page_level_css":"","site-sidebar-layout":"default","site-content-layout":"","ast-site-content-layout":"default","site-content-style":"default","site-sidebar-style":"default","ast-global-header-display":"","ast-banner-title-visibility":"","ast-main-header-display":"","ast-hfb-above-header-display":"","ast-hfb-below-header-display":"","ast-hfb-mobile-header-display":"","site-post-title":"","ast-breadcrumbs-content":"","ast-featured-img":"","footer-sml-layout":"","theme-transparent-header-meta":"default","adv-header-id-meta":"","stick-header-meta":"","header-above-stick-meta":"","header-main-stick-meta":"","header-below-stick-meta":"","astra-migrate-meta-layouts":"set","ast-page-background-enabled":"default","ast-page-background-meta":{"desktop":{"background-color":"var(--ast-global-color-4)","background-image":"","background-repeat":"repeat","background-position":"center center","background-size":"auto","background-attachment":"scroll","background-type":"","background-media":"","overlay-type":"","overlay-color":"","overlay-gradient":""},"tablet":{"background-color":"","background-image":"","background-repeat":"repeat","background-position":"center center","background-size":"auto","background-attachment":"scroll","background-type":"","background-media":"","overlay-type":"","overlay-color":"","overlay-gradient":""},"mobile":{"background-color":"","background-image":"","background-repeat":"repeat","background-position":"center center","background-size":"auto","background-attachment":"scroll","background-type":"","background-media":"","overlay-type":"","overlay-color":"","overlay-gradient":""}},"ast-content-background-meta":{"desktop":{"background-color":"var(--ast-global-color-5)","background-image":"","background-repeat":"repeat","background-position":"center center","background-size":"auto","background-attachment":"scroll","background-type":"","background-media":"","overlay-type":"","overlay-color":"","overlay-gradient":""},"tablet":{"background-color":"var(--ast-global-color-5)","background-image":"","background-repeat":"repeat","background-position":"center center","background-size":"auto","background-attachment":"scroll","background-type":"","background-media":"","overlay-type":"","overlay-color":"","overlay-gradient":""},"mobile":{"background-color":"var(--ast-global-color-5)","background-image":"","background-repeat":"repeat","background-position":"center center","background-size":"auto","background-attachment":"scroll","background-type":"","background-media":"","overlay-type":"","overlay-color":"","overlay-gradient":""}}},"product_cat":[22,40],"product_tag":[25],"uagb_featured_image_src":{"full":["https:\/\/pojemnik.net.pl\/pl\/wp-content\/uploads\/2024\/05\/30.jpg",600,600,false],"thumbnail":["https:\/\/pojemnik.net.pl\/pl\/wp-content\/uploads\/2024\/05\/30-150x150.jpg",150,150,true],"medium":["https:\/\/pojemnik.net.pl\/pl\/wp-content\/uploads\/2024\/05\/30-300x300.jpg",300,300,true],"medium_large":["https:\/\/pojemnik.net.pl\/pl\/wp-content\/uploads\/2024\/05\/30.jpg",600,600,false],"large":["https:\/\/pojemnik.net.pl\/pl\/wp-content\/uploads\/2024\/05\/30.jpg",600,600,false],"1536x1536":["https:\/\/pojemnik.net.pl\/pl\/wp-content\/uploads\/2024\/05\/30.jpg",600,600,false],"2048x2048":["https:\/\/pojemnik.net.pl\/pl\/wp-content\/uploads\/2024\/05\/30.jpg",600,600,false],"woocommerce_thumbnail":["https:\/\/pojemnik.net.pl\/pl\/wp-content\/uploads\/2024\/05\/30-300x300.jpg",300,300,true],"woocommerce_single":["https:\/\/pojemnik.net.pl\/pl\/wp-content\/uploads\/2024\/05\/30.jpg",600,600,false],"woocommerce_gallery_thumbnail":["https:\/\/pojemnik.net.pl\/pl\/wp-content\/uploads\/2024\/05\/30-100x100.jpg",100,100,true]},"uagb_author_info":{"display_name":"admin","author_link":"https:\/\/pojemnik.net.pl\/pl\/author\/"},"uagb_comment_info":0,"uagb_excerpt":"Wymiary: 800x1000x700 mm. Waga 70kg, No\u015bno\u015b\u0107 1000 kg Ruchoma \u015bciana przednia podnoszona za pomoc\u0105 d\u017awigni * Podana cena jest cen\u0105 orientacyjn\u0105. Dok\u0142adna cena jest ustalana z klientem i jest uzale\u017cniona od takich czynnik\u00f3w jak: no\u015bno\u015b\u0107, u\u017cyte materia\u0142y, wyko\u0144czenie (np. malowanie natryskowe\/ elektrostatyczne\/ cynkowanie\/)...","_links":{"self":[{"href":"https:\/\/pojemnik.net.pl\/pl\/wp-json\/wp\/v2\/product\/1476"}],"collection":[{"href":"https:\/\/pojemnik.net.pl\/pl\/wp-json\/wp\/v2\/product"}],"about":[{"href":"https:\/\/pojemnik.net.pl\/pl\/wp-json\/wp\/v2\/types\/product"}],"wp:featuredmedia":[{"embeddable":true,"href":"https:\/\/pojemnik.net.pl\/pl\/wp-json\/wp\/v2\/media\/1477"}],"wp:attachment":[{"href":"https:\/\/pojemnik.net.pl\/pl\/wp-json\/wp\/v2\/media?parent=1476"}],"wp:term":[{"taxonomy":"product_cat","embeddable":true,"href":"https:\/\/pojemnik.net.pl\/pl\/wp-json\/wp\/v2\/product_cat?post=1476"},{"taxonomy":"product_tag","embeddable":true,"href":"https:\/\/pojemnik.net.pl\/pl\/wp-json\/wp\/v2\/product_tag?post=1476"}],"curies":[{"name":"wp","href":"https:\/\/api.w.org\/{rel}","templated":true}]}}