{"id":1459,"date":"2024-05-10T10:50:25","date_gmt":"2024-05-10T10:50:25","guid":{"rendered":"https:\/\/pojemnik.net.pl\/pl\/?post_type=product&#038;p=1459"},"modified":"2024-07-11T06:56:45","modified_gmt":"2024-07-11T06:56:45","slug":"pojemnik-pelny-1200x1200x1200-mm","status":"publish","type":"product","link":"https:\/\/pojemnik.net.pl\/pl\/produkt\/pojemnik-pelny-1200x1200x1200-mm\/","title":{"rendered":"Pojemnik pe\u0142ny 1200x1200x1200 mm"},"content":{"rendered":"<p><strong>Pojemnik pe\u0142ny<\/strong> o imponuj\u0105cych wymiarach 1200x1200x1200 mm to solidne i wszechstronne rozwi\u0105zanie do przechowywania i transportu r\u00f3\u017cnorodnych materia\u0142\u00f3w w przemy\u015ble. Jego du\u017ca pojemno\u015b\u0107 sprawia, \u017ce doskonale nadaje si\u0119 do przechowywania wi\u0119kszych ilo\u015bci materia\u0142\u00f3w lub du\u017cych przedmiot\u00f3w.<\/p>\n<p>Wykonany z wysokiej jako\u015bci materia\u0142\u00f3w, zapewnia niezawodno\u015b\u0107 i trwa\u0142o\u015b\u0107 w r\u00f3\u017cnych warunkach \u015brodowiskowych. Charakteryzuje si\u0119 on wag\u0105 170 kg, co<br \/>\n\u015bwiadczy o jego solidnej konstrukcji, umo\u017cliwiaj\u0105c r\u00f3wnocze\u015bnie przenoszenie za pomoc\u0105 odpowiednich urz\u0105dze\u0144.<\/p>\n<p><strong>Pojemnik pe\u0142ny<\/strong> o wymiarach 1200x1200x1200 mm posiada imponuj\u0105c\u0105 no\u015bno\u015b\u0107 do 2000 kg, co czyni go niezast\u0105pionym narz\u0119dziem w przemy\u015ble, gdzie konieczne jest przechowywanie i transport ci\u0119\u017ckich materia\u0142\u00f3w.<\/p>\n<p>Dodatkow\u0105 zalet\u0105 jest mo\u017cliwo\u015b\u0107 wyboru wersji szczelnej, co pozwala na zabezpieczenie przechowywanych materia\u0142\u00f3w przed czynnikami zewn\u0119trznymi. Jego uniwersalny design i solidne wykonanie sprawiaj\u0105, \u017ce doskonale sprawdza si\u0119 w wielu bran\u017cach przemys\u0142owych.<\/p>\n","protected":false},"excerpt":{"rendered":"<p><strong>Wymiary: 1200x1200x1200 mm.<\/strong><br \/>\n<strong>Waga 170kg,<\/strong><br \/>\n<strong>No\u015bno\u015b\u0107 2000 kg<\/strong><br \/>\n<strong>mo\u017cliwo\u015b\u0107 wersji szczelnej<\/strong><\/p>\n<p><strong>* Podana cena jest cen\u0105 orientacyjn\u0105. Dok\u0142adna cena jest ustalana z klientem i jest uzale\u017cniona od takich czynnik\u00f3w jak: no\u015bno\u015b\u0107, u\u017cyte materia\u0142y, wyko\u0144czenie (np. malowanie natryskowe\/ elektrostatyczne\/ cynkowanie\/)&#8230;<\/strong><\/p>\n","protected":false},"featured_media":1460,"template":"","meta":{"_uag_custom_page_level_css":"","site-sidebar-layout":"default","site-content-layout":"","ast-site-content-layout":"default","site-content-style":"default","site-sidebar-style":"default","ast-global-header-display":"","ast-banner-title-visibility":"","ast-main-header-display":"","ast-hfb-above-header-display":"","ast-hfb-below-header-display":"","ast-hfb-mobile-header-display":"","site-post-title":"","ast-breadcrumbs-content":"","ast-featured-img":"","footer-sml-layout":"","theme-transparent-header-meta":"default","adv-header-id-meta":"","stick-header-meta":"","header-above-stick-meta":"","header-main-stick-meta":"","header-below-stick-meta":"","astra-migrate-meta-layouts":"set","ast-page-background-enabled":"default","ast-page-background-meta":{"desktop":{"background-color":"var(--ast-global-color-4)","background-image":"","background-repeat":"repeat","background-position":"center center","background-size":"auto","background-attachment":"scroll","background-type":"","background-media":"","overlay-type":"","overlay-color":"","overlay-gradient":""},"tablet":{"background-color":"","background-image":"","background-repeat":"repeat","background-position":"center center","background-size":"auto","background-attachment":"scroll","background-type":"","background-media":"","overlay-type":"","overlay-color":"","overlay-gradient":""},"mobile":{"background-color":"","background-image":"","background-repeat":"repeat","background-position":"center center","background-size":"auto","background-attachment":"scroll","background-type":"","background-media":"","overlay-type":"","overlay-color":"","overlay-gradient":""}},"ast-content-background-meta":{"desktop":{"background-color":"var(--ast-global-color-5)","background-image":"","background-repeat":"repeat","background-position":"center center","background-size":"auto","background-attachment":"scroll","background-type":"","background-media":"","overlay-type":"","overlay-color":"","overlay-gradient":""},"tablet":{"background-color":"var(--ast-global-color-5)","background-image":"","background-repeat":"repeat","background-position":"center center","background-size":"auto","background-attachment":"scroll","background-type":"","background-media":"","overlay-type":"","overlay-color":"","overlay-gradient":""},"mobile":{"background-color":"var(--ast-global-color-5)","background-image":"","background-repeat":"repeat","background-position":"center center","background-size":"auto","background-attachment":"scroll","background-type":"","background-media":"","overlay-type":"","overlay-color":"","overlay-gradient":""}}},"product_cat":[22,40],"product_tag":[25],"uagb_featured_image_src":{"full":["https:\/\/pojemnik.net.pl\/pl\/wp-content\/uploads\/2024\/05\/19.jpg",600,600,false],"thumbnail":["https:\/\/pojemnik.net.pl\/pl\/wp-content\/uploads\/2024\/05\/19-150x150.jpg",150,150,true],"medium":["https:\/\/pojemnik.net.pl\/pl\/wp-content\/uploads\/2024\/05\/19-300x300.jpg",300,300,true],"medium_large":["https:\/\/pojemnik.net.pl\/pl\/wp-content\/uploads\/2024\/05\/19.jpg",600,600,false],"large":["https:\/\/pojemnik.net.pl\/pl\/wp-content\/uploads\/2024\/05\/19.jpg",600,600,false],"1536x1536":["https:\/\/pojemnik.net.pl\/pl\/wp-content\/uploads\/2024\/05\/19.jpg",600,600,false],"2048x2048":["https:\/\/pojemnik.net.pl\/pl\/wp-content\/uploads\/2024\/05\/19.jpg",600,600,false],"woocommerce_thumbnail":["https:\/\/pojemnik.net.pl\/pl\/wp-content\/uploads\/2024\/05\/19-300x300.jpg",300,300,true],"woocommerce_single":["https:\/\/pojemnik.net.pl\/pl\/wp-content\/uploads\/2024\/05\/19.jpg",600,600,false],"woocommerce_gallery_thumbnail":["https:\/\/pojemnik.net.pl\/pl\/wp-content\/uploads\/2024\/05\/19-100x100.jpg",100,100,true]},"uagb_author_info":{"display_name":"admin","author_link":"https:\/\/pojemnik.net.pl\/pl\/author\/"},"uagb_comment_info":0,"uagb_excerpt":"Wymiary: 1200x1200x1200 mm. Waga 170kg, No\u015bno\u015b\u0107 2000 kg mo\u017cliwo\u015b\u0107 wersji szczelnej * Podana cena jest cen\u0105 orientacyjn\u0105. Dok\u0142adna cena jest ustalana z klientem i jest uzale\u017cniona od takich czynnik\u00f3w jak: no\u015bno\u015b\u0107, u\u017cyte materia\u0142y, wyko\u0144czenie (np. malowanie natryskowe\/ elektrostatyczne\/ cynkowanie\/)...","_links":{"self":[{"href":"https:\/\/pojemnik.net.pl\/pl\/wp-json\/wp\/v2\/product\/1459"}],"collection":[{"href":"https:\/\/pojemnik.net.pl\/pl\/wp-json\/wp\/v2\/product"}],"about":[{"href":"https:\/\/pojemnik.net.pl\/pl\/wp-json\/wp\/v2\/types\/product"}],"wp:featuredmedia":[{"embeddable":true,"href":"https:\/\/pojemnik.net.pl\/pl\/wp-json\/wp\/v2\/media\/1460"}],"wp:attachment":[{"href":"https:\/\/pojemnik.net.pl\/pl\/wp-json\/wp\/v2\/media?parent=1459"}],"wp:term":[{"taxonomy":"product_cat","embeddable":true,"href":"https:\/\/pojemnik.net.pl\/pl\/wp-json\/wp\/v2\/product_cat?post=1459"},{"taxonomy":"product_tag","embeddable":true,"href":"https:\/\/pojemnik.net.pl\/pl\/wp-json\/wp\/v2\/product_tag?post=1459"}],"curies":[{"name":"wp","href":"https:\/\/api.w.org\/{rel}","templated":true}]}}