{"id":1430,"date":"2024-05-09T13:26:00","date_gmt":"2024-05-09T13:26:00","guid":{"rendered":"https:\/\/pojemnik.net.pl\/pl\/?post_type=product&#038;p=1430"},"modified":"2024-07-11T07:07:06","modified_gmt":"2024-07-11T07:07:06","slug":"pojemnik-pelny-z-pokrywa-1000x800x800-mm","status":"publish","type":"product","link":"https:\/\/pojemnik.net.pl\/pl\/produkt\/pojemnik-pelny-z-pokrywa-1000x800x800-mm\/","title":{"rendered":"Pojemnik pe\u0142ny z pokryw\u0105 1000x800x800 mm"},"content":{"rendered":"<p><strong>Pojemnik pe\u0142ny<\/strong> z pokryw\u0105 o wymiarach 1000x800x800 mm to solidne i wszechstronne rozwi\u0105zanie do przechowywania i transportu r\u00f3\u017cnorodnych materia\u0142\u00f3w w przemy\u015ble. Dzi\u0119ki swojej kompaktowej konstrukcji oraz wytrzyma\u0142ej pokrywie, idealnie nadaje si\u0119 do przechowywania i zabezpieczania towar\u00f3w przed czynnikami zewn\u0119trznymi.<\/p>\n<p>Pojemnik ten wykonany jest w wersji &#8220;szczelnej&#8221;, co oznacza, \u017ce doskonale chroni przechowywane w nim materia\u0142y przed wilgoci\u0105 i innymi czynnikami<br \/>\natmosferycznymi. Wytrzyma\u0142a konstrukcja oraz specjalnie zaprojektowane kana\u0142y do wsp\u00f3\u0142pracy z w\u00f3zkiem z obrotnic\u0105 z ka\u017cdego boku pojemnika, sprawiaj\u0105, \u017ce jest on \u0142atwy w obs\u0142udze i manewrowaniu.<\/p>\n<p>Charakteryzuje si\u0119 on r\u00f3wnie\u017c imponuj\u0105c\u0105 no\u015bno\u015bci\u0105 do 2000 kg, co czyni go niezwykle wszechstronnym i praktycznym narz\u0119dziem w codziennej pracy<br \/>\nprzemys\u0142owej. Mimo swej solidnej konstrukcji, pojemnik ten jest wzgl\u0119dnie lekki wa\u017cy jedynie 150 kg, co u\u0142atwia jego przenoszenie i manipulacj\u0119.<\/p>\n<p><strong>Pojemnik pe\u0142ny z pokryw\u0105<\/strong> o wymiarach 1000x800x800 mm to niezawodne rozwi\u0105zanie dla firm poszukuj\u0105cych solidnego i funkcjonalnego sposobu przechowywania i transportu materia\u0142\u00f3w.<\/p>\n<p>Jego uniwersalny design oraz wysoka jako\u015b\u0107 wykonania sprawiaj\u0105, \u017ce doskonale sprawdzi si\u0119 w wielu bran\u017cach przemys\u0142owych.<\/p>\n","protected":false},"excerpt":{"rendered":"<p><strong> Pojemnik pe\u0142ny z pokryw\u0105 wykonany w wersji \u201eszczelnej\u201d<\/strong><br \/>\n<strong>Wymiary: 1000x800x800 mm.<\/strong><br \/>\n<strong>Waga 150kg,<\/strong><br \/>\n<strong>No\u015bno\u015b\u0107 2000 kg<\/strong><br \/>\n<strong>Pojemnik posiada kana\u0142y do wsp\u00f3\u0142pracy w\u00f3zka z obrotnic\u0105 z ka\u017cdego boku<\/strong><\/p>\n<p><strong>* Podana cena jest cen\u0105 orientacyjn\u0105. Dok\u0142adna cena jest ustalana z klientem i jest uzale\u017cniona od takich czynnik\u00f3w jak: no\u015bno\u015b\u0107, u\u017cyte materia\u0142y, wyko\u0144czenie (np. malowanie natryskowe\/ elektrostatyczne\/ cynkowanie\/)&#8230;<\/strong><\/p>\n","protected":false},"featured_media":1431,"template":"","meta":{"_uag_custom_page_level_css":"","site-sidebar-layout":"default","site-content-layout":"","ast-site-content-layout":"default","site-content-style":"default","site-sidebar-style":"default","ast-global-header-display":"","ast-banner-title-visibility":"","ast-main-header-display":"","ast-hfb-above-header-display":"","ast-hfb-below-header-display":"","ast-hfb-mobile-header-display":"","site-post-title":"","ast-breadcrumbs-content":"","ast-featured-img":"","footer-sml-layout":"","theme-transparent-header-meta":"default","adv-header-id-meta":"","stick-header-meta":"","header-above-stick-meta":"","header-main-stick-meta":"","header-below-stick-meta":"","astra-migrate-meta-layouts":"set","ast-page-background-enabled":"default","ast-page-background-meta":{"desktop":{"background-color":"var(--ast-global-color-4)","background-image":"","background-repeat":"repeat","background-position":"center center","background-size":"auto","background-attachment":"scroll","background-type":"","background-media":"","overlay-type":"","overlay-color":"","overlay-gradient":""},"tablet":{"background-color":"","background-image":"","background-repeat":"repeat","background-position":"center center","background-size":"auto","background-attachment":"scroll","background-type":"","background-media":"","overlay-type":"","overlay-color":"","overlay-gradient":""},"mobile":{"background-color":"","background-image":"","background-repeat":"repeat","background-position":"center center","background-size":"auto","background-attachment":"scroll","background-type":"","background-media":"","overlay-type":"","overlay-color":"","overlay-gradient":""}},"ast-content-background-meta":{"desktop":{"background-color":"var(--ast-global-color-5)","background-image":"","background-repeat":"repeat","background-position":"center center","background-size":"auto","background-attachment":"scroll","background-type":"","background-media":"","overlay-type":"","overlay-color":"","overlay-gradient":""},"tablet":{"background-color":"var(--ast-global-color-5)","background-image":"","background-repeat":"repeat","background-position":"center center","background-size":"auto","background-attachment":"scroll","background-type":"","background-media":"","overlay-type":"","overlay-color":"","overlay-gradient":""},"mobile":{"background-color":"var(--ast-global-color-5)","background-image":"","background-repeat":"repeat","background-position":"center center","background-size":"auto","background-attachment":"scroll","background-type":"","background-media":"","overlay-type":"","overlay-color":"","overlay-gradient":""}}},"product_cat":[22,40],"product_tag":[25],"uagb_featured_image_src":{"full":["https:\/\/pojemnik.net.pl\/pl\/wp-content\/uploads\/2024\/05\/pojemnik100.jpg",750,489,false],"thumbnail":["https:\/\/pojemnik.net.pl\/pl\/wp-content\/uploads\/2024\/05\/pojemnik100-150x150.jpg",150,150,true],"medium":["https:\/\/pojemnik.net.pl\/pl\/wp-content\/uploads\/2024\/05\/pojemnik100-300x196.jpg",300,196,true],"medium_large":["https:\/\/pojemnik.net.pl\/pl\/wp-content\/uploads\/2024\/05\/pojemnik100.jpg",750,489,false],"large":["https:\/\/pojemnik.net.pl\/pl\/wp-content\/uploads\/2024\/05\/pojemnik100.jpg",750,489,false],"1536x1536":["https:\/\/pojemnik.net.pl\/pl\/wp-content\/uploads\/2024\/05\/pojemnik100.jpg",750,489,false],"2048x2048":["https:\/\/pojemnik.net.pl\/pl\/wp-content\/uploads\/2024\/05\/pojemnik100.jpg",750,489,false],"woocommerce_thumbnail":["https:\/\/pojemnik.net.pl\/pl\/wp-content\/uploads\/2024\/05\/pojemnik100-300x300.jpg",300,300,true],"woocommerce_single":["https:\/\/pojemnik.net.pl\/pl\/wp-content\/uploads\/2024\/05\/pojemnik100-600x391.jpg",600,391,true],"woocommerce_gallery_thumbnail":["https:\/\/pojemnik.net.pl\/pl\/wp-content\/uploads\/2024\/05\/pojemnik100-100x100.jpg",100,100,true]},"uagb_author_info":{"display_name":"admin","author_link":"https:\/\/pojemnik.net.pl\/pl\/author\/"},"uagb_comment_info":0,"uagb_excerpt":"Pojemnik pe\u0142ny z pokryw\u0105 wykonany w wersji \u201eszczelnej\u201d Wymiary: 1000x800x800 mm. Waga 150kg, No\u015bno\u015b\u0107 2000 kg Pojemnik posiada kana\u0142y do wsp\u00f3\u0142pracy w\u00f3zka z obrotnic\u0105 z ka\u017cdego boku * Podana cena jest cen\u0105 orientacyjn\u0105. Dok\u0142adna cena jest ustalana z klientem i jest uzale\u017cniona od takich czynnik\u00f3w jak: no\u015bno\u015b\u0107, u\u017cyte materia\u0142y, wyko\u0144czenie (np. malowanie natryskowe\/ elektrostatyczne\/ cynkowanie\/)...","_links":{"self":[{"href":"https:\/\/pojemnik.net.pl\/pl\/wp-json\/wp\/v2\/product\/1430"}],"collection":[{"href":"https:\/\/pojemnik.net.pl\/pl\/wp-json\/wp\/v2\/product"}],"about":[{"href":"https:\/\/pojemnik.net.pl\/pl\/wp-json\/wp\/v2\/types\/product"}],"wp:featuredmedia":[{"embeddable":true,"href":"https:\/\/pojemnik.net.pl\/pl\/wp-json\/wp\/v2\/media\/1431"}],"wp:attachment":[{"href":"https:\/\/pojemnik.net.pl\/pl\/wp-json\/wp\/v2\/media?parent=1430"}],"wp:term":[{"taxonomy":"product_cat","embeddable":true,"href":"https:\/\/pojemnik.net.pl\/pl\/wp-json\/wp\/v2\/product_cat?post=1430"},{"taxonomy":"product_tag","embeddable":true,"href":"https:\/\/pojemnik.net.pl\/pl\/wp-json\/wp\/v2\/product_tag?post=1430"}],"curies":[{"name":"wp","href":"https:\/\/api.w.org\/{rel}","templated":true}]}}