{"id":1417,"date":"2024-05-09T13:11:39","date_gmt":"2024-05-09T13:11:39","guid":{"rendered":"https:\/\/pojemnik.net.pl\/pl\/?post_type=product&#038;p=1417"},"modified":"2024-07-11T07:00:52","modified_gmt":"2024-07-11T07:00:52","slug":"pojemnik-pelny-300x200x145-mm-z-uchwytami-do-przenoszenia","status":"publish","type":"product","link":"https:\/\/pojemnik.net.pl\/pl\/produkt\/pojemnik-pelny-300x200x145-mm-z-uchwytami-do-przenoszenia\/","title":{"rendered":"Pojemnik pe\u0142ny 300x200x145 mm (z uchwytami do przenoszenia)"},"content":{"rendered":"<p><strong>Pojemnik pe\u0142ny<\/strong> o wymiarach 300x200x145 mm to praktyczne i wszechstronne rozwi\u0105zanie do przechowywania i transportu r\u00f3\u017cnorodnych materia\u0142\u00f3w w przemy\u015ble. Dzi\u0119ki swoim kompaktowym wymiarom, doskonale nadaje si\u0119 do przechowywania mniejszych przedmiot\u00f3w lub drobnych cz\u0119\u015bci.<\/p>\n<p>Wykonany z wysokiej jako\u015bci materia\u0142\u00f3w, zapewnia niezawodno\u015b\u0107 i trwa\u0142o\u015b\u0107 w r\u00f3\u017cnych warunkach \u015brodowiskowych.<\/p>\n<p>Pojemnik ten zosta\u0142 wyposa\u017cony w uchwyty do przenoszenia, co znacz\u0105co u\u0142atwia jego transportowanie i manipulacj\u0119. Ergonomiczny design i lekka konstrukcja sprawiaj\u0105, \u017ce jest \u0142atwy w obs\u0142udze i przechowywaniu, co przek\u0142ada si\u0119 na wygod\u0119 u\u017cytkowania.<\/p>\n<p><strong>Pojemnik pe\u0142ny z uchwytami<\/strong> do przenoszenia charakteryzuje si\u0119 wag\u0105 zaledwie 4 kg, co sprawia, \u017ce jest \u0142atwy do przenoszenia nawet przy pe\u0142nym obci\u0105\u017ceniu. Dodatkowo, pojemniki te s\u0105 przeznaczone do sztaplowania, co pozwala na efektywne wykorzystanie przestrzeni magazynowej.<\/p>\n<p>Dzi\u0119ki swojej funkcjonalno\u015bci i trwa\u0142o\u015bci, <strong>pojemniki pe\u0142ne z uchwytami<\/strong> do przenoszenia znajduj\u0105 zastosowanie w r\u00f3\u017cnych bran\u017cach przemys\u0142owych, gdzie niezb\u0119dna jest efektywna organizacja przestrzeni magazynowej oraz bezpieczny transport materia\u0142\u00f3w.<\/p>\n","protected":false},"excerpt":{"rendered":"<p><strong> Wymiary 300x200x145 mm.<\/strong><br \/>\n<strong>Waga 4kg.<\/strong><br \/>\n<strong>Pojemniki do sztaplowania.<\/strong><\/p>\n<p><strong>* Podana cena jest cen\u0105 orientacyjn\u0105. Dok\u0142adna cena jest ustalana z klientem i jest uzale\u017cniona od takich czynnik\u00f3w jak: no\u015bno\u015b\u0107, u\u017cyte materia\u0142y, wyko\u0144czenie (np. malowanie natryskowe\/ elektrostatyczne\/ cynkowanie\/)&#8230;<\/strong><\/p>\n","protected":false},"featured_media":1418,"template":"","meta":{"_uag_custom_page_level_css":"","site-sidebar-layout":"default","site-content-layout":"","ast-site-content-layout":"default","site-content-style":"default","site-sidebar-style":"default","ast-global-header-display":"","ast-banner-title-visibility":"","ast-main-header-display":"","ast-hfb-above-header-display":"","ast-hfb-below-header-display":"","ast-hfb-mobile-header-display":"","site-post-title":"","ast-breadcrumbs-content":"","ast-featured-img":"","footer-sml-layout":"","theme-transparent-header-meta":"default","adv-header-id-meta":"","stick-header-meta":"","header-above-stick-meta":"","header-main-stick-meta":"","header-below-stick-meta":"","astra-migrate-meta-layouts":"set","ast-page-background-enabled":"default","ast-page-background-meta":{"desktop":{"background-color":"var(--ast-global-color-4)","background-image":"","background-repeat":"repeat","background-position":"center center","background-size":"auto","background-attachment":"scroll","background-type":"","background-media":"","overlay-type":"","overlay-color":"","overlay-gradient":""},"tablet":{"background-color":"","background-image":"","background-repeat":"repeat","background-position":"center center","background-size":"auto","background-attachment":"scroll","background-type":"","background-media":"","overlay-type":"","overlay-color":"","overlay-gradient":""},"mobile":{"background-color":"","background-image":"","background-repeat":"repeat","background-position":"center center","background-size":"auto","background-attachment":"scroll","background-type":"","background-media":"","overlay-type":"","overlay-color":"","overlay-gradient":""}},"ast-content-background-meta":{"desktop":{"background-color":"var(--ast-global-color-5)","background-image":"","background-repeat":"repeat","background-position":"center center","background-size":"auto","background-attachment":"scroll","background-type":"","background-media":"","overlay-type":"","overlay-color":"","overlay-gradient":""},"tablet":{"background-color":"var(--ast-global-color-5)","background-image":"","background-repeat":"repeat","background-position":"center center","background-size":"auto","background-attachment":"scroll","background-type":"","background-media":"","overlay-type":"","overlay-color":"","overlay-gradient":""},"mobile":{"background-color":"var(--ast-global-color-5)","background-image":"","background-repeat":"repeat","background-position":"center center","background-size":"auto","background-attachment":"scroll","background-type":"","background-media":"","overlay-type":"","overlay-color":"","overlay-gradient":""}}},"product_cat":[22,40],"product_tag":[25],"uagb_featured_image_src":{"full":["https:\/\/pojemnik.net.pl\/pl\/wp-content\/uploads\/2024\/05\/pojemnik300.jpg",800,513,false],"thumbnail":["https:\/\/pojemnik.net.pl\/pl\/wp-content\/uploads\/2024\/05\/pojemnik300-150x150.jpg",150,150,true],"medium":["https:\/\/pojemnik.net.pl\/pl\/wp-content\/uploads\/2024\/05\/pojemnik300-300x192.jpg",300,192,true],"medium_large":["https:\/\/pojemnik.net.pl\/pl\/wp-content\/uploads\/2024\/05\/pojemnik300-768x492.jpg",768,492,true],"large":["https:\/\/pojemnik.net.pl\/pl\/wp-content\/uploads\/2024\/05\/pojemnik300.jpg",800,513,false],"1536x1536":["https:\/\/pojemnik.net.pl\/pl\/wp-content\/uploads\/2024\/05\/pojemnik300.jpg",800,513,false],"2048x2048":["https:\/\/pojemnik.net.pl\/pl\/wp-content\/uploads\/2024\/05\/pojemnik300.jpg",800,513,false],"woocommerce_thumbnail":["https:\/\/pojemnik.net.pl\/pl\/wp-content\/uploads\/2024\/05\/pojemnik300-300x300.jpg",300,300,true],"woocommerce_single":["https:\/\/pojemnik.net.pl\/pl\/wp-content\/uploads\/2024\/05\/pojemnik300-600x385.jpg",600,385,true],"woocommerce_gallery_thumbnail":["https:\/\/pojemnik.net.pl\/pl\/wp-content\/uploads\/2024\/05\/pojemnik300-100x100.jpg",100,100,true]},"uagb_author_info":{"display_name":"admin","author_link":"https:\/\/pojemnik.net.pl\/pl\/author\/"},"uagb_comment_info":0,"uagb_excerpt":"Wymiary 300x200x145 mm. Waga 4kg. Pojemniki do sztaplowania. * Podana cena jest cen\u0105 orientacyjn\u0105. Dok\u0142adna cena jest ustalana z klientem i jest uzale\u017cniona od takich czynnik\u00f3w jak: no\u015bno\u015b\u0107, u\u017cyte materia\u0142y, wyko\u0144czenie (np. malowanie natryskowe\/ elektrostatyczne\/ cynkowanie\/)...","_links":{"self":[{"href":"https:\/\/pojemnik.net.pl\/pl\/wp-json\/wp\/v2\/product\/1417"}],"collection":[{"href":"https:\/\/pojemnik.net.pl\/pl\/wp-json\/wp\/v2\/product"}],"about":[{"href":"https:\/\/pojemnik.net.pl\/pl\/wp-json\/wp\/v2\/types\/product"}],"wp:featuredmedia":[{"embeddable":true,"href":"https:\/\/pojemnik.net.pl\/pl\/wp-json\/wp\/v2\/media\/1418"}],"wp:attachment":[{"href":"https:\/\/pojemnik.net.pl\/pl\/wp-json\/wp\/v2\/media?parent=1417"}],"wp:term":[{"taxonomy":"product_cat","embeddable":true,"href":"https:\/\/pojemnik.net.pl\/pl\/wp-json\/wp\/v2\/product_cat?post=1417"},{"taxonomy":"product_tag","embeddable":true,"href":"https:\/\/pojemnik.net.pl\/pl\/wp-json\/wp\/v2\/product_tag?post=1417"}],"curies":[{"name":"wp","href":"https:\/\/api.w.org\/{rel}","templated":true}]}}