{"id":228,"date":"2024-05-09T09:33:35","date_gmt":"2024-05-09T09:33:35","guid":{"rendered":"https:\/\/pojemnik.net.pl\/pl\/contact\/"},"modified":"2024-08-06T06:35:20","modified_gmt":"2024-08-06T06:35:20","slug":"producent-pojemnikow-metalowyc-kontakt","status":"publish","type":"page","link":"https:\/\/pojemnik.net.pl\/pl\/producent-pojemnikow-metalowyc-kontakt\/","title":{"rendered":"Producent pojemnik\u00f3w metalowych &#8211; Kontakt"},"content":{"rendered":"\n<div class=\"wp-block-uagb-container uagb-block-91a1a3a6 alignfull uagb-is-root-container\"><div class=\"uagb-container-inner-blocks-wrap\">\n<div class=\"wp-block-uagb-advanced-heading uagb-block-bacd11a8\"><h1 class=\"uagb-heading-text\"><strong>Producent pojemnik\u00f3w metalowych<\/strong>&nbsp;<strong>\u2013 kontakt z firm\u0105<\/strong><\/h1><\/div>\n<\/div><\/div>\n\n\n\n<div class=\"wp-block-uagb-container uagb-block-cafced70 alignfull uagb-is-root-container\"><div class=\"uagb-container-inner-blocks-wrap\">\n<div class=\"wp-block-uagb-container uagb-block-acf8c11a\">\n<p>Sp\u00f3jnia to firma, kt\u00f3ra oferuje Pa\u0144stwu najwy\u017cszej jako\u015bci&nbsp;<strong>pojemniki metalowe&nbsp;<\/strong>siatkowe, sk\u0142adane i pe\u0142ne. Siedziba naszej firmy znajduje si\u0119&nbsp;<strong>w Kolonii Poczesnej, niedaleko&nbsp;<\/strong><strong>Cz\u0119stochowy<\/strong>.<\/p>\n\n\n\n<p>Je\u017celi zainteresowa\u0142a Pa\u0144stwa zr\u00f3\u017cnicowana oferta naszych produkt\u00f3w,&nbsp;<strong>zapraszamy do kontaktu<\/strong>&nbsp;z naszymi pracownikami. Z przyjemno\u015bci\u0105 udzielimy wyczerpuj\u0105cych odpowiedzi na pytania dotycz\u0105ce wymiar\u00f3w, stopnia no\u015bno\u015bci czy parametr\u00f3w technicznych wyrob\u00f3w.<\/p>\n\n\n\n<p>Zapraszamy do kontaktu!<\/p>\n\n\n\n<div class=\"wp-block-uagb-info-box uagb-block-c3ffd218 uagb-infobox__content-wrap  uagb-infobox-icon-above-title uagb-infobox-image-valign-top\"><div class=\"uagb-ifb-content\"><div class=\"uagb-ifb-title-wrap\"><h2 class=\"uagb-ifb-title\">DANE KONTAKTOWE<\/h2><\/div><div class=\"uagb-ifb-separator\"><\/div><\/div><\/div>\n\n\n\n<div class=\"wp-block-uagb-container uagb-block-787de2b1\">\n<p class=\"has-medium-font-size\"><strong>Przedsi\u0119biorstwo Produkcyjno Handlowo Us\u0142ugowe \u201eSP\u00d3JNIA\u201d \u2013 Grzegorz Wichli\u0144ski<\/strong><br><br>42-262 Poczesna, Kolonia Poczesna, ul.Bankowa 3<\/p>\n\n\n\n<div class=\"wp-block-uagb-advanced-heading uagb-block-6eb56014\"><div class=\"uagb-heading-text\">Telefon<\/div><p class=\"uagb-desc-text\"><a href=\"tel:+48343274087\">+48 (34) 327 40 87<\/a><br>+48 601 458 539<\/p><\/div>\n\n\n\n<div class=\"wp-block-uagb-advanced-heading uagb-block-7311578f\"><div class=\"uagb-heading-text\">E-mail<\/div><p class=\"uagb-desc-text\"><a href=\"mailto:spojnia@pojemnik.net.pl\">spojnia@pojemnik.net.pl<\/a><br><a href=\"mailto:wichlinski@strony.com.pl\">wichlinski@strony.com.pl<\/a><\/p><\/div>\n<\/div>\n\n\n\n<div class=\"wp-block-uagb-separator uagb-block-f86edd4e\"><div class=\"wp-block-uagb-separator__inner\" style=\"--my-background-image:\"><\/div><\/div>\n\n\n\n<div class=\"wp-block-uagb-icon-list uagb-block-6009982d\"><div class=\"uagb-icon-list__wrap\">\n<div class=\"wp-block-uagb-icon-list-child uagb-block-8799444e\"><a target=\"_blank\" aria-label=\"List item\" rel=\"noopener noreferrer\" href=\"https:\/\/www.facebook.com\/profile.php?id=61561740887369\"> <\/a><span class=\"uagb-icon-list__source-wrap\"><svg xmlns=\"https:\/\/www.w3.org\/2000\/svg\" viewBox=\"0 0 512 512\"><path d=\"M504 256C504 119 393 8 256 8S8 119 8 256c0 123.8 90.69 226.4 209.3 245V327.7h-63V256h63v-54.64c0-62.15 37-96.48 93.67-96.48 27.14 0 55.52 4.84 55.52 4.84v61h-31.28c-30.8 0-40.41 19.12-40.41 38.73V256h68.78l-11 71.69h-57.78V501C413.3 482.4 504 379.8 504 256z\"><\/path><\/svg><\/span><\/div>\n\n\n\n<div class=\"wp-block-uagb-icon-list-child uagb-block-b73ce1f1\"><a target=\"_blank\" aria-label=\"List item\" rel=\"noopener noreferrer\" href=\"https:\/\/twitter.com\/Micha95161425\/\"> <\/a><span class=\"uagb-icon-list__source-wrap\"><svg xmlns=\"https:\/\/www.w3.org\/2000\/svg\" viewBox=\"0 0 512 512\"><path d=\"M389.2 48h70.6L305.6 224.2 487 464H345L233.7 318.6 106.5 464H35.8L200.7 275.5 26.8 48H172.4L272.9 180.9 389.2 48zM364.4 421.8h39.1L151.1 88h-42L364.4 421.8z\"><\/path><\/svg><\/span><\/div>\n\n\n\n<div class=\"wp-block-uagb-icon-list-child uagb-block-21a1bfdf\"><a target=\"_blank\" aria-label=\"List item\" rel=\"noopener noreferrer\" href=\"https:\/\/www.youtube.com\/channel\/UCNtEemiemYR_hI95hd4_IRA\"> <\/a><span class=\"uagb-icon-list__source-wrap\"><svg xmlns=\"https:\/\/www.w3.org\/2000\/svg\" viewBox=\"0 0 576 512\"><path d=\"M549.7 124.1c-6.281-23.65-24.79-42.28-48.28-48.6C458.8 64 288 64 288 64S117.2 64 74.63 75.49c-23.5 6.322-42 24.95-48.28 48.6-11.41 42.87-11.41 132.3-11.41 132.3s0 89.44 11.41 132.3c6.281 23.65 24.79 41.5 48.28 47.82C117.2 448 288 448 288 448s170.8 0 213.4-11.49c23.5-6.321 42-24.17 48.28-47.82 11.41-42.87 11.41-132.3 11.41-132.3s0-89.44-11.41-132.3zm-317.5 213.5V175.2l142.7 81.21-142.7 81.2z\"><\/path><\/svg><\/span><\/div>\n\n\n\n<div class=\"wp-block-uagb-icon-list-child uagb-block-28863de1\"><a target=\"_blank\" aria-label=\"List item\" rel=\"noopener noreferrer\" href=\"\"> <\/a><\/div>\n<\/div><\/div>\n\n\n\n<div style=\"height:100px\" aria-hidden=\"true\" class=\"wp-block-spacer\"><\/div>\n\n\n\n<figure class=\"wp-block-gallery alignwide has-nested-images columns-default is-cropped wp-block-gallery-1 is-layout-flex wp-block-gallery-is-layout-flex\">\n<figure class=\"wp-block-image size-medium\"><img loading=\"lazy\" decoding=\"async\" width=\"300\" height=\"300\" src=\"https:\/\/pojemnik.net.pl\/pl\/wp-content\/uploads\/2024\/05\/pojemniki-spojnia-1-300x300.jpg\" alt=\"\" class=\"wp-image-1908\" title=\"\" srcset=\"https:\/\/pojemnik.net.pl\/pl\/wp-content\/uploads\/2024\/05\/pojemniki-spojnia-1-300x300.jpg 300w, https:\/\/pojemnik.net.pl\/pl\/wp-content\/uploads\/2024\/05\/pojemniki-spojnia-1-150x150.jpg 150w, https:\/\/pojemnik.net.pl\/pl\/wp-content\/uploads\/2024\/05\/pojemniki-spojnia-1-100x100.jpg 100w, https:\/\/pojemnik.net.pl\/pl\/wp-content\/uploads\/2024\/05\/pojemniki-spojnia-1.jpg 600w\" sizes=\"(max-width: 300px) 100vw, 300px\" \/><\/figure>\n\n\n\n<figure class=\"wp-block-image size-medium\"><img loading=\"lazy\" decoding=\"async\" width=\"300\" height=\"300\" src=\"https:\/\/pojemnik.net.pl\/pl\/wp-content\/uploads\/2024\/05\/Kontener-siatkowy-09-300x300.jpg\" alt=\"\" class=\"wp-image-1909\" title=\"\" srcset=\"https:\/\/pojemnik.net.pl\/pl\/wp-content\/uploads\/2024\/05\/Kontener-siatkowy-09-300x300.jpg 300w, https:\/\/pojemnik.net.pl\/pl\/wp-content\/uploads\/2024\/05\/Kontener-siatkowy-09-150x150.jpg 150w, https:\/\/pojemnik.net.pl\/pl\/wp-content\/uploads\/2024\/05\/Kontener-siatkowy-09-100x100.jpg 100w, https:\/\/pojemnik.net.pl\/pl\/wp-content\/uploads\/2024\/05\/Kontener-siatkowy-09.jpg 600w\" sizes=\"(max-width: 300px) 100vw, 300px\" \/><\/figure>\n\n\n\n<figure class=\"wp-block-image size-medium\"><img loading=\"lazy\" decoding=\"async\" width=\"291\" height=\"300\" src=\"https:\/\/pojemnik.net.pl\/pl\/wp-content\/uploads\/2024\/05\/Kontener-siatkowy-07-291x300.jpg\" alt=\"\" class=\"wp-image-1907\" title=\"\" srcset=\"https:\/\/pojemnik.net.pl\/pl\/wp-content\/uploads\/2024\/05\/Kontener-siatkowy-07-291x300.jpg 291w, https:\/\/pojemnik.net.pl\/pl\/wp-content\/uploads\/2024\/05\/Kontener-siatkowy-07-992x1024.jpg 992w, https:\/\/pojemnik.net.pl\/pl\/wp-content\/uploads\/2024\/05\/Kontener-siatkowy-07-768x793.jpg 768w, https:\/\/pojemnik.net.pl\/pl\/wp-content\/uploads\/2024\/05\/Kontener-siatkowy-07-600x620.jpg 600w, https:\/\/pojemnik.net.pl\/pl\/wp-content\/uploads\/2024\/05\/Kontener-siatkowy-07.jpg 1200w\" sizes=\"(max-width: 291px) 100vw, 291px\" \/><\/figure>\n<\/figure>\n<\/div>\n\n\n\n<div class=\"wp-block-uagb-container uagb-block-bc6d6138\">\n<div class=\"wpcf7 no-js\" id=\"wpcf7-f1917-o1\" lang=\"pl-PL\" dir=\"ltr\">\n<div class=\"screen-reader-response\"><p role=\"status\" aria-live=\"polite\" aria-atomic=\"true\"><\/p> <ul><\/ul><\/div>\n<form action=\"\/pl\/wp-json\/wp\/v2\/pages\/228#wpcf7-f1917-o1\" method=\"post\" class=\"wpcf7-form init\" aria-label=\"Formularz kontaktowy\" novalidate=\"novalidate\" data-status=\"init\">\n<div style=\"display: none;\">\n<input type=\"hidden\" name=\"_wpcf7\" value=\"1917\" \/>\n<input type=\"hidden\" name=\"_wpcf7_version\" value=\"5.9.6\" \/>\n<input type=\"hidden\" name=\"_wpcf7_locale\" value=\"pl_PL\" \/>\n<input type=\"hidden\" name=\"_wpcf7_unit_tag\" value=\"wpcf7-f1917-o1\" \/>\n<input type=\"hidden\" name=\"_wpcf7_container_post\" value=\"0\" \/>\n<input type=\"hidden\" name=\"_wpcf7_posted_data_hash\" value=\"\" \/>\n<\/div>\n<p><label> Twoje imi\u0119 i nazwisko<br \/>\n<span class=\"wpcf7-form-control-wrap\" data-name=\"your-name\"><input size=\"40\" maxlength=\"80\" class=\"wpcf7-form-control wpcf7-text wpcf7-validates-as-required\" autocomplete=\"name\" aria-required=\"true\" aria-invalid=\"false\" value=\"\" type=\"text\" name=\"your-name\" \/><\/span> <\/label>\n<\/p>\n<p><label> Tw\u00f3j adres e-mail<br \/>\n<span class=\"wpcf7-form-control-wrap\" data-name=\"your-email\"><input size=\"40\" maxlength=\"80\" class=\"wpcf7-form-control wpcf7-email wpcf7-validates-as-required wpcf7-text wpcf7-validates-as-email\" autocomplete=\"email\" aria-required=\"true\" aria-invalid=\"false\" value=\"\" type=\"email\" name=\"your-email\" \/><\/span> <\/label>\n<\/p>\n<p><label> Twoja wiadomo\u015bci (opcjonalne)<br \/>\n<span class=\"wpcf7-form-control-wrap\" data-name=\"your-message\"><textarea cols=\"40\" rows=\"10\" maxlength=\"400\" class=\"wpcf7-form-control wpcf7-textarea\" aria-invalid=\"false\" name=\"your-message\"><\/textarea><\/span> <\/label>\n<\/p>\n<p><span class=\"wpcf7-form-control-wrap\" data-name=\"acceptance-128\"><span class=\"wpcf7-form-control wpcf7-acceptance\"><span class=\"wpcf7-list-item\"><label><input type=\"checkbox\" name=\"acceptance-128\" value=\"1\" aria-invalid=\"false\" \/><span class=\"wpcf7-list-item-label\">Wyra\u017cam zgod\u0119 na przetwarzanie moich danych osobowych podanych w formularzu w celu otrzymania odpowiedzi od firmy: Przedsi\u0119biorstwo Produkcyjno Handlowo Us\u0142ugowe \"SP\u00d3JNIA\" - Grzegorz Wichli\u0144ski  Zosta\u0142em poinformowany, \u017ce: \u2022 administratorem podanych danych jest firma: Przedsi\u0119biorstwo Produkcyjno Handlowo Us\u0142ugowe \"SP\u00d3JNIA\" - Grzegorz Wichli\u0144ski z siedzib\u0105 w 42-262 Poczesna, Kolonia Poczesna, ul.Bankowa 3 \u2022 podanie danych jest dobrowolne, ale niezb\u0119dne do przetworzenia zapytania; \u2022 podane dane nie b\u0119d\u0105 udost\u0119pniane innym podmiotom; \u2022 przys\u0142uguje mi prawo dost\u0119pu do swoich danych, mo\u017cliwo\u015bci ich poprawiania, \u017c\u0105dania zaprzestania ich przetwarzania; \u2022 posiadam prawo wniesienia skargi do organu nadzorczego, gdy uznam, i\u017c przetwarzanie moich danych osobowych narusza przepisy og\u00f3lnego rozporz\u0105dzenia o ochronie danych osobowych z dnia 27 kwietnia 2016 r.; \u2022 mam prawo do odwo\u0142ania zgody na przetwarzanie ww. danych; \u2022 podane dane b\u0119d\u0105 przetwarzane przez okres niezb\u0119dny do wygenerowania odpowiedzi.<\/span><\/label><\/span><\/span><\/span>\n<\/p>\n<p><input class=\"wpcf7-form-control wpcf7-submit has-spinner\" type=\"submit\" value=\"Wy\u015blij\" \/>\n<\/p><div class=\"wpcf7-response-output\" aria-hidden=\"true\"><\/div>\n<\/form>\n<\/div>\n\n<\/div>\n<\/div><\/div>\n\n\n\n<div style=\"height:100px\" aria-hidden=\"true\" class=\"wp-block-spacer\"><\/div>\n\n\n\n<div class=\"wp-block-uagb-container uagb-block-091e0f57 alignfull uagb-is-root-container\"><div class=\"uagb-container-inner-blocks-wrap\">\n<iframe src=\"https:\/\/www.google.com\/maps\/embed?pb=!1m14!1m8!1m3!1d20211.551621296847!2d19.1563684!3d50.7117024!3m2!1i1024!2i768!4f13.1!3m3!1m2!1s0x4710cb48d0c588ed%3A0xd8b398fe5120bb21!2sSp%C3%B3jnia.%20Pojemniki%2C%20kontenery%20sk%C5%82adane%2C%20metalowe.%20Wichli%C5%84ski%20G.!5e0!3m2!1spl!2spl!4v1722925793832!5m2!1spl!2spl\" height=\"450\" style=\"border:0;width:100%;\"  loading=\"lazy\" referrerpolicy=\"no-referrer-when-downgrade\"><\/iframe>\n<\/div><\/div>\n\n\n\n<div class=\"wp-block-uagb-separator uagb-block-4618e936\"><div class=\"wp-block-uagb-separator__inner\" style=\"--my-background-image:\"><\/div><\/div>\n\n\n\n<div class=\"wp-block-uagb-container uagb-block-2d963096 alignfull uagb-is-root-container\"><div class=\"uagb-container-inner-blocks-wrap\"><\/div><\/div>\n\n\n\n<div class=\"wp-block-uagb-container uagb-block-c84325e4 alignfull uagb-is-root-container\"><div class=\"uagb-container-inner-blocks-wrap\">\n<div class=\"wp-block-uagb-info-box uagb-block-d8a09d88 uagb-infobox__content-wrap  uagb-infobox-icon-above-title uagb-infobox-image-valign-top\"><div class=\"uagb-ifb-content\"><div class=\"uagb-ifb-title-wrap\"><h2 class=\"uagb-ifb-title\">Skorzystaj z naszej oferty<\/h2><\/div><p class=\"uagb-ifb-desc\">Sprawd\u017a nasz\u0105 pe\u0142n\u0105 ofert\u0119 kontener\u00f3w online. Realizujemy tak\u017ce zam\u00f3wienia niestandardowe. Skontaktuj si\u0119 ju\u017c dzi\u015b!<\/p><div class=\"uagb-ifb-button-wrapper wp-block-button\"><a href=\"https:\/\/pojemnik.net.pl\/pl\/producent-pojemnikow-metalowyc-kontakt\/\" class=\"uagb-infobox-cta-link wp-block-button__link\" target=\"_self\" rel=\"noopener noreferrer\" onclick=\"return true;\"><span class=\"uagb-inline-editing\">Zam\u00f3w teraz<\/span><\/a><\/div><\/div><\/div>\n<\/div><\/div>\n","protected":false},"excerpt":{"rendered":"<p>Producent pojemnik\u00f3w metalowych&nbsp;\u2013 kontakt z firm\u0105 Sp\u00f3jnia to firma, kt\u00f3ra oferuje Pa\u0144stwu najwy\u017cszej jako\u015bci&nbsp;pojemniki metalowe&nbsp;siatkowe, sk\u0142adane i pe\u0142ne. Siedziba naszej [&hellip;]<\/p>\n","protected":false},"author":1,"featured_media":0,"parent":0,"menu_order":0,"comment_status":"closed","ping_status":"closed","template":"","meta":{"_uag_custom_page_level_css":"","site-sidebar-layout":"default","site-content-layout":"","ast-site-content-layout":"default","site-content-style":"default","site-sidebar-style":"default","ast-global-header-display":"","ast-banner-title-visibility":"","ast-main-header-display":"","ast-hfb-above-header-display":"","ast-hfb-below-header-display":"","ast-hfb-mobile-header-display":"","site-post-title":"disabled","ast-breadcrumbs-content":"","ast-featured-img":"","footer-sml-layout":"","theme-transparent-header-meta":"enabled","adv-header-id-meta":"","stick-header-meta":"","header-above-stick-meta":"","header-main-stick-meta":"","header-below-stick-meta":"","astra-migrate-meta-layouts":"set","ast-page-background-enabled":"default","ast-page-background-meta":{"desktop":{"background-color":"var(--ast-global-color-4)","background-image":"","background-repeat":"repeat","background-position":"center center","background-size":"auto","background-attachment":"scroll","background-type":"","background-media":"","overlay-type":"","overlay-color":"","overlay-gradient":""},"tablet":{"background-color":"","background-image":"","background-repeat":"repeat","background-position":"center center","background-size":"auto","background-attachment":"scroll","background-type":"","background-media":"","overlay-type":"","overlay-color":"","overlay-gradient":""},"mobile":{"background-color":"","background-image":"","background-repeat":"repeat","background-position":"center center","background-size":"auto","background-attachment":"scroll","background-type":"","background-media":"","overlay-type":"","overlay-color":"","overlay-gradient":""}},"ast-content-background-meta":{"desktop":{"background-color":"var(--ast-global-color-5)","background-image":"","background-repeat":"repeat","background-position":"center center","background-size":"auto","background-attachment":"scroll","background-type":"","background-media":"","overlay-type":"","overlay-color":"","overlay-gradient":""},"tablet":{"background-color":"var(--ast-global-color-5)","background-image":"","background-repeat":"repeat","background-position":"center center","background-size":"auto","background-attachment":"scroll","background-type":"","background-media":"","overlay-type":"","overlay-color":"","overlay-gradient":""},"mobile":{"background-color":"var(--ast-global-color-5)","background-image":"","background-repeat":"repeat","background-position":"center center","background-size":"auto","background-attachment":"scroll","background-type":"","background-media":"","overlay-type":"","overlay-color":"","overlay-gradient":""}},"footnotes":""},"uagb_featured_image_src":{"full":false,"thumbnail":false,"medium":false,"medium_large":false,"large":false,"1536x1536":false,"2048x2048":false,"woocommerce_thumbnail":false,"woocommerce_single":false,"woocommerce_gallery_thumbnail":false},"uagb_author_info":{"display_name":"admin","author_link":"https:\/\/pojemnik.net.pl\/pl\/author\/admin\/"},"uagb_comment_info":0,"uagb_excerpt":"Producent pojemnik\u00f3w metalowych&nbsp;\u2013 kontakt z firm\u0105 Sp\u00f3jnia to firma, kt\u00f3ra oferuje Pa\u0144stwu najwy\u017cszej jako\u015bci&nbsp;pojemniki metalowe&nbsp;siatkowe, sk\u0142adane i pe\u0142ne. Siedziba naszej [&hellip;]","_links":{"self":[{"href":"https:\/\/pojemnik.net.pl\/pl\/wp-json\/wp\/v2\/pages\/228"}],"collection":[{"href":"https:\/\/pojemnik.net.pl\/pl\/wp-json\/wp\/v2\/pages"}],"about":[{"href":"https:\/\/pojemnik.net.pl\/pl\/wp-json\/wp\/v2\/types\/page"}],"author":[{"embeddable":true,"href":"https:\/\/pojemnik.net.pl\/pl\/wp-json\/wp\/v2\/users\/1"}],"replies":[{"embeddable":true,"href":"https:\/\/pojemnik.net.pl\/pl\/wp-json\/wp\/v2\/comments?post=228"}],"version-history":[{"count":31,"href":"https:\/\/pojemnik.net.pl\/pl\/wp-json\/wp\/v2\/pages\/228\/revisions"}],"predecessor-version":[{"id":2078,"href":"https:\/\/pojemnik.net.pl\/pl\/wp-json\/wp\/v2\/pages\/228\/revisions\/2078"}],"wp:attachment":[{"href":"https:\/\/pojemnik.net.pl\/pl\/wp-json\/wp\/v2\/media?parent=228"}],"curies":[{"name":"wp","href":"https:\/\/api.w.org\/{rel}","templated":true}]}}