{"id":167,"date":"2024-05-09T09:33:35","date_gmt":"2024-05-09T09:33:35","guid":{"rendered":"https:\/\/pojemnik.net.pl\/pl\/offerings\/"},"modified":"2024-10-08T09:43:52","modified_gmt":"2024-10-08T09:43:52","slug":"nasza-oferta-kontenery-metalowe-pelne-siatkowe","status":"publish","type":"page","link":"https:\/\/pojemnik.net.pl\/pl\/nasza-oferta-kontenery-metalowe-pelne-siatkowe\/","title":{"rendered":"Oferta"},"content":{"rendered":"\n<div class=\"wp-block-uagb-container uagb-block-6803eae3 alignfull uagb-is-root-container\"><div class=\"uagb-container-inner-blocks-wrap\">\n<div class=\"wp-block-uagb-advanced-heading uagb-block-a2f9964e\"><h1 class=\"uagb-heading-text\">Nasza oferta<\/h1><\/div>\n<\/div><\/div>\n\n\n\n<div class=\"wp-block-uagb-container uagb-block-623363c6 alignfull uagb-is-root-container\"><div class=\"uagb-container-inner-blocks-wrap\">\n<div class=\"wp-block-uagb-info-box uagb-block-3801b6ed uagb-infobox__content-wrap  uagb-infobox-icon-above-title uagb-infobox-image-valign-top\"><div class=\"uagb-ifb-content\"><div class=\"uagb-ifb-title-wrap\"><h2 class=\"uagb-ifb-title\">KONTENERY METALOWE POJEMNIKI SIATKOWE, PALETY METALOWE&#8230;<\/h2><\/div><p class=\"uagb-ifb-desc\">W naszej ofercie znajd\u0105 Pa\u0144stwo pojemniki pe\u0142ne oraz &nbsp;<a href=\"https:\/\/pojemnik.net.pl\/kategoria-produktu\/pojemniki-siatkowe\/\">pojemniki siatkowe sk\u0142adane<\/a>&nbsp;prosto od producenta. To najlepsza opcja dla przedsi\u0119biorc\u00f3w, kt\u00f3rzy poszukuj\u0105 doskona\u0142ej jako\u015bci konstrukcji na potrzeby swojego biura lub magazynu. Dajemy gwarancj\u0119 atrakcyjnej ceny oraz d\u0142ugoletniej niezawodno\u015bci.<\/p><\/div><\/div>\n\n\n\n<div class=\"wp-block-uagb-container uagb-block-e91230d3\">\n<div class=\"wp-block-uagb-container uagb-block-b46395ef\">\n<div class=\"wp-block-uagb-image alignleft uagb-block-4ff9da3f wp-block-uagb-image--layout-default wp-block-uagb-image--effect-static wp-block-uagb-image--align-left\"><figure class=\"wp-block-uagb-image__figure\"><img decoding=\"async\" srcset=\"https:\/\/pojemnik.net.pl\/pl\/wp-content\/uploads\/2024\/05\/pojemniki-pelne-spojnia.jpg ,https:\/\/pojemnik.net.pl\/pl\/wp-content\/uploads\/2024\/05\/pojemniki-pelne-spojnia.jpg 780w, https:\/\/pojemnik.net.pl\/pl\/wp-content\/uploads\/2024\/05\/pojemniki-pelne-spojnia.jpg 360w\" sizes=\"(max-width: 480px) 150px\" src=\"https:\/\/pojemnik.net.pl\/pl\/wp-content\/uploads\/2024\/05\/pojemniki-pelne-spojnia.jpg\" alt=\"Pojemniki metalowe i kontenery metalowe Sp\u00f3jnia\" class=\"uag-image-1678\" width=\"560\" height=\"500\" title=\"pojemniki pe\u0142ne sp\u00f3jnia\" loading=\"lazy\" role=\"img\"\/><\/figure><\/div>\n<\/div>\n\n\n\n<div class=\"wp-block-uagb-container uagb-block-7621abb2\">\n<div class=\"wp-block-uagb-info-box uagb-block-f3d2d6b2 uagb-infobox__content-wrap  uagb-infobox-icon-above-title uagb-infobox-image-valign-top\"><div class=\"uagb-ifb-content\"><div class=\"uagb-ifb-title-wrap\"><span class=\"uagb-ifb-title-prefix\">01<\/span><h3 class=\"uagb-ifb-title\">Pojemniki metalowe pe\u0142ne<\/h3><\/div><p class=\"uagb-ifb-desc\"><strong>Kontenery metalowe<\/strong> pe\u0142ne to niezawodne rozwi\u0105zanie do przechowywania i transportu r\u00f3\u017cnorodnych materia\u0142\u00f3w w przemy\u015ble. Pojemniki metalowe pe\u0142ne s\u0105 solidne i trwa\u0142e, co sprawia, \u017ce idealnie nadaj\u0105 si\u0119 do zastosowa\u0144 przemys\u0142owych. Dzi\u0119ki swojej wytrzyma\u0142o\u015bci,<strong> <\/strong><a href=\"\/pl\/kategoria-produktu\/pojemniki-metalowe-pelne\/\">pojemniki metalowe pe\u0142ne<\/a> gwarantuj\u0105 bezpiecze\u0144stwo przechowywanych materia\u0142\u00f3w. W przemy\u015ble, pojemniki metalowe pe\u0142ne s\u0105 niezast\u0105pione w logistyce i magazynowaniu.<br><br>Jako do\u015bwiadczony producent pojemnik\u00f3w metalowych, oferujemy szeroki wyb\u00f3r wysokiej jako\u015bci kontener\u00f3w metalowych, w tym tak\u017ce kontenery sk\u0142adane. Jako do\u015bwiadczony <strong>producent pojemnik\u00f3w metalowych<\/strong>, zapewniamy najwy\u017csz\u0105 jako\u015b\u0107 naszych produkt\u00f3w. Nasze kontenery metalowe s\u0105 dost\u0119pne w r\u00f3\u017cnych rozmiarach i konfiguracjach. Kontenery sk\u0142adane to praktyczne i oszcz\u0119dne rozwi\u0105zanie, kt\u00f3re oferujemy naszym klientom.<\/p><div class=\"uagb-ifb-button-wrapper wp-block-button\"><a href=\"https:\/\/pojemnik.net.pl\/pl\/kategoria-produktu\/pojemniki-metalowe-pelne\/\" class=\"uagb-infobox-cta-link wp-block-button__link\" target=\"_self\" rel=\"noopener noreferrer\" onclick=\"return true;\"><span class=\"uagb-inline-editing\">Zobacz ofert\u0119<\/span><\/a><\/div><\/div><\/div>\n<\/div>\n<\/div>\n\n\n\n<div class=\"wp-block-uagb-container uagb-block-3893b8aa\">\n<div class=\"wp-block-uagb-container uagb-block-b02b419f\">\n<div class=\"wp-block-uagb-image alignright uagb-block-2622f629 wp-block-uagb-image--layout-default wp-block-uagb-image--effect-static wp-block-uagb-image--align-right\"><figure class=\"wp-block-uagb-image__figure\"><img decoding=\"async\" srcset=\"https:\/\/pojemnik.net.pl\/pl\/wp-content\/uploads\/2024\/05\/pojemniki-siatkowe.jpg ,https:\/\/pojemnik.net.pl\/pl\/wp-content\/uploads\/2024\/05\/pojemniki-siatkowe.jpg 780w, https:\/\/pojemnik.net.pl\/pl\/wp-content\/uploads\/2024\/05\/pojemniki-siatkowe.jpg 360w\" sizes=\"(max-width: 480px) 150px\" src=\"https:\/\/pojemnik.net.pl\/pl\/wp-content\/uploads\/2024\/05\/pojemniki-siatkowe.jpg\" alt=\"Pojemniki metalowe Nasza oferta\" class=\"uag-image-1657\" width=\"560\" height=\"500\" title=\"pojemniki siatkowe\" loading=\"lazy\" role=\"img\"\/><\/figure><\/div>\n<\/div>\n\n\n\n<div class=\"wp-block-uagb-container uagb-block-862a6668\">\n<div class=\"wp-block-uagb-info-box uagb-block-411c16f4 uagb-infobox__content-wrap  uagb-infobox-icon-above-title uagb-infobox-image-valign-top\"><div class=\"uagb-ifb-content\"><div class=\"uagb-ifb-title-wrap\"><span class=\"uagb-ifb-title-prefix\">02<\/span><h3 class=\"uagb-ifb-title\">Pojemnik siatkowe<\/h3><\/div><p class=\"uagb-ifb-desc\"><strong>Pojemniki siatkowe<\/strong> to doskona\u0142e rozwi\u0105zanie do przechowywania i transportu r\u00f3\u017cnorodnych materia\u0142\u00f3w w przemy\u015ble. Charakteryzuj\u0105 si\u0119 wytrzyma\u0142o\u015bci\u0105 i lekko\u015bci\u0105, co sprawia, \u017ce s\u0105 idealne do logistyki i magazynowania. Dzi\u0119ki konstrukcji umo\u017cliwiaj\u0105 \u0142atwe monitorowanie zawarto\u015bci, co jest wa\u017cne w zarz\u0105dzaniu zapasami. W przemy\u015ble sprawdzaj\u0105 si\u0119 zar\u00f3wno w magazynach, jak i podczas transportu, zapewniaj\u0105c bezpiecze\u0144stwo.<br><br>Jako do\u015bwiadczony producent, oferujemy szeroki wyb\u00f3r wysokiej jako\u015bci <strong>pojemnik\u00f3w siatkowych, w tym sk\u0142adanych<\/strong>. Gwarantujemy najwy\u017csz\u0105 jako\u015b\u0107 naszych produkt\u00f3w oraz ich dostosowanie do indywidualnych potrzeb klient\u00f3w. Nasze pojemniki siatkowe dost\u0119pne s\u0105 w r\u00f3\u017cnych rozmiarach i konfiguracjach, co pozwala na ich optymalne wykorzystanie. Pojemniki siatkowe sk\u0142adane to rozwi\u0105zanie, kt\u00f3re oszcz\u0119dza miejsce podczas sk\u0142adowania i transportu, co jest istotne w rozwijaj\u0105cym si\u0119 przemy\u015ble.<\/p><div class=\"uagb-ifb-button-wrapper wp-block-button\"><a href=\"https:\/\/pojemnik.net.pl\/pl\/kategoria-produktu\/pojemniki-siatkowe\/\" class=\"uagb-infobox-cta-link wp-block-button__link\" target=\"_self\" rel=\"noopener noreferrer\" onclick=\"return true;\"><span class=\"uagb-inline-editing\">Zobacz ofert\u0119<\/span><\/a><\/div><\/div><\/div>\n<\/div>\n<\/div>\n\n\n\n<div class=\"wp-block-uagb-container uagb-block-64c2a67e\">\n<div class=\"wp-block-uagb-container uagb-block-3fbfeeed\">\n<div class=\"wp-block-uagb-image alignleft uagb-block-5517d747 wp-block-uagb-image--layout-default wp-block-uagb-image--effect-static wp-block-uagb-image--align-left\"><figure class=\"wp-block-uagb-image__figure\"><img decoding=\"async\" srcset=\"https:\/\/pojemnik.net.pl\/pl\/wp-content\/uploads\/2024\/05\/palety-metalowe-spojnia.jpg ,https:\/\/pojemnik.net.pl\/pl\/wp-content\/uploads\/2024\/05\/palety-metalowe-spojnia.jpg 780w, https:\/\/pojemnik.net.pl\/pl\/wp-content\/uploads\/2024\/05\/palety-metalowe-spojnia.jpg 360w\" sizes=\"(max-width: 480px) 150px\" src=\"https:\/\/pojemnik.net.pl\/pl\/wp-content\/uploads\/2024\/05\/palety-metalowe-spojnia.jpg\" alt=\"Pojemniki metalowe Nasza oferta\" class=\"uag-image-1679\" width=\"560\" height=\"500\" title=\"palety metalowe sp\u00f3jnia\" loading=\"lazy\" role=\"img\"\/><\/figure><\/div>\n<\/div>\n\n\n\n<div class=\"wp-block-uagb-container uagb-block-4906a1e2\">\n<div class=\"wp-block-uagb-info-box uagb-block-b2c48bb3 uagb-infobox__content-wrap  uagb-infobox-icon-above-title uagb-infobox-image-valign-top\"><div class=\"uagb-ifb-content\"><div class=\"uagb-ifb-title-wrap\"><span class=\"uagb-ifb-title-prefix\">03<\/span><h3 class=\"uagb-ifb-title\">Palety metalowe<\/h3><\/div><p class=\"uagb-ifb-desc\"><a href=\"\/pl\/kategoria-produktu\/palety-metalowe\/\">Palety metalowe<\/a> to niezawodne rozwi\u0105zanie do przechowywania i transportu materia\u0142\u00f3w w przemy\u015ble. Dzi\u0119ki solidnej konstrukcji, zapewniaj\u0105 stabilno\u015b\u0107 i bezpiecze\u0144stwo produkt\u00f3w. W por\u00f3wnaniu do palet drewnianych, s\u0105 bardziej odporne na uszkodzenia i warunki atmosferyczne, co czyni je idealnymi do zastosowa\u0144 przemys\u0142owych. S\u0105 r\u00f3wnie\u017c \u0142atwe w utrzymaniu, co zwi\u0119ksza ich warto\u015b\u0107 w logistyce i magazynowaniu.<br><br>Jako do\u015bwiadczony producent, oferujemy wysokiej jako\u015bci <strong>palety metalowe<\/strong>, cechuj\u0105ce si\u0119 trwa\u0142o\u015bci\u0105 i wytrzyma\u0142o\u015bci\u0105. Nasze palety s\u0105 dost\u0119pne w r\u00f3\u017cnych rozmiarach i konfiguracjach, aby sprosta\u0107 wymaganiom klient\u00f3w. Nasze palety s\u0105 idealne do transportu ci\u0119\u017ckich i wielkogabarytowych \u0142adunk\u00f3w, co czyni je niezast\u0105pionym elementem w wielu bran\u017cach. Wybieraj\u0105c nasze <strong>palety metalowe<\/strong>, zyskujesz pewno\u015b\u0107, \u017ce towary b\u0119d\u0105 bezpiecznie przechowywane i transportowane.<\/p><div class=\"uagb-ifb-button-wrapper wp-block-button\"><a href=\"https:\/\/pojemnik.net.pl\/pl\/kategoria-produktu\/palety-metalowe\/\" class=\"uagb-infobox-cta-link wp-block-button__link\" target=\"_self\" rel=\"noopener noreferrer\" onclick=\"return true;\"><span class=\"uagb-inline-editing\">Zobacz ofert\u0119<\/span><\/a><\/div><\/div><\/div>\n<\/div>\n<\/div>\n\n\n\n<div class=\"wp-block-uagb-container uagb-block-7f93bc4b alignfull uagb-is-root-container\"><div class=\"uagb-container-inner-blocks-wrap\">\n<div class=\"wp-block-uagb-container uagb-block-d6885f45\">\n<div class=\"wp-block-uagb-image alignright uagb-block-362de23b wp-block-uagb-image--layout-default wp-block-uagb-image--effect-static wp-block-uagb-image--align-right\"><figure class=\"wp-block-uagb-image__figure\"><img decoding=\"async\" srcset=\"https:\/\/pojemnik.net.pl\/pl\/wp-content\/uploads\/2024\/05\/pojemniki-siatkowe-skladane.jpg ,https:\/\/pojemnik.net.pl\/pl\/wp-content\/uploads\/2024\/05\/pojemniki-siatkowe-skladane.jpg 780w, https:\/\/pojemnik.net.pl\/pl\/wp-content\/uploads\/2024\/05\/pojemniki-siatkowe-skladane.jpg 360w\" sizes=\"(max-width: 480px) 150px\" src=\"https:\/\/pojemnik.net.pl\/pl\/wp-content\/uploads\/2024\/05\/pojemniki-siatkowe-skladane.jpg\" alt=\"pojemnik siatkowy - producent pojemnik\u00f3w metalowych\" class=\"uag-image-1675\" width=\"560\" height=\"500\" title=\"pojemniki siatkowe sk\u0142adane\" loading=\"lazy\" role=\"img\"\/><\/figure><\/div>\n<\/div>\n\n\n\n<div class=\"wp-block-uagb-container uagb-block-37ed2e1c\">\n<div class=\"wp-block-uagb-info-box uagb-block-030f622b uagb-infobox__content-wrap  uagb-infobox-icon-above-title uagb-infobox-image-valign-top\"><div class=\"uagb-ifb-content\"><div class=\"uagb-ifb-title-wrap\"><span class=\"uagb-ifb-title-prefix\">02<\/span><h3 class=\"uagb-ifb-title\">Pojemnik sk\u0142adane<\/h3><\/div><p class=\"uagb-ifb-desc\">Kontenery metalowe sk\u0142adane to niezast\u0105pione narz\u0119dzie zar\u00f3wno w logistyce wewn\u0119trznej, jak i zewn\u0119trznej. <strong>Sk\u0142adane pojemniki firmy \u201eSp\u00f3jnia\u201d<\/strong> oferuj\u0105 znaczn\u0105 redukcj\u0119 obj\u0119to\u015bci, co przek\u0142ada si\u0119 na efektywno\u015b\u0107 przechowywania i transportu. Dzi\u0119ki kompatybilno\u015bci z ma\u0142ymi cz\u0119\u015bciami oraz mo\u017cliwo\u015bci automatycznego sk\u0142adania i rozk\u0142adania, nasze <a href=\"\/pl\/kategoria-produktu\/pojemniki-skladane\/\">pojemniki sk\u0142adane<\/a> s\u0105 wyj\u0105tkowo funkcjonalne i wygodne w u\u017cyciu.<br><br>Nasze <strong>pojemniki sk\u0142adane<\/strong> cechuj\u0105 si\u0119 wysok\u0105 trwa\u0142o\u015bci\u0105 i odporno\u015bci\u0105 na uszkodzenia, co zapewnia d\u0142ugotrwa\u0142e u\u017cytkowanie. Dost\u0119pne w r\u00f3\u017cnych rozmiarach i konfiguracjach, mog\u0105 by\u0107 dostosowane do specyficznych potrzeb ka\u017cdej firmy. Dzi\u0119ki temu, mo\u017cna je wykorzysta\u0107 w r\u00f3\u017cnych bran\u017cach przemys\u0142u, od produkcji po dystrybucj\u0119.<\/p><div class=\"uagb-ifb-button-wrapper wp-block-button\"><a href=\"https:\/\/pojemnik.net.pl\/pl\/kategoria-produktu\/pojemniki-skladane\/\" class=\"uagb-infobox-cta-link wp-block-button__link\" target=\"_self\" rel=\"noopener noreferrer\" onclick=\"return true;\"><span class=\"uagb-inline-editing\">Zobacz ofert\u0119<\/span><\/a><\/div><\/div><\/div>\n<\/div>\n<\/div><\/div>\n<\/div><\/div>\n\n\n\n<div class=\"wp-block-uagb-container uagb-block-407e9912 alignfull uagb-is-root-container\"><div class=\"uagb-container-inner-blocks-wrap\">\n<div class=\"wp-block-uagb-testimonial uagb-slick-carousel uagb-tm__arrow-outside uagb-block-63d6bdbb uagb-post__carousel_notset uagb-post__carousel_notset-tablet uagb-post__carousel_notset-mobile\"><div class=\"is-carousel uagb-tm__columns-1 uagb-tm__items\"><div class=\"uagb-testimonial__wrap  uagb-tm__imgicon-style-circle uagb-tm__image-position-top uagb-tm__bg-type-none \"><div class=\"uagb-tm__content\"><div class=\"uagb-tm__overlay\"><\/div><div class=\"uagb-tm__image-content\"><div class=\"uagb-tm__image\"><img decoding=\"async\" class=\"uagb-tm-img-src\" src=\"https:\/\/pojemnik.net.pl\/pl\/wp-content\/uploads\/2023\/08\/testimonial-skip-02.jpeg\" alt=\"\" width=\"60\" height=\"60\" loading=\"lazy\" title=\"\"><\/div><\/div><div class=\"uagb-tm__text-wrap\"><div class=\"uagb-tm__desc\">Zakupi\u0142am kilka kontener\u00f3w i jestem zachwycona ich jako\u015bci\u0105 i trwa\u0142o\u015bci\u0105. Polecam wszystkim klientom!<\/div><div class=\"uagb-tm__meta-inner\"><div class=\"uagb-testimonial-details\"><span class=\"uagb-tm__author-name\">Monika Kowalska<\/span><span class=\"uagb-tm__company\"><\/span><\/div><\/div><\/div><\/div><\/div><\/div><\/div>\n<\/div><\/div>\n\n\n\n<div class=\"wp-block-uagb-container uagb-block-c6476a98 alignfull uagb-is-root-container\"><div class=\"uagb-container-inner-blocks-wrap\">\n<div class=\"wp-block-uagb-container uagb-block-499f3e2a\">\n<div class=\"wp-block-uagb-advanced-heading uagb-block-6fe09642\"><h2 class=\"uagb-heading-text\">Nasza warto\u015b\u0107 dodana<\/h2><\/div>\n\n\n\n<div class=\"wp-block-uagb-advanced-heading uagb-block-72279faa\"><p class=\"uagb-heading-text\">Zalet\u0105 naszej firmy jest wysoka jako\u015b\u0107 naszych produkt\u00f3w, szeroki wyb\u00f3r oraz szybka i bezpieczna dostawa, ale tak\u017ce indywidualne podej\u015bcie do ka\u017cdego klienta w realizacji nawet najbardziej wymagaj\u0105cych zam\u00f3wie\u0144. Postaw na nasze do\u015bwiadczenie i profesjonalizm, aby mie\u0107 pewno\u015b\u0107, \u017ce otrzymasz pojemniki metalowe doskona\u0142ej jako\u015bci! Przed zakupem sprawd\u017a wiarygodnio\u015b\u0107 naszej firmy w <a href=\"https:\/\/maps.app.goo.gl\/Y1wX3u8wrErPp4fA9\" target=\"_blank\" rel=\"noopener\">Google!<\/a><\/p><\/div>\n<\/div>\n\n\n\n<div class=\"wp-block-uagb-container uagb-block-8c7963ad\">\n<div class=\"wp-block-uagb-container uagb-block-918d0378\">\n<div class=\"wp-block-uagb-image uagb-block-0a080123 wp-block-uagb-image--layout-default wp-block-uagb-image--effect-static wp-block-uagb-image--align-none\"><figure class=\"wp-block-uagb-image__figure\"><img decoding=\"async\" srcset=\"https:\/\/pojemnik.net.pl\/pl\/wp-content\/uploads\/2024\/05\/pojemniki-siatkowe-skladane.jpg ,https:\/\/pojemnik.net.pl\/pl\/wp-content\/uploads\/2024\/05\/pojemniki-siatkowe-skladane.jpg 780w, https:\/\/pojemnik.net.pl\/pl\/wp-content\/uploads\/2024\/05\/pojemniki-siatkowe-skladane.jpg 360w\" sizes=\"(max-width: 480px) 150px\" src=\"https:\/\/pojemnik.net.pl\/pl\/wp-content\/uploads\/2024\/05\/pojemniki-siatkowe-skladane.jpg\" alt=\"\" class=\"uag-image-1675\" width=\"560\" height=\"450\" title=\"pojemniki siatkowe sk\u0142adane\" loading=\"lazy\" role=\"img\"><\/figure><\/div>\n\n\n\n<div class=\"wp-block-uagb-advanced-heading uagb-block-53687665\"><h3 class=\"uagb-heading-text\">Trwa\u0142o\u015b\u0107 i solidno\u015b\u0107<\/h3><p class=\"uagb-desc-text\">Nasze kontenery metalowe wyr\u00f3\u017cniaj\u0105 si\u0119 trwa\u0142o\u015bci\u0105 i solidno\u015bci\u0105 wykonania, zapewniaj\u0105c niezawodno\u015b\u0107 w codziennym u\u017cytkowaniu.<\/p><\/div>\n<\/div>\n\n\n\n<div class=\"wp-block-uagb-container uagb-block-a2b4d0ac\">\n<div class=\"wp-block-uagb-image alignleft uagb-block-7a16e14f wp-block-uagb-image--layout-default wp-block-uagb-image--effect-static wp-block-uagb-image--align-left\"><figure class=\"wp-block-uagb-image__figure\"><img decoding=\"async\" srcset=\"https:\/\/pojemnik.net.pl\/pl\/wp-content\/uploads\/2024\/05\/pojemnik-metalowy-spojnia.jpg ,https:\/\/pojemnik.net.pl\/pl\/wp-content\/uploads\/2024\/05\/pojemnik-metalowy-spojnia.jpg 780w, https:\/\/pojemnik.net.pl\/pl\/wp-content\/uploads\/2024\/05\/pojemnik-metalowy-spojnia.jpg 360w\" sizes=\"(max-width: 480px) 150px\" src=\"https:\/\/pojemnik.net.pl\/pl\/wp-content\/uploads\/2024\/05\/pojemnik-metalowy-spojnia.jpg\" alt=\"\" class=\"uag-image-1682\" width=\"560\" height=\"450\" title=\"pojemnik-metalowy-sp\u00f3jnia\" loading=\"lazy\" role=\"img\"><\/figure><\/div>\n\n\n\n<div class=\"wp-block-uagb-advanced-heading uagb-block-c5a580ac\"><h3 class=\"uagb-heading-text\">Innowacyjne rozwi\u0105zania<\/h3><p class=\"uagb-desc-text\">Stawiamy na innowacyjno\u015b\u0107 i nowoczesne technologie, aby dostarczy\u0107 klientom wyj\u0105tkowe rozwi\u0105zania magazynowe.<\/p><\/div>\n<\/div>\n<\/div>\n<\/div><\/div>\n\n\n\n<div class=\"wp-block-uagb-container uagb-block-c84325e4 alignfull uagb-is-root-container\"><div class=\"uagb-container-inner-blocks-wrap\">\n<div class=\"wp-block-uagb-info-box uagb-block-d8a09d88 uagb-infobox__content-wrap  uagb-infobox-icon-above-title uagb-infobox-image-valign-top\"><div class=\"uagb-ifb-content\"><div class=\"uagb-ifb-title-wrap\"><h2 class=\"uagb-ifb-title\">Skorzystaj z naszej oferty<\/h2><\/div><p class=\"uagb-ifb-desc\">Sprawd\u017a nasz\u0105 pe\u0142n\u0105 ofert\u0119 kontener\u00f3w online. Realizujemy tak\u017ce zam\u00f3wienia niestandardowe. Skontaktuj si\u0119 ju\u017c dzi\u015b!<\/p><div class=\"uagb-ifb-button-wrapper wp-block-button\"><a href=\"https:\/\/pojemnik.net.pl\/pl\/producent-pojemnikow-metalowyc-kontakt\/\" class=\"uagb-infobox-cta-link wp-block-button__link\" target=\"_self\" rel=\"noopener noreferrer\" onclick=\"return true;\"><span class=\"uagb-inline-editing\">Zam\u00f3w teraz<\/span><\/a><\/div><\/div><\/div>\n<\/div><\/div>\n","protected":false},"excerpt":{"rendered":"<p>Nasza oferta Nasza warto\u015b\u0107 dodana Zalet\u0105 naszej firmy jest wysoka jako\u015b\u0107 naszych produkt\u00f3w, szeroki wyb\u00f3r oraz szybka i bezpieczna dostawa, [&hellip;]<\/p>\n","protected":false},"author":1,"featured_media":0,"parent":0,"menu_order":0,"comment_status":"closed","ping_status":"closed","template":"","meta":{"_uag_custom_page_level_css":"","site-sidebar-layout":"default","site-content-layout":"","ast-site-content-layout":"default","site-content-style":"default","site-sidebar-style":"default","ast-global-header-display":"","ast-banner-title-visibility":"","ast-main-header-display":"","ast-hfb-above-header-display":"","ast-hfb-below-header-display":"","ast-hfb-mobile-header-display":"","site-post-title":"disabled","ast-breadcrumbs-content":"","ast-featured-img":"","footer-sml-layout":"","theme-transparent-header-meta":"enabled","adv-header-id-meta":"","stick-header-meta":"","header-above-stick-meta":"","header-main-stick-meta":"","header-below-stick-meta":"","astra-migrate-meta-layouts":"set","ast-page-background-enabled":"default","ast-page-background-meta":{"desktop":{"background-color":"var(--ast-global-color-4)","background-image":"","background-repeat":"repeat","background-position":"center center","background-size":"auto","background-attachment":"scroll","background-type":"","background-media":"","overlay-type":"","overlay-color":"","overlay-gradient":""},"tablet":{"background-color":"","background-image":"","background-repeat":"repeat","background-position":"center center","background-size":"auto","background-attachment":"scroll","background-type":"","background-media":"","overlay-type":"","overlay-color":"","overlay-gradient":""},"mobile":{"background-color":"","background-image":"","background-repeat":"repeat","background-position":"center center","background-size":"auto","background-attachment":"scroll","background-type":"","background-media":"","overlay-type":"","overlay-color":"","overlay-gradient":""}},"ast-content-background-meta":{"desktop":{"background-color":"var(--ast-global-color-5)","background-image":"","background-repeat":"repeat","background-position":"center center","background-size":"auto","background-attachment":"scroll","background-type":"","background-media":"","overlay-type":"","overlay-color":"","overlay-gradient":""},"tablet":{"background-color":"var(--ast-global-color-5)","background-image":"","background-repeat":"repeat","background-position":"center center","background-size":"auto","background-attachment":"scroll","background-type":"","background-media":"","overlay-type":"","overlay-color":"","overlay-gradient":""},"mobile":{"background-color":"var(--ast-global-color-5)","background-image":"","background-repeat":"repeat","background-position":"center center","background-size":"auto","background-attachment":"scroll","background-type":"","background-media":"","overlay-type":"","overlay-color":"","overlay-gradient":""}},"footnotes":""},"uagb_featured_image_src":{"full":false,"thumbnail":false,"medium":false,"medium_large":false,"large":false,"1536x1536":false,"2048x2048":false,"woocommerce_thumbnail":false,"woocommerce_single":false,"woocommerce_gallery_thumbnail":false},"uagb_author_info":{"display_name":"admin","author_link":"https:\/\/pojemnik.net.pl\/pl\/author\/admin\/"},"uagb_comment_info":0,"uagb_excerpt":"Nasza oferta Nasza warto\u015b\u0107 dodana Zalet\u0105 naszej firmy jest wysoka jako\u015b\u0107 naszych produkt\u00f3w, szeroki wyb\u00f3r oraz szybka i bezpieczna dostawa, [&hellip;]","_links":{"self":[{"href":"https:\/\/pojemnik.net.pl\/pl\/wp-json\/wp\/v2\/pages\/167"}],"collection":[{"href":"https:\/\/pojemnik.net.pl\/pl\/wp-json\/wp\/v2\/pages"}],"about":[{"href":"https:\/\/pojemnik.net.pl\/pl\/wp-json\/wp\/v2\/types\/page"}],"author":[{"embeddable":true,"href":"https:\/\/pojemnik.net.pl\/pl\/wp-json\/wp\/v2\/users\/1"}],"replies":[{"embeddable":true,"href":"https:\/\/pojemnik.net.pl\/pl\/wp-json\/wp\/v2\/comments?post=167"}],"version-history":[{"count":27,"href":"https:\/\/pojemnik.net.pl\/pl\/wp-json\/wp\/v2\/pages\/167\/revisions"}],"predecessor-version":[{"id":2110,"href":"https:\/\/pojemnik.net.pl\/pl\/wp-json\/wp\/v2\/pages\/167\/revisions\/2110"}],"wp:attachment":[{"href":"https:\/\/pojemnik.net.pl\/pl\/wp-json\/wp\/v2\/media?parent=167"}],"curies":[{"name":"wp","href":"https:\/\/api.w.org\/{rel}","templated":true}]}}