{"id":118,"date":"2024-05-09T09:33:35","date_gmt":"2024-05-09T09:33:35","guid":{"rendered":"https:\/\/pojemnik.net.pl\/pl\/about\/"},"modified":"2024-10-08T09:49:28","modified_gmt":"2024-10-08T09:49:28","slug":"produkcja-pojemnikow-firma","status":"publish","type":"page","link":"https:\/\/pojemnik.net.pl\/pl\/produkcja-pojemnikow-firma\/","title":{"rendered":"Produkcja pojemnik\u00f3w &#8211; firma"},"content":{"rendered":"\n<div class=\"wp-block-uagb-container uagb-block-7fa683e6 alignfull uagb-is-root-container\"><div class=\"uagb-container-inner-blocks-wrap\">\n<div class=\"wp-block-uagb-advanced-heading uagb-block-74b342eb\"><h1 class=\"uagb-heading-text\">Produkcja pojemnik\u00f3w<\/h1><\/div>\n<\/div><\/div>\n\n\n\n<div class=\"wp-block-uagb-container uagb-block-94ded581 alignfull uagb-is-root-container\"><div class=\"uagb-container-inner-blocks-wrap\">\n<div class=\"wp-block-uagb-advanced-heading uagb-block-671f3570\"><h2 class=\"uagb-heading-text\">P.P.H.U. Sp\u00f3jnia &#8211; Produkcja pojemnik\u00f3w<\/h2><\/div>\n\n\n\n<div class=\"wp-block-uagb-container uagb-block-21891d52\">\n<div class=\"wp-block-uagb-container uagb-block-8a4a99e4\">\n<div class=\"wp-block-uagb-image alignleft uagb-block-e71a6b83 wp-block-uagb-image--layout-default wp-block-uagb-image--effect-static wp-block-uagb-image--align-left\"><figure class=\"wp-block-uagb-image__figure\"><img decoding=\"async\" srcset=\"https:\/\/pojemnik.net.pl\/pl\/wp-content\/uploads\/2024\/05\/producent-pojemnikow-slider-1024x683.jpg ,https:\/\/pojemnik.net.pl\/pl\/wp-content\/uploads\/2024\/05\/producent-pojemnikow-slider-scaled.jpg 780w, https:\/\/pojemnik.net.pl\/pl\/wp-content\/uploads\/2024\/05\/producent-pojemnikow-slider-scaled.jpg 360w\" sizes=\"(max-width: 480px) 150px\" src=\"https:\/\/pojemnik.net.pl\/pl\/wp-content\/uploads\/2024\/05\/producent-pojemnikow-slider-1024x683.jpg\" alt=\"Produkcja pojemnik\u00f3w\" class=\"uag-image-1601\" width=\"536\" height=\"700\" title=\"Man Show Laptop Notebook Device\" loading=\"lazy\" role=\"img\"\/><\/figure><\/div>\n<\/div>\n\n\n\n<div class=\"wp-block-uagb-container uagb-block-7e959f87\">\n<div class=\"wp-block-uagb-info-box uagb-block-4960c374 uagb-infobox__content-wrap  uagb-infobox-icon-above-title uagb-infobox-image-valign-top\"><div class=\"uagb-ifb-content\"><div class=\"uagb-ifb-title-wrap\"><p class=\"uagb-ifb-title\"><strong>Przedsi\u0119biorstwo Produkcyjno-Handlowo-Us\u0142ugowe Sp\u00f3jnia jest wiod\u0105cym producentem pojemnik\u00f3w siatkowych i pe\u0142nych, dzia\u0142aj\u0105cym na rynku od roku 1989. <a href=\"https:\/\/maps.app.goo.gl\/Y1wX3u8wrErPp4fA9\" target=\"_blank\" rel=\"noopener\">Nasza firma<\/a> mo\u017ce poszczyci\u0107 si\u0119 bogatym do\u015bwiadczeniem i eksperck\u0105 wiedz\u0105 zdobyt\u0105 przez te kilkadziesi\u0105t lat, co przek\u0142ada si\u0119 na niezr\u00f3wnan\u0105 jako\u015b\u0107 naszych produkt\u00f3w i us\u0142ug.<\/strong><br><\/p><\/div><p class=\"uagb-ifb-desc\">Nasza oferta to rezultat lat pracy i nieustannych wysi\u0142k\u00f3w w doskonaleniu naszych produkt\u00f3w, aby sprosta\u0107 oczekiwaniom nawet najbardziej wymagaj\u0105cych klient\u00f3w. Naszym celem jest dostarczanie rozwi\u0105za\u0144, kt\u00f3re nie tylko spe\u0142niaj\u0105, ale r\u00f3wnie\u017c przewy\u017cszaj\u0105 oczekiwania naszych klient\u00f3w.<br><br>Dzi\u0119ki naszej szerokiej gamie produkt\u00f3w (produkcja pojemnikow), ka\u017cdy mo\u017ce znale\u017a\u0107 idealnie dopasowany pojemnik do swoich potrzeb. Bez wzgl\u0119du na to, czy potrzebujesz pojemnika do przechowywania, transportu czy prezentacji produkt\u00f3w, jeste\u015bmy gotowi sprosta\u0107 Twoim oczekiwaniom. Nasz zesp\u00f3\u0142 specjalist\u00f3w s\u0142u\u017cy pomoc\u0105 w doborze najlepszego rozwi\u0105zania, dostosowanego do indywidualnych potrzeb ka\u017cdego klienta.<br><br>Zach\u0119camy do zapoznania si\u0119 z nasz\u0105 ofert\u0105 handlow\u0105 i przekonania si\u0119 o wyj\u0105tkowo\u015bci naszych produkt\u00f3w. Dzia\u0142amy z pasj\u0105 i zaanga\u017cowaniem, aby zapewni\u0107 naszym klientom najlepsze rozwi\u0105zania na rynku pojemnik\u00f3w. Do\u0142\u0105cz do grona naszych zadowolonych klient\u00f3w ju\u017c dzi\u015b!<\/p><\/div><\/div>\n<\/div>\n<\/div>\n<\/div><\/div>\n\n\n\n<div class=\"wp-block-uagb-container uagb-block-cc344175 alignfull uagb-is-root-container\"><div class=\"uagb-container-inner-blocks-wrap\">\n<div class=\"wp-block-uagb-advanced-heading uagb-block-7b2294a3\"><h2 class=\"uagb-heading-text\">Atuty naszej firmy<\/h2><p class=\"uagb-desc-text\"><strong>Firma Sp\u00f3jnia ma wiele zalet. Zach\u0119camy do zapoznania si\u0119 z naszymi nawa\u017cniejszymi.<\/strong><\/p><\/div>\n\n\n\n<div class=\"wp-block-uagb-container uagb-block-ecb8dade\">\n<div class=\"wp-block-uagb-advanced-heading uagb-block-bef7d43a\"><h3 class=\"uagb-heading-text\">Bogate do\u015bwiadczenie<\/h3><p class=\"uagb-desc-text\">W 1992 roku rozpocz\u0119li\u015bmy&nbsp;<a href=\"\/pl\/lokalizacja\/\">produkcj\u0119 pojemnik\u00f3w<\/a>. Dzi\u015b nasza oferta obejmuje pojemniki metalowe pe\u0142ne, siatkowe (sk\u0142adane) oraz inne kontenery. <br><br>Dostosowujemy nasz asortyment do oczekiwa\u0144 Klient\u00f3w. Pojemniki cynkujemy, malujemy natryskowo b\u0105d\u017a elektrostatycznie.<\/p><\/div>\n\n\n\n<div class=\"wp-block-uagb-advanced-heading uagb-block-b863782d\"><h3 class=\"uagb-heading-text\">Szeroka oferta<\/h3><p class=\"uagb-desc-text\"><strong>Pojemniki sk\u0142adane<\/strong>, siatkowe, a mo\u017ce takie na k\u00f3\u0142kach? Znajd\u0105 u nas Pa\u0144stwo wszystkie te produkty i znacznie wi\u0119cej. Ju\u017c od wielu lat specjalizujemy si\u0119 w produkcji pojemnik\u00f3w. Dzi\u0119ki temu mo\u017cemy zaproponowa\u0107 Pa\u0144stwu bogaty wyb\u00f3r r\u00f3\u017cnego rodzaju kontener\u00f3w z uchylnymi klapami, pojemnik\u00f3w siatkowych sta\u0142ych i sk\u0142adanych oraz palet metalowych.<\/p><\/div>\n\n\n\n<div class=\"wp-block-uagb-advanced-heading uagb-block-9f890ad2\"><h3 class=\"uagb-heading-text\">Dopasowanie do potrzeb klienta<\/h3><p class=\"uagb-desc-text\"><strong>Kontenery sk\u0142adane<\/strong>&nbsp;oraz&nbsp;<a href=\"\/pl\/sklep\/\">pojemniki pe\u0142ne<\/a>&nbsp;i siatkowe z naszej oferty maj\u0105 r\u00f3\u017cn\u0105 no\u015bno\u015b\u0107. Dzi\u0119ki temu ka\u017cdy Klient mo\u017ce kupi\u0107 pojemniki odpowiadaj\u0105ce w\u0142asnym preferencjom i potrzebom.<\/p><\/div>\n<\/div>\n<\/div><\/div>\n\n\n\n<div class=\"wp-block-uagb-container uagb-block-c84325e4 alignfull uagb-is-root-container\"><div class=\"uagb-container-inner-blocks-wrap\">\n<div class=\"wp-block-uagb-info-box uagb-block-d8a09d88 uagb-infobox__content-wrap  uagb-infobox-icon-above-title uagb-infobox-image-valign-top\"><div class=\"uagb-ifb-content\"><div class=\"uagb-ifb-title-wrap\"><h2 class=\"uagb-ifb-title\">Skorzystaj z naszej oferty<\/h2><\/div><p class=\"uagb-ifb-desc\">Sprawd\u017a nasz\u0105 pe\u0142n\u0105 ofert\u0119 kontener\u00f3w online. Realizujemy tak\u017ce zam\u00f3wienia niestandardowe. Skontaktuj si\u0119 ju\u017c dzi\u015b!<\/p><div class=\"uagb-ifb-button-wrapper wp-block-button\"><a href=\"https:\/\/pojemnik.net.pl\/pl\/producent-pojemnikow-metalowyc-kontakt\/\" class=\"uagb-infobox-cta-link wp-block-button__link\" target=\"_self\" rel=\"noopener noreferrer\" onclick=\"return true;\"><span class=\"uagb-inline-editing\">Zam\u00f3w teraz<\/span><\/a><\/div><\/div><\/div>\n<\/div><\/div>\n","protected":false},"excerpt":{"rendered":"<p>Produkcja pojemnik\u00f3w P.P.H.U. Sp\u00f3jnia &#8211; Produkcja pojemnik\u00f3w Atuty naszej firmy Firma Sp\u00f3jnia ma wiele zalet. Zach\u0119camy do zapoznania si\u0119 z [&hellip;]<\/p>\n","protected":false},"author":1,"featured_media":0,"parent":0,"menu_order":0,"comment_status":"closed","ping_status":"closed","template":"","meta":{"_uag_custom_page_level_css":"","site-sidebar-layout":"default","site-content-layout":"","ast-site-content-layout":"default","site-content-style":"default","site-sidebar-style":"default","ast-global-header-display":"","ast-banner-title-visibility":"","ast-main-header-display":"","ast-hfb-above-header-display":"","ast-hfb-below-header-display":"","ast-hfb-mobile-header-display":"","site-post-title":"disabled","ast-breadcrumbs-content":"","ast-featured-img":"","footer-sml-layout":"","theme-transparent-header-meta":"enabled","adv-header-id-meta":"","stick-header-meta":"","header-above-stick-meta":"","header-main-stick-meta":"","header-below-stick-meta":"","astra-migrate-meta-layouts":"set","ast-page-background-enabled":"default","ast-page-background-meta":{"desktop":{"background-color":"var(--ast-global-color-4)","background-image":"","background-repeat":"repeat","background-position":"center center","background-size":"auto","background-attachment":"scroll","background-type":"","background-media":"","overlay-type":"","overlay-color":"","overlay-gradient":""},"tablet":{"background-color":"","background-image":"","background-repeat":"repeat","background-position":"center center","background-size":"auto","background-attachment":"scroll","background-type":"","background-media":"","overlay-type":"","overlay-color":"","overlay-gradient":""},"mobile":{"background-color":"","background-image":"","background-repeat":"repeat","background-position":"center center","background-size":"auto","background-attachment":"scroll","background-type":"","background-media":"","overlay-type":"","overlay-color":"","overlay-gradient":""}},"ast-content-background-meta":{"desktop":{"background-color":"var(--ast-global-color-5)","background-image":"","background-repeat":"repeat","background-position":"center center","background-size":"auto","background-attachment":"scroll","background-type":"","background-media":"","overlay-type":"","overlay-color":"","overlay-gradient":""},"tablet":{"background-color":"var(--ast-global-color-5)","background-image":"","background-repeat":"repeat","background-position":"center center","background-size":"auto","background-attachment":"scroll","background-type":"","background-media":"","overlay-type":"","overlay-color":"","overlay-gradient":""},"mobile":{"background-color":"var(--ast-global-color-5)","background-image":"","background-repeat":"repeat","background-position":"center center","background-size":"auto","background-attachment":"scroll","background-type":"","background-media":"","overlay-type":"","overlay-color":"","overlay-gradient":""}},"footnotes":""},"uagb_featured_image_src":{"full":false,"thumbnail":false,"medium":false,"medium_large":false,"large":false,"1536x1536":false,"2048x2048":false,"woocommerce_thumbnail":false,"woocommerce_single":false,"woocommerce_gallery_thumbnail":false},"uagb_author_info":{"display_name":"admin","author_link":"https:\/\/pojemnik.net.pl\/pl\/author\/admin\/"},"uagb_comment_info":0,"uagb_excerpt":"Produkcja pojemnik\u00f3w P.P.H.U. Sp\u00f3jnia &#8211; Produkcja pojemnik\u00f3w Atuty naszej firmy Firma Sp\u00f3jnia ma wiele zalet. Zach\u0119camy do zapoznania si\u0119 z [&hellip;]","_links":{"self":[{"href":"https:\/\/pojemnik.net.pl\/pl\/wp-json\/wp\/v2\/pages\/118"}],"collection":[{"href":"https:\/\/pojemnik.net.pl\/pl\/wp-json\/wp\/v2\/pages"}],"about":[{"href":"https:\/\/pojemnik.net.pl\/pl\/wp-json\/wp\/v2\/types\/page"}],"author":[{"embeddable":true,"href":"https:\/\/pojemnik.net.pl\/pl\/wp-json\/wp\/v2\/users\/1"}],"replies":[{"embeddable":true,"href":"https:\/\/pojemnik.net.pl\/pl\/wp-json\/wp\/v2\/comments?post=118"}],"version-history":[{"count":15,"href":"https:\/\/pojemnik.net.pl\/pl\/wp-json\/wp\/v2\/pages\/118\/revisions"}],"predecessor-version":[{"id":2112,"href":"https:\/\/pojemnik.net.pl\/pl\/wp-json\/wp\/v2\/pages\/118\/revisions\/2112"}],"wp:attachment":[{"href":"https:\/\/pojemnik.net.pl\/pl\/wp-json\/wp\/v2\/media?parent=118"}],"curies":[{"name":"wp","href":"https:\/\/api.w.org\/{rel}","templated":true}]}}