{"id":1534,"date":"2024-05-10T12:44:13","date_gmt":"2024-05-10T12:44:13","guid":{"rendered":"https:\/\/pojemnik.net.pl\/en\/?post_type=product&#038;p=1534"},"modified":"2024-05-28T11:41:40","modified_gmt":"2024-05-28T11:41:40","slug":"mesh-container-1200x800x1800-mm","status":"publish","type":"product","link":"https:\/\/pojemnik.net.pl\/en\/produkt\/mesh-container-1200x800x1800-mm\/","title":{"rendered":"Mesh container 1200x800x1800 mm"},"content":{"rendered":"<p><strong>A mesh container<\/strong> measuring 1200x800x1800 mm is a practical and durable solution for storing and transporting various materials in the industry. Thanks to its solid construction and functional design, this container performs excellently in various applications.<\/p>\n<p>It weighs 75 kg and has a load capacity of up to 500 kg, making it suitable for storing and transporting materials of different weights.<\/p>\n<p>The container is equipped with 100 mm diameter wheels, facilitating its movement within the facility or warehouse. Additionally, it is zinc-coated, providing long-lasting protection against corrosion and increasing its durability in various environmental conditions.<\/p>\n<p>The front wall of the container is divided in half and completely detachable, facilitating access to stored materials and manipulation of them.<\/p>\n<p>With its solid construction and practical solutions, the <strong>1200x800x1800 mm mesh container<\/strong> is perfect for use in warehouses, production halls, and anywhere effective and safe storage and transport of materials are needed.<\/p>\n<p><strong><em>The container can have wheels of different diameters e.g., \u00f8 100mm, \u00f8 125mm, \u00f8 160mm, \u00f8 200 mm. The wheels can have different treads e.g., black rubber, polyurethane, polyamide. Wheels can be equipped with brakes, swivel or fixed. The choice belongs to the customer.<\/em><\/strong><\/p>\n","protected":false},"excerpt":{"rendered":"<p><strong>Dimensions: 1200x800x1800 mm.<\/strong><br \/>\n<strong>Weight: 75 kg<\/strong><br \/>\n<strong>Load capacity: 500 kg<\/strong><br \/>\n<strong>The wheeled container with O100 wheels, zinc-coated, front wall divided in half, completely detachable<\/strong><\/p>\n","protected":false},"featured_media":1535,"template":"","meta":{"_uag_custom_page_level_css":"","site-sidebar-layout":"default","site-content-layout":"","ast-site-content-layout":"default","site-content-style":"default","site-sidebar-style":"default","ast-global-header-display":"","ast-banner-title-visibility":"","ast-main-header-display":"","ast-hfb-above-header-display":"","ast-hfb-below-header-display":"","ast-hfb-mobile-header-display":"","site-post-title":"","ast-breadcrumbs-content":"","ast-featured-img":"","footer-sml-layout":"","theme-transparent-header-meta":"default","adv-header-id-meta":"","stick-header-meta":"","header-above-stick-meta":"","header-main-stick-meta":"","header-below-stick-meta":"","astra-migrate-meta-layouts":"set","ast-page-background-enabled":"default","ast-page-background-meta":{"desktop":{"background-color":"var(--ast-global-color-4)","background-image":"","background-repeat":"repeat","background-position":"center center","background-size":"auto","background-attachment":"scroll","background-type":"","background-media":"","overlay-type":"","overlay-color":"","overlay-gradient":""},"tablet":{"background-color":"","background-image":"","background-repeat":"repeat","background-position":"center center","background-size":"auto","background-attachment":"scroll","background-type":"","background-media":"","overlay-type":"","overlay-color":"","overlay-gradient":""},"mobile":{"background-color":"","background-image":"","background-repeat":"repeat","background-position":"center center","background-size":"auto","background-attachment":"scroll","background-type":"","background-media":"","overlay-type":"","overlay-color":"","overlay-gradient":""}},"ast-content-background-meta":{"desktop":{"background-color":"var(--ast-global-color-5)","background-image":"","background-repeat":"repeat","background-position":"center center","background-size":"auto","background-attachment":"scroll","background-type":"","background-media":"","overlay-type":"","overlay-color":"","overlay-gradient":""},"tablet":{"background-color":"var(--ast-global-color-5)","background-image":"","background-repeat":"repeat","background-position":"center center","background-size":"auto","background-attachment":"scroll","background-type":"","background-media":"","overlay-type":"","overlay-color":"","overlay-gradient":""},"mobile":{"background-color":"var(--ast-global-color-5)","background-image":"","background-repeat":"repeat","background-position":"center center","background-size":"auto","background-attachment":"scroll","background-type":"","background-media":"","overlay-type":"","overlay-color":"","overlay-gradient":""}}},"product_cat":[23],"product_tag":[41],"yoast_head":"<!-- This site is optimized with the Yoast SEO plugin v22.7 - https:\/\/yoast.com\/wordpress\/plugins\/seo\/ -->\n<title>Mesh container 1200x800x1800 mm - Pojemnik.net.pl - ENG Version<\/title>\n<meta name=\"description\" content=\"The mesh container measuring 1200x800x1800 mm is a practical and durable solution for storing and transporting various materials in the industry.\" \/>\n<meta name=\"robots\" content=\"noindex, follow, max-snippet:-1, max-image-preview:large, max-video-preview:-1\" \/>\n<meta property=\"og:locale\" content=\"pl_PL\" \/>\n<meta property=\"og:type\" content=\"article\" \/>\n<meta property=\"og:title\" content=\"Mesh container 1200x800x1800 mm - Pojemnik.net.pl - ENG Version\" \/>\n<meta property=\"og:description\" content=\"The mesh container measuring 1200x800x1800 mm is a practical and durable solution for storing and transporting various materials in the industry.\" \/>\n<meta property=\"og:url\" content=\"https:\/\/pojemnik.net.pl\/en\/produkt\/mesh-container-1200x800x1800-mm\/\" \/>\n<meta property=\"og:site_name\" content=\"Pojemnik.net.pl - ENG Version\" \/>\n<meta property=\"article:modified_time\" content=\"2024-05-28T11:41:40+00:00\" \/>\n<meta property=\"og:image\" content=\"https:\/\/pojemnik.net.pl\/en\/wp-content\/uploads\/2024\/05\/74.jpg\" \/>\n\t<meta property=\"og:image:width\" content=\"600\" \/>\n\t<meta property=\"og:image:height\" content=\"600\" \/>\n\t<meta property=\"og:image:type\" content=\"image\/jpeg\" \/>\n<meta name=\"twitter:card\" content=\"summary_large_image\" \/>\n<meta name=\"twitter:label1\" content=\"Szacowany czas czytania\" \/>\n\t<meta name=\"twitter:data1\" content=\"2 minuty\" \/>\n<script type=\"application\/ld+json\" class=\"yoast-schema-graph\">{\"@context\":\"https:\/\/schema.org\",\"@graph\":[{\"@type\":\"WebPage\",\"@id\":\"https:\/\/pojemnik.net.pl\/en\/produkt\/mesh-container-1200x800x1800-mm\/\",\"url\":\"https:\/\/pojemnik.net.pl\/en\/produkt\/mesh-container-1200x800x1800-mm\/\",\"name\":\"Mesh container 1200x800x1800 mm - Pojemnik.net.pl - ENG Version\",\"isPartOf\":{\"@id\":\"https:\/\/pojemnik.net.pl\/en\/#website\"},\"primaryImageOfPage\":{\"@id\":\"https:\/\/pojemnik.net.pl\/en\/produkt\/mesh-container-1200x800x1800-mm\/#primaryimage\"},\"image\":{\"@id\":\"https:\/\/pojemnik.net.pl\/en\/produkt\/mesh-container-1200x800x1800-mm\/#primaryimage\"},\"thumbnailUrl\":\"https:\/\/pojemnik.net.pl\/en\/wp-content\/uploads\/2024\/05\/74.jpg\",\"datePublished\":\"2024-05-10T12:44:13+00:00\",\"dateModified\":\"2024-05-28T11:41:40+00:00\",\"description\":\"The mesh container measuring 1200x800x1800 mm is a practical and durable solution for storing and transporting various materials in the industry.\",\"breadcrumb\":{\"@id\":\"https:\/\/pojemnik.net.pl\/en\/produkt\/mesh-container-1200x800x1800-mm\/#breadcrumb\"},\"inLanguage\":\"pl-PL\",\"potentialAction\":[{\"@type\":\"ReadAction\",\"target\":[\"https:\/\/pojemnik.net.pl\/en\/produkt\/mesh-container-1200x800x1800-mm\/\"]}]},{\"@type\":\"ImageObject\",\"inLanguage\":\"pl-PL\",\"@id\":\"https:\/\/pojemnik.net.pl\/en\/produkt\/mesh-container-1200x800x1800-mm\/#primaryimage\",\"url\":\"https:\/\/pojemnik.net.pl\/en\/wp-content\/uploads\/2024\/05\/74.jpg\",\"contentUrl\":\"https:\/\/pojemnik.net.pl\/en\/wp-content\/uploads\/2024\/05\/74.jpg\",\"width\":600,\"height\":600,\"caption\":\"Pojemnik siatkowy\"},{\"@type\":\"BreadcrumbList\",\"@id\":\"https:\/\/pojemnik.net.pl\/en\/produkt\/mesh-container-1200x800x1800-mm\/#breadcrumb\",\"itemListElement\":[{\"@type\":\"ListItem\",\"position\":1,\"name\":\"Strona g\u0142\u00f3wna\",\"item\":\"https:\/\/pojemnik.net.pl\/en\/\"},{\"@type\":\"ListItem\",\"position\":2,\"name\":\"Sklep\",\"item\":\"https:\/\/pojemnik.net.pl\/en\/sklep\/\"},{\"@type\":\"ListItem\",\"position\":3,\"name\":\"Mesh container 1200x800x1800 mm\"}]},{\"@type\":\"WebSite\",\"@id\":\"https:\/\/pojemnik.net.pl\/en\/#website\",\"url\":\"https:\/\/pojemnik.net.pl\/en\/\",\"name\":\"Pojemnik.net.pl - ENG Version\",\"description\":\"Pojemniki siatkowe, metalowe, skladane, palety...\",\"publisher\":{\"@id\":\"https:\/\/pojemnik.net.pl\/en\/#organization\"},\"potentialAction\":[{\"@type\":\"SearchAction\",\"target\":{\"@type\":\"EntryPoint\",\"urlTemplate\":\"https:\/\/pojemnik.net.pl\/en\/?s={search_term_string}\"},\"query-input\":\"required name=search_term_string\"}],\"inLanguage\":\"pl-PL\"},{\"@type\":\"Organization\",\"@id\":\"https:\/\/pojemnik.net.pl\/en\/#organization\",\"name\":\"Pojemnik.net.pl - ENG Version\",\"url\":\"https:\/\/pojemnik.net.pl\/en\/\",\"logo\":{\"@type\":\"ImageObject\",\"inLanguage\":\"pl-PL\",\"@id\":\"https:\/\/pojemnik.net.pl\/en\/#\/schema\/logo\/image\/\",\"url\":\"https:\/\/pojemnik.net.pl\/en\/wp-content\/uploads\/2024\/05\/cropped-logo-2.png\",\"contentUrl\":\"https:\/\/pojemnik.net.pl\/en\/wp-content\/uploads\/2024\/05\/cropped-logo-2.png\",\"width\":369,\"height\":82,\"caption\":\"Pojemnik.net.pl - ENG Version\"},\"image\":{\"@id\":\"https:\/\/pojemnik.net.pl\/en\/#\/schema\/logo\/image\/\"}}]}<\/script>\n<!-- \/ Yoast SEO plugin. -->","yoast_head_json":{"title":"Mesh container 1200x800x1800 mm - Pojemnik.net.pl - ENG Version","description":"The mesh container measuring 1200x800x1800 mm is a practical and durable solution for storing and transporting various materials in the industry.","robots":{"index":"noindex","follow":"follow","max-snippet":"max-snippet:-1","max-image-preview":"max-image-preview:large","max-video-preview":"max-video-preview:-1"},"og_locale":"pl_PL","og_type":"article","og_title":"Mesh container 1200x800x1800 mm - Pojemnik.net.pl - ENG Version","og_description":"The mesh container measuring 1200x800x1800 mm is a practical and durable solution for storing and transporting various materials in the industry.","og_url":"https:\/\/pojemnik.net.pl\/en\/produkt\/mesh-container-1200x800x1800-mm\/","og_site_name":"Pojemnik.net.pl - ENG Version","article_modified_time":"2024-05-28T11:41:40+00:00","og_image":[{"width":600,"height":600,"url":"https:\/\/pojemnik.net.pl\/en\/wp-content\/uploads\/2024\/05\/74.jpg","type":"image\/jpeg"}],"twitter_card":"summary_large_image","twitter_misc":{"Szacowany czas czytania":"2 minuty"},"schema":{"@context":"https:\/\/schema.org","@graph":[{"@type":"WebPage","@id":"https:\/\/pojemnik.net.pl\/en\/produkt\/mesh-container-1200x800x1800-mm\/","url":"https:\/\/pojemnik.net.pl\/en\/produkt\/mesh-container-1200x800x1800-mm\/","name":"Mesh container 1200x800x1800 mm - Pojemnik.net.pl - ENG Version","isPartOf":{"@id":"https:\/\/pojemnik.net.pl\/en\/#website"},"primaryImageOfPage":{"@id":"https:\/\/pojemnik.net.pl\/en\/produkt\/mesh-container-1200x800x1800-mm\/#primaryimage"},"image":{"@id":"https:\/\/pojemnik.net.pl\/en\/produkt\/mesh-container-1200x800x1800-mm\/#primaryimage"},"thumbnailUrl":"https:\/\/pojemnik.net.pl\/en\/wp-content\/uploads\/2024\/05\/74.jpg","datePublished":"2024-05-10T12:44:13+00:00","dateModified":"2024-05-28T11:41:40+00:00","description":"The mesh container measuring 1200x800x1800 mm is a practical and durable solution for storing and transporting various materials in the industry.","breadcrumb":{"@id":"https:\/\/pojemnik.net.pl\/en\/produkt\/mesh-container-1200x800x1800-mm\/#breadcrumb"},"inLanguage":"pl-PL","potentialAction":[{"@type":"ReadAction","target":["https:\/\/pojemnik.net.pl\/en\/produkt\/mesh-container-1200x800x1800-mm\/"]}]},{"@type":"ImageObject","inLanguage":"pl-PL","@id":"https:\/\/pojemnik.net.pl\/en\/produkt\/mesh-container-1200x800x1800-mm\/#primaryimage","url":"https:\/\/pojemnik.net.pl\/en\/wp-content\/uploads\/2024\/05\/74.jpg","contentUrl":"https:\/\/pojemnik.net.pl\/en\/wp-content\/uploads\/2024\/05\/74.jpg","width":600,"height":600,"caption":"Pojemnik siatkowy"},{"@type":"BreadcrumbList","@id":"https:\/\/pojemnik.net.pl\/en\/produkt\/mesh-container-1200x800x1800-mm\/#breadcrumb","itemListElement":[{"@type":"ListItem","position":1,"name":"Strona g\u0142\u00f3wna","item":"https:\/\/pojemnik.net.pl\/en\/"},{"@type":"ListItem","position":2,"name":"Sklep","item":"https:\/\/pojemnik.net.pl\/en\/sklep\/"},{"@type":"ListItem","position":3,"name":"Mesh container 1200x800x1800 mm"}]},{"@type":"WebSite","@id":"https:\/\/pojemnik.net.pl\/en\/#website","url":"https:\/\/pojemnik.net.pl\/en\/","name":"Pojemnik.net.pl - ENG Version","description":"Pojemniki siatkowe, metalowe, skladane, palety...","publisher":{"@id":"https:\/\/pojemnik.net.pl\/en\/#organization"},"potentialAction":[{"@type":"SearchAction","target":{"@type":"EntryPoint","urlTemplate":"https:\/\/pojemnik.net.pl\/en\/?s={search_term_string}"},"query-input":"required name=search_term_string"}],"inLanguage":"pl-PL"},{"@type":"Organization","@id":"https:\/\/pojemnik.net.pl\/en\/#organization","name":"Pojemnik.net.pl - ENG Version","url":"https:\/\/pojemnik.net.pl\/en\/","logo":{"@type":"ImageObject","inLanguage":"pl-PL","@id":"https:\/\/pojemnik.net.pl\/en\/#\/schema\/logo\/image\/","url":"https:\/\/pojemnik.net.pl\/en\/wp-content\/uploads\/2024\/05\/cropped-logo-2.png","contentUrl":"https:\/\/pojemnik.net.pl\/en\/wp-content\/uploads\/2024\/05\/cropped-logo-2.png","width":369,"height":82,"caption":"Pojemnik.net.pl - ENG Version"},"image":{"@id":"https:\/\/pojemnik.net.pl\/en\/#\/schema\/logo\/image\/"}}]}},"uagb_featured_image_src":{"full":["https:\/\/pojemnik.net.pl\/en\/wp-content\/uploads\/2024\/05\/74.jpg",600,600,false],"thumbnail":["https:\/\/pojemnik.net.pl\/en\/wp-content\/uploads\/2024\/05\/74-150x150.jpg",150,150,true],"medium":["https:\/\/pojemnik.net.pl\/en\/wp-content\/uploads\/2024\/05\/74-300x300.jpg",300,300,true],"medium_large":["https:\/\/pojemnik.net.pl\/en\/wp-content\/uploads\/2024\/05\/74.jpg",600,600,false],"large":["https:\/\/pojemnik.net.pl\/en\/wp-content\/uploads\/2024\/05\/74.jpg",600,600,false],"1536x1536":["https:\/\/pojemnik.net.pl\/en\/wp-content\/uploads\/2024\/05\/74.jpg",600,600,false],"2048x2048":["https:\/\/pojemnik.net.pl\/en\/wp-content\/uploads\/2024\/05\/74.jpg",600,600,false],"woocommerce_thumbnail":["https:\/\/pojemnik.net.pl\/en\/wp-content\/uploads\/2024\/05\/74-300x300.jpg",300,300,true],"woocommerce_single":["https:\/\/pojemnik.net.pl\/en\/wp-content\/uploads\/2024\/05\/74.jpg",600,600,false],"woocommerce_gallery_thumbnail":["https:\/\/pojemnik.net.pl\/en\/wp-content\/uploads\/2024\/05\/74-100x100.jpg",100,100,true]},"uagb_author_info":{"display_name":"Adam","author_link":"https:\/\/pojemnik.net.pl\/en\/author\/"},"uagb_comment_info":0,"uagb_excerpt":"Dimensions: 1200x800x1800 mm. Weight: 75 kg Load capacity: 500 kg The wheeled container with O100 wheels, zinc-coated, front wall divided in half, completely detachable","_links":{"self":[{"href":"https:\/\/pojemnik.net.pl\/en\/wp-json\/wp\/v2\/product\/1534"}],"collection":[{"href":"https:\/\/pojemnik.net.pl\/en\/wp-json\/wp\/v2\/product"}],"about":[{"href":"https:\/\/pojemnik.net.pl\/en\/wp-json\/wp\/v2\/types\/product"}],"wp:featuredmedia":[{"embeddable":true,"href":"https:\/\/pojemnik.net.pl\/en\/wp-json\/wp\/v2\/media\/1535"}],"wp:attachment":[{"href":"https:\/\/pojemnik.net.pl\/en\/wp-json\/wp\/v2\/media?parent=1534"}],"wp:term":[{"taxonomy":"product_cat","embeddable":true,"href":"https:\/\/pojemnik.net.pl\/en\/wp-json\/wp\/v2\/product_cat?post=1534"},{"taxonomy":"product_tag","embeddable":true,"href":"https:\/\/pojemnik.net.pl\/en\/wp-json\/wp\/v2\/product_tag?post=1534"}],"curies":[{"name":"wp","href":"https:\/\/api.w.org\/{rel}","templated":true}]}}