{"id":118,"date":"2024-05-09T09:33:35","date_gmt":"2024-05-09T09:33:35","guid":{"rendered":"https:\/\/pojemnik.net.pl\/en\/about\/"},"modified":"2024-05-28T10:52:35","modified_gmt":"2024-05-28T10:52:35","slug":"container-production-company","status":"publish","type":"page","link":"https:\/\/pojemnik.net.pl\/en\/container-production-company\/","title":{"rendered":"Container Production &#8211; Company"},"content":{"rendered":"\n<div class=\"wp-block-uagb-container uagb-block-7fa683e6 alignfull uagb-is-root-container\"><div class=\"uagb-container-inner-blocks-wrap\">\n<div class=\"wp-block-uagb-advanced-heading uagb-block-74b342eb\"><h1 class=\"uagb-heading-text\">Container Production<\/h1><\/div>\n<\/div><\/div>\n\n\n\n<div class=\"wp-block-uagb-container uagb-block-94ded581 alignfull uagb-is-root-container\"><div class=\"uagb-container-inner-blocks-wrap\">\n<div class=\"wp-block-uagb-advanced-heading uagb-block-671f3570\"><h2 class=\"uagb-heading-text\">Manufacturing, Trading, and Service Enterprise &#8222;Sp\u00f3jnia&#8221;<\/h2><\/div>\n\n\n\n<div class=\"wp-block-uagb-container uagb-block-21891d52\">\n<div class=\"wp-block-uagb-container uagb-block-8a4a99e4\">\n<div class=\"wp-block-uagb-image alignleft uagb-block-e71a6b83 wp-block-uagb-image--layout-default wp-block-uagb-image--effect-static wp-block-uagb-image--align-left\"><figure class=\"wp-block-uagb-image__figure\"><img decoding=\"async\" srcset=\"https:\/\/pojemnik.net.pl\/en\/wp-content\/uploads\/2024\/05\/producent-pojemnikow-slider-1024x683.jpg ,https:\/\/pojemnik.net.pl\/en\/wp-content\/uploads\/2024\/05\/producent-pojemnikow-slider-scaled.jpg 780w, https:\/\/pojemnik.net.pl\/en\/wp-content\/uploads\/2024\/05\/producent-pojemnikow-slider-scaled.jpg 360w\" sizes=\"(max-width: 480px) 150px\" src=\"https:\/\/pojemnik.net.pl\/en\/wp-content\/uploads\/2024\/05\/producent-pojemnikow-slider-1024x683.jpg\" alt=\"\" class=\"uag-image-1601\" width=\"536\" height=\"700\" title=\"Man Show Laptop Notebook Device\" loading=\"lazy\" role=\"img\"\/><\/figure><\/div>\n<\/div>\n\n\n\n<div class=\"wp-block-uagb-container uagb-block-7e959f87\">\n<div class=\"wp-block-uagb-info-box uagb-block-4960c374 uagb-infobox__content-wrap  uagb-infobox-icon-above-title uagb-infobox-image-valign-top\"><div class=\"uagb-ifb-content\"><div class=\"uagb-ifb-title-wrap\"><h3 class=\"uagb-ifb-title\">Manufacturing, Trading, and Service Enterprise &#8222;Sp\u00f3jnia&#8221; is a leading manufacturer of mesh and solid containers, operating in the market since 1989. Our company boasts rich experience and expert knowledge gained over these decades, resulting in unparalleled quality of our products and services.<br><\/h3><\/div><p class=\"uagb-ifb-desc\">Our offer is the result of years of work and constant efforts to improve our products to meet the expectations of even the most demanding customers. Our goal is to provide solutions that not only meet but exceed the expectations of our customers.<br><br>Thanks to our wide range of products, everyone can find the perfect container to meet their needs. Whether you need a container for storage, transportation, or product presentation, we are ready to meet your expectations. Our team of specialists is ready to assist in selecting the best solution tailored to the individual needs of each customer.<br><br>We encourage you to explore our commercial offer and experience the uniqueness of our products. We operate with passion and commitment to provide our customers with the best solutions on the container market. Join the ranks of our satisfied customers today!<\/p><\/div><\/div>\n<\/div>\n<\/div>\n<\/div><\/div>\n\n\n\n<div class=\"wp-block-uagb-container uagb-block-cc344175 alignfull uagb-is-root-container\"><div class=\"uagb-container-inner-blocks-wrap\">\n<div class=\"wp-block-uagb-advanced-heading uagb-block-7b2294a3\"><h2 class=\"uagb-heading-text\">The strengths of our company<\/h2><p class=\"uagb-desc-text\"><strong>Sp\u00f3jnia has many advantages. We encourage you to familiarize yourself with our most important ones.<\/strong><\/p><\/div>\n\n\n\n<div class=\"wp-block-uagb-container uagb-block-ecb8dade\">\n<div class=\"wp-block-uagb-advanced-heading uagb-block-bef7d43a\"><h3 class=\"uagb-heading-text\">Rich experience<\/h3><p class=\"uagb-desc-text\">In 1992, we began <a href=\"https:\/\/pojemnik.net.pl\/lokalizacja\/\">producing containers<\/a>. Today, our offer includes solid metal containers, mesh (collapsible) containers, and other containers.<br><br>We tailor our assortment to meet customer expectations. We zinc-coat, spray paint, or electrostatically paint the containers.<\/p><\/div>\n\n\n\n<div class=\"wp-block-uagb-advanced-heading uagb-block-b863782d\"><h3 class=\"uagb-heading-text\">Wide range of products<\/h3><p class=\"uagb-desc-text\"><strong>Pojemniki sk\u0142adane<\/strong>, siatkowe, a mo\u017ce takie na k\u00f3\u0142kach? Znajd\u0105 u nas Pa\u0144stwo wszystkie te produkty i znacznie wi\u0119cej. Ju\u017c od wielu lat specjalizujemy si\u0119 w produkcji pojemnik\u00f3w. Dzi\u0119ki temu mo\u017cemy zaproponowa\u0107 Pa\u0144stwu bogaty wyb\u00f3r r\u00f3\u017cnego rodzaju kontener\u00f3w z uchylnymi klapami, pojemnik\u00f3w siatkowych sta\u0142ych i sk\u0142adanych oraz palet metalowych.<\/p><\/div>\n\n\n\n<div class=\"wp-block-uagb-advanced-heading uagb-block-9f890ad2\"><h3 class=\"uagb-heading-text\">Tailoring to customer needs<\/h3><p class=\"uagb-desc-text\"><strong>The collapsible containers<\/strong>, as well as the <a href=\"https:\/\/pojemnik.net.pl\/sklep\/\">solid and mesh containers<\/a> from our offer, come in various load capacities. This allows every customer to purchase containers that meet their own preferences and needs.<\/p><\/div>\n<\/div>\n<\/div><\/div>\n\n\n\n<div class=\"wp-block-uagb-container uagb-block-c84325e4 alignfull uagb-is-root-container\"><div class=\"uagb-container-inner-blocks-wrap\">\n<div class=\"wp-block-uagb-info-box uagb-block-d8a09d88 uagb-infobox__content-wrap  uagb-infobox-icon-above-title uagb-infobox-image-valign-top\"><div class=\"uagb-ifb-content\"><div class=\"uagb-ifb-title-wrap\"><h2 class=\"uagb-ifb-title\">Take advantage of our offer.<\/h2><\/div><p class=\"uagb-ifb-desc\">Check out our full range of containers online. We also fulfill custom orders.<br>Contact us today!<\/p><div class=\"uagb-ifb-button-wrapper wp-block-button\"><a href=\"https:\/\/pojemnik.net.pl\/en\/manufacturer-of-metal-containers-contact\/\" class=\"uagb-infobox-cta-link wp-block-button__link\" target=\"_self\" rel=\"noopener noreferrer\" onclick=\"return true;\" alt=\"\"><span class=\"uagb-inline-editing\">Order Now<\/span><\/a><\/div><\/div><\/div>\n<\/div><\/div>\n","protected":false},"excerpt":{"rendered":"<p>Container Production Manufacturing, Trading, and Service Enterprise &#8222;Sp\u00f3jnia&#8221; The strengths of our company Sp\u00f3jnia has many advantages. We encourage you [&hellip;]<\/p>\n","protected":false},"author":1,"featured_media":0,"parent":0,"menu_order":0,"comment_status":"closed","ping_status":"closed","template":"","meta":{"_uag_custom_page_level_css":"","site-sidebar-layout":"default","site-content-layout":"","ast-site-content-layout":"default","site-content-style":"default","site-sidebar-style":"default","ast-global-header-display":"","ast-banner-title-visibility":"","ast-main-header-display":"","ast-hfb-above-header-display":"","ast-hfb-below-header-display":"","ast-hfb-mobile-header-display":"","site-post-title":"disabled","ast-breadcrumbs-content":"","ast-featured-img":"","footer-sml-layout":"","theme-transparent-header-meta":"enabled","adv-header-id-meta":"","stick-header-meta":"","header-above-stick-meta":"","header-main-stick-meta":"","header-below-stick-meta":"","astra-migrate-meta-layouts":"set","ast-page-background-enabled":"default","ast-page-background-meta":{"desktop":{"background-color":"var(--ast-global-color-4)","background-image":"","background-repeat":"repeat","background-position":"center center","background-size":"auto","background-attachment":"scroll","background-type":"","background-media":"","overlay-type":"","overlay-color":"","overlay-gradient":""},"tablet":{"background-color":"","background-image":"","background-repeat":"repeat","background-position":"center center","background-size":"auto","background-attachment":"scroll","background-type":"","background-media":"","overlay-type":"","overlay-color":"","overlay-gradient":""},"mobile":{"background-color":"","background-image":"","background-repeat":"repeat","background-position":"center center","background-size":"auto","background-attachment":"scroll","background-type":"","background-media":"","overlay-type":"","overlay-color":"","overlay-gradient":""}},"ast-content-background-meta":{"desktop":{"background-color":"var(--ast-global-color-5)","background-image":"","background-repeat":"repeat","background-position":"center center","background-size":"auto","background-attachment":"scroll","background-type":"","background-media":"","overlay-type":"","overlay-color":"","overlay-gradient":""},"tablet":{"background-color":"var(--ast-global-color-5)","background-image":"","background-repeat":"repeat","background-position":"center center","background-size":"auto","background-attachment":"scroll","background-type":"","background-media":"","overlay-type":"","overlay-color":"","overlay-gradient":""},"mobile":{"background-color":"var(--ast-global-color-5)","background-image":"","background-repeat":"repeat","background-position":"center center","background-size":"auto","background-attachment":"scroll","background-type":"","background-media":"","overlay-type":"","overlay-color":"","overlay-gradient":""}},"footnotes":""},"yoast_head":"<!-- This site is optimized with the Yoast SEO plugin v22.7 - https:\/\/yoast.com\/wordpress\/plugins\/seo\/ -->\n<title>Container Production - Company - Pojemnik.net.pl - ENG Version<\/title>\n<meta name=\"description\" content=\"Container Production - Explore our history based on professionalism, expert knowledge, and years of experience.\" \/>\n<meta name=\"robots\" content=\"noindex, follow, max-snippet:-1, max-image-preview:large, max-video-preview:-1\" \/>\n<meta property=\"og:locale\" content=\"pl_PL\" \/>\n<meta property=\"og:type\" content=\"article\" \/>\n<meta property=\"og:title\" content=\"Container Production - Company - Pojemnik.net.pl - ENG Version\" \/>\n<meta property=\"og:description\" content=\"Container Production - Explore our history based on professionalism, expert knowledge, and years of experience.\" \/>\n<meta property=\"og:url\" content=\"https:\/\/pojemnik.net.pl\/en\/container-production-company\/\" \/>\n<meta property=\"og:site_name\" content=\"Pojemnik.net.pl - ENG Version\" \/>\n<meta property=\"article:modified_time\" content=\"2024-05-28T10:52:35+00:00\" \/>\n<meta property=\"og:image\" content=\"https:\/\/pojemnik.net.pl\/en\/wp-content\/uploads\/2024\/05\/producent-pojemnikow-slider-1024x683.jpg\" \/>\n<meta name=\"twitter:card\" content=\"summary_large_image\" \/>\n<meta name=\"twitter:label1\" content=\"Szacowany czas czytania\" \/>\n\t<meta name=\"twitter:data1\" content=\"3 minuty\" \/>\n<script type=\"application\/ld+json\" class=\"yoast-schema-graph\">{\"@context\":\"https:\/\/schema.org\",\"@graph\":[{\"@type\":\"WebPage\",\"@id\":\"https:\/\/pojemnik.net.pl\/en\/container-production-company\/\",\"url\":\"https:\/\/pojemnik.net.pl\/en\/container-production-company\/\",\"name\":\"Container Production - Company - Pojemnik.net.pl - ENG Version\",\"isPartOf\":{\"@id\":\"https:\/\/pojemnik.net.pl\/en\/#website\"},\"primaryImageOfPage\":{\"@id\":\"https:\/\/pojemnik.net.pl\/en\/container-production-company\/#primaryimage\"},\"image\":{\"@id\":\"https:\/\/pojemnik.net.pl\/en\/container-production-company\/#primaryimage\"},\"thumbnailUrl\":\"https:\/\/pojemnik.net.pl\/en\/wp-content\/uploads\/2024\/05\/producent-pojemnikow-slider-1024x683.jpg\",\"datePublished\":\"2024-05-09T09:33:35+00:00\",\"dateModified\":\"2024-05-28T10:52:35+00:00\",\"description\":\"Container Production - Explore our history based on professionalism, expert knowledge, and years of experience.\",\"breadcrumb\":{\"@id\":\"https:\/\/pojemnik.net.pl\/en\/container-production-company\/#breadcrumb\"},\"inLanguage\":\"pl-PL\",\"potentialAction\":[{\"@type\":\"ReadAction\",\"target\":[\"https:\/\/pojemnik.net.pl\/en\/container-production-company\/\"]}]},{\"@type\":\"ImageObject\",\"inLanguage\":\"pl-PL\",\"@id\":\"https:\/\/pojemnik.net.pl\/en\/container-production-company\/#primaryimage\",\"url\":\"https:\/\/pojemnik.net.pl\/en\/wp-content\/uploads\/2024\/05\/producent-pojemnikow-slider-1024x683.jpg\",\"contentUrl\":\"https:\/\/pojemnik.net.pl\/en\/wp-content\/uploads\/2024\/05\/producent-pojemnikow-slider-1024x683.jpg\"},{\"@type\":\"BreadcrumbList\",\"@id\":\"https:\/\/pojemnik.net.pl\/en\/container-production-company\/#breadcrumb\",\"itemListElement\":[{\"@type\":\"ListItem\",\"position\":1,\"name\":\"Strona g\u0142\u00f3wna\",\"item\":\"https:\/\/pojemnik.net.pl\/en\/\"},{\"@type\":\"ListItem\",\"position\":2,\"name\":\"Container Production &#8211; Company\"}]},{\"@type\":\"WebSite\",\"@id\":\"https:\/\/pojemnik.net.pl\/en\/#website\",\"url\":\"https:\/\/pojemnik.net.pl\/en\/\",\"name\":\"Pojemnik.net.pl - ENG Version\",\"description\":\"Pojemniki siatkowe, metalowe, skladane, palety...\",\"publisher\":{\"@id\":\"https:\/\/pojemnik.net.pl\/en\/#organization\"},\"potentialAction\":[{\"@type\":\"SearchAction\",\"target\":{\"@type\":\"EntryPoint\",\"urlTemplate\":\"https:\/\/pojemnik.net.pl\/en\/?s={search_term_string}\"},\"query-input\":\"required name=search_term_string\"}],\"inLanguage\":\"pl-PL\"},{\"@type\":\"Organization\",\"@id\":\"https:\/\/pojemnik.net.pl\/en\/#organization\",\"name\":\"Pojemnik.net.pl - ENG Version\",\"url\":\"https:\/\/pojemnik.net.pl\/en\/\",\"logo\":{\"@type\":\"ImageObject\",\"inLanguage\":\"pl-PL\",\"@id\":\"https:\/\/pojemnik.net.pl\/en\/#\/schema\/logo\/image\/\",\"url\":\"https:\/\/pojemnik.net.pl\/en\/wp-content\/uploads\/2024\/05\/cropped-logo-2.png\",\"contentUrl\":\"https:\/\/pojemnik.net.pl\/en\/wp-content\/uploads\/2024\/05\/cropped-logo-2.png\",\"width\":369,\"height\":82,\"caption\":\"Pojemnik.net.pl - ENG Version\"},\"image\":{\"@id\":\"https:\/\/pojemnik.net.pl\/en\/#\/schema\/logo\/image\/\"}}]}<\/script>\n<!-- \/ Yoast SEO plugin. -->","yoast_head_json":{"title":"Container Production - Company - Pojemnik.net.pl - ENG Version","description":"Container Production - Explore our history based on professionalism, expert knowledge, and years of experience.","robots":{"index":"noindex","follow":"follow","max-snippet":"max-snippet:-1","max-image-preview":"max-image-preview:large","max-video-preview":"max-video-preview:-1"},"og_locale":"pl_PL","og_type":"article","og_title":"Container Production - Company - Pojemnik.net.pl - ENG Version","og_description":"Container Production - Explore our history based on professionalism, expert knowledge, and years of experience.","og_url":"https:\/\/pojemnik.net.pl\/en\/container-production-company\/","og_site_name":"Pojemnik.net.pl - ENG Version","article_modified_time":"2024-05-28T10:52:35+00:00","og_image":[{"url":"https:\/\/pojemnik.net.pl\/en\/wp-content\/uploads\/2024\/05\/producent-pojemnikow-slider-1024x683.jpg"}],"twitter_card":"summary_large_image","twitter_misc":{"Szacowany czas czytania":"3 minuty"},"schema":{"@context":"https:\/\/schema.org","@graph":[{"@type":"WebPage","@id":"https:\/\/pojemnik.net.pl\/en\/container-production-company\/","url":"https:\/\/pojemnik.net.pl\/en\/container-production-company\/","name":"Container Production - Company - Pojemnik.net.pl - ENG Version","isPartOf":{"@id":"https:\/\/pojemnik.net.pl\/en\/#website"},"primaryImageOfPage":{"@id":"https:\/\/pojemnik.net.pl\/en\/container-production-company\/#primaryimage"},"image":{"@id":"https:\/\/pojemnik.net.pl\/en\/container-production-company\/#primaryimage"},"thumbnailUrl":"https:\/\/pojemnik.net.pl\/en\/wp-content\/uploads\/2024\/05\/producent-pojemnikow-slider-1024x683.jpg","datePublished":"2024-05-09T09:33:35+00:00","dateModified":"2024-05-28T10:52:35+00:00","description":"Container Production - Explore our history based on professionalism, expert knowledge, and years of experience.","breadcrumb":{"@id":"https:\/\/pojemnik.net.pl\/en\/container-production-company\/#breadcrumb"},"inLanguage":"pl-PL","potentialAction":[{"@type":"ReadAction","target":["https:\/\/pojemnik.net.pl\/en\/container-production-company\/"]}]},{"@type":"ImageObject","inLanguage":"pl-PL","@id":"https:\/\/pojemnik.net.pl\/en\/container-production-company\/#primaryimage","url":"https:\/\/pojemnik.net.pl\/en\/wp-content\/uploads\/2024\/05\/producent-pojemnikow-slider-1024x683.jpg","contentUrl":"https:\/\/pojemnik.net.pl\/en\/wp-content\/uploads\/2024\/05\/producent-pojemnikow-slider-1024x683.jpg"},{"@type":"BreadcrumbList","@id":"https:\/\/pojemnik.net.pl\/en\/container-production-company\/#breadcrumb","itemListElement":[{"@type":"ListItem","position":1,"name":"Strona g\u0142\u00f3wna","item":"https:\/\/pojemnik.net.pl\/en\/"},{"@type":"ListItem","position":2,"name":"Container Production &#8211; Company"}]},{"@type":"WebSite","@id":"https:\/\/pojemnik.net.pl\/en\/#website","url":"https:\/\/pojemnik.net.pl\/en\/","name":"Pojemnik.net.pl - ENG Version","description":"Pojemniki siatkowe, metalowe, skladane, palety...","publisher":{"@id":"https:\/\/pojemnik.net.pl\/en\/#organization"},"potentialAction":[{"@type":"SearchAction","target":{"@type":"EntryPoint","urlTemplate":"https:\/\/pojemnik.net.pl\/en\/?s={search_term_string}"},"query-input":"required name=search_term_string"}],"inLanguage":"pl-PL"},{"@type":"Organization","@id":"https:\/\/pojemnik.net.pl\/en\/#organization","name":"Pojemnik.net.pl - ENG Version","url":"https:\/\/pojemnik.net.pl\/en\/","logo":{"@type":"ImageObject","inLanguage":"pl-PL","@id":"https:\/\/pojemnik.net.pl\/en\/#\/schema\/logo\/image\/","url":"https:\/\/pojemnik.net.pl\/en\/wp-content\/uploads\/2024\/05\/cropped-logo-2.png","contentUrl":"https:\/\/pojemnik.net.pl\/en\/wp-content\/uploads\/2024\/05\/cropped-logo-2.png","width":369,"height":82,"caption":"Pojemnik.net.pl - ENG Version"},"image":{"@id":"https:\/\/pojemnik.net.pl\/en\/#\/schema\/logo\/image\/"}}]}},"uagb_featured_image_src":{"full":false,"thumbnail":false,"medium":false,"medium_large":false,"large":false,"1536x1536":false,"2048x2048":false,"woocommerce_thumbnail":false,"woocommerce_single":false,"woocommerce_gallery_thumbnail":false},"uagb_author_info":{"display_name":"admin","author_link":"https:\/\/pojemnik.net.pl\/en\/author\/admin\/"},"uagb_comment_info":0,"uagb_excerpt":"Container Production Manufacturing, Trading, and Service Enterprise &#8222;Sp\u00f3jnia&#8221; The strengths of our company Sp\u00f3jnia has many advantages. We encourage you [&hellip;]","_links":{"self":[{"href":"https:\/\/pojemnik.net.pl\/en\/wp-json\/wp\/v2\/pages\/118"}],"collection":[{"href":"https:\/\/pojemnik.net.pl\/en\/wp-json\/wp\/v2\/pages"}],"about":[{"href":"https:\/\/pojemnik.net.pl\/en\/wp-json\/wp\/v2\/types\/page"}],"author":[{"embeddable":true,"href":"https:\/\/pojemnik.net.pl\/en\/wp-json\/wp\/v2\/users\/1"}],"replies":[{"embeddable":true,"href":"https:\/\/pojemnik.net.pl\/en\/wp-json\/wp\/v2\/comments?post=118"}],"version-history":[{"count":12,"href":"https:\/\/pojemnik.net.pl\/en\/wp-json\/wp\/v2\/pages\/118\/revisions"}],"predecessor-version":[{"id":1986,"href":"https:\/\/pojemnik.net.pl\/en\/wp-json\/wp\/v2\/pages\/118\/revisions\/1986"}],"wp:attachment":[{"href":"https:\/\/pojemnik.net.pl\/en\/wp-json\/wp\/v2\/media?parent=118"}],"curies":[{"name":"wp","href":"https:\/\/api.w.org\/{rel}","templated":true}]}}